{"id":86,"date":"2020-10-07T09:12:02","date_gmt":"2020-10-07T14:12:02","guid":{"rendered":"https:\/\/buscarte.coomeva.com.co\/register\/"},"modified":"2024-07-17T19:12:28","modified_gmt":"2024-07-18T00:12:28","slug":"registro","status":"publish","type":"page","link":"https:\/\/recreacionyturismo.coomeva.com.co\/copa-america\/registro\/","title":{"rendered":"Registro"},"content":{"rendered":"<p><section class=\"kc-elm kc-css-223891 kc_row\"><div class=\"kc-row-container  kc-container\"><div class=\"kc-wrap-columns\"><\/div><\/div><\/section><section class=\"kc-elm kc-css-315406 kc_row\"><div class=\"kc-row-container  kc-container\"><div class=\"kc-wrap-columns\"><div class=\"kc-elm kc-css-625945 kc_col-sm-12 kc_column kc_col-sm-12\"><div class=\"kc-col-container\"><div class=\"kc-elm kc-css-615739\" style=\"height: 20px; clear: both; width:100%;\"><\/div><div class=\"kc-elm kc-css-501580 kc-raw-code\"><div class=\"uwp-register-class bsui sdel-240aa5ef\" ><div class=\"uwp_widgets uwp_widget_register\"><div class=\"uwp_page wpbs\">    <div class=\"row\">\n        <div class=\"card mx-auto container-fluid p-0 border-0\" >\n\t\t\t            <div class=\"card-body\">\n\t\t\t\t<h3 class=\"card-title text-center mb-4\">Registro<\/h3>\n                <form class=\"uwp-registration-form uwp_form\" method=\"post\" enctype=\"multipart\/form-data\">\n\t\t\t\t\t<div data-argument=\"username\" class=\"form-group\"  ><label  for=\"username\"  class=\"sr-only  \" >N\u00famero de documento <span class=\"text-danger\">*<\/span><\/label><input type=\"text\"  name=\"username\"  id=\"username\"  placeholder=\"N\u00famero de documento *\"  title=\"N\u00famero de documento\"  required  class=\"form-control \"  ><\/div><div data-argument=\"email\" class=\"form-group\"  ><label  for=\"email\"  class=\"sr-only  \" >Email <span class=\"text-danger\">*<\/span><\/label><input type=\"email\"  name=\"email\"  id=\"email\"  placeholder=\"Email *\"  title=\"Email\"  required  class=\"form-control \"  ><\/div><div data-argument=\"first_name\" class=\"form-group\"  ><label  for=\"first_name\"  class=\"sr-only  \" >Nombre <span class=\"text-danger\">*<\/span><\/label><input type=\"text\"  name=\"first_name\"  id=\"first_name\"  placeholder=\"Nombre *\"  title=\"Nombre\"  required  class=\"form-control \"  ><\/div><div data-argument=\"last_name\" class=\"form-group\"  ><label  for=\"last_name\"  class=\"sr-only  \" >Apellido <span class=\"text-danger\">*<\/span><\/label><input type=\"text\"  name=\"last_name\"  id=\"last_name\"  placeholder=\"Apellido *\"  title=\"Apellido\"  required  class=\"form-control \"  ><\/div><div data-argument=\"telefono\" class=\"form-group\"  ><label  for=\"telefono\"  class=\"sr-only  \" >Tel\u00e9fono <span class=\"text-danger\">*<\/span><\/label><input type=\"tel\"  name=\"telefono\"  id=\"telefono\"  placeholder=\"Tel\u00e9fono *\"  title=\"Tel\u00e9fono\"  required  class=\"form-control \"  ><\/div><div data-argument=\"password\" class=\"form-group  uwp-password-wrap\"  ><label  for=\"password\"  class=\"sr-only  \" >Contrase\u00f1a <span class=\"text-danger\">*<\/span><\/label><div class=\"input-group\"  ><input type=\"password\"  name=\"password\"  id=\"password\"  placeholder=\"Contrase\u00f1a *\"  title=\"Contrase\u00f1a\"  required  class=\"form-control \"  ><div class=\"input-group-append \" style=\"top:0;right:0;\"><span class=\"input-group-text c-pointer px-3\" \nonclick=\"var $el = jQuery(this).find('i');$el.toggleClass('fa-eye fa-eye-slash');\nvar $eli = jQuery(this).parent().parent().find('input');\nif($el.hasClass('fa-eye'))\n{$eli.attr('type','text');}\nelse{$eli.attr('type','password');}\"\n><i class=\"far fa-fw fa-eye-slash\"><\/i><\/span><\/div><\/div><\/div><div data-argument=\"confirm_password\" class=\"form-group  uwp-password-wrap\"  ><label  for=\"confirm_password\"  class=\"sr-only  \" >Confirmar contrase\u00f1a <span class=\"text-danger\">*<\/span><\/label><div class=\"input-group\"  ><input type=\"password\"  name=\"confirm_password\"  id=\"confirm_password\"  placeholder=\"Confirmar contrase\u00f1a *\"  title=\"Confirmar contrase\u00f1a\"  required  class=\"form-control \"  ><div class=\"input-group-append \" style=\"top:0;right:0;\"><span class=\"input-group-text c-pointer px-3\" \nonclick=\"var $el = jQuery(this).find('i');$el.toggleClass('fa-eye fa-eye-slash');\nvar $eli = jQuery(this).parent().parent().find('input');\nif($el.hasClass('fa-eye'))\n{$eli.attr('type','text');}\nelse{$eli.attr('type','password');}\"\n><i class=\"far fa-fw fa-eye-slash\"><\/i><\/span><\/div><\/div><\/div><input type=\"hidden\" name=\"register_tos\" id=\"checkbox_register_tos\" value=\"0\"\/><div data-argument=\"register_tos\" class=\"form-group btn-register-tos\"  ><div class=\"custom-control custom-checkbox\"  ><input type=\"hidden\" name=\"register_tos\" value=\"0\" \/><input type=\"checkbox\"  name=\"register_tos\"  id=\"register_tos\"  title=\"He le\u00eddo y acepto los T\u00e9rminos y condiciones\"  value=\"1\"  required  class=\"form-control  custom-control-input c-pointer \"  ><label  for=\"register_tos\"  class=\"  custom-control-label\" >I accept the <a href=\"https:\/\/recreacionyturismo.coomeva.com.co\/copa-america\/terminos-y-condiciones\/\" target=\"_blank\"> He le\u00eddo y acepto los T\u00e9rminos y condiciones <\/a>. <span class=\"text-danger\">*<\/span><\/label><\/div><\/div><input type=\"hidden\" name=\"politica_datos_personales\" id=\"checkbox_politica_datos_personales\" value=\"0\"\/><div data-argument=\"politica_datos_personales\" class=\"form-group\"  ><div class=\"custom-control custom-checkbox\"  ><input type=\"hidden\" name=\"politica_datos_personales\" value=\"0\" \/><input type=\"checkbox\"  name=\"politica_datos_personales\"  id=\"politica_datos_personales\"  title=\"Acepto que: al registrarse en la plataforma de Coomeva - Recreaci\u00f3n y Turismo, y en calidad de titular de la informaci\u00f3n autoriza a la Cooperativa M\u00e9dica del Valle y de Profesionales de Colombia \u2013 COOMEVA y sus sucesores o cesionarias para que traten la i\"  value=\"1\"  class=\"form-control  custom-control-input c-pointer \"  ><label  for=\"politica_datos_personales\"  class=\"  custom-control-label\" >Acepto que: al registrarse en la plataforma de Coomeva - Recreaci\u00f3n y Turismo, y en calidad de titular de la informaci\u00f3n autoriza a la Cooperativa M\u00e9dica del Valle y de Profesionales de Colombia \u2013 COOMEVA y sus sucesores o cesionarias para que traten la i<\/label><\/div><\/div><input type=\"hidden\" name=\"redirect_to\" value=\"https:\/\/recreacionyturismo.coomeva.com.co\/copa-america\"\/><input type=\"hidden\" name=\"uwp_register_hash\" value=\"c3d07354a859a19aab662647b\" style=\"display:none !important; visibility:hidden !important;\" \/><input type=\"hidden\" name=\"uwp_register_hp\" value=\"\" style=\"display:none !important; visibility:hidden !important;\" size=\"25\" autocomplete=\"off\" \/><input type=\"hidden\" name=\"uwp_register_nonce\" value=\"cf92697dfa\" \/><input type=\"hidden\" name=\"uwp_register_form_id\" value=\"1\"><div class=\"form-group\"  ><input type=\"submit\"  name=\"uwp_register_submit\"  value=\"Crear una cuenta\"  class=\"form-control btn btn-primary btn-block text-uppercase uwp_register_submit\"  ><\/div>                <\/form>\n\n                <div class=\"uwp-footer-links\">\n                    <div class=\"uwp-footer-link\">\n\t\t\t\t\t\t<a href=\"https:\/\/recreacionyturismo.coomeva.com.co\/copa-america\/acceso\/\" class=\"d-block text-center mt-2 small uwp-login-link\"  rel=\"nofollow\"  >Iniciar sesi\u00f3n<\/a>\n                    <\/div>\n                <\/div>\n\n                <div class=\"form-group text-center mb-0 p-0\">\n\t\t\t\t\t                <\/div>\n\n            <\/div>\n        <\/div>\n    <\/div>\n<\/div><\/div>\t<script>\n        jQuery( document ).ready( function( $ ) {\n\n            $( 'body' ).on( 'keyup', 'input[name=password], input[name=confirm_password]',\n                function( event ) {\n                    var $form = $(this).closest('form');\n                    if( ! $form.hasClass('uwp-login-form') ) {\n                        uwp_checkPasswordStrength(\n                            $('input[name=password]', $form),         \/\/ First password field\n                            $('input[name=confirm_password]', $form), \/\/ Second password field\n                            $('#uwp-password-strength', $form),           \/\/ Strength meter\n                            $('input[type=submit]', $form),           \/\/ Submit button\n                            ['black', 'listed', 'word']        \/\/ Blacklisted words\n                        );\n                    }\n                }\n            );\n        });\n\t<\/script>\n\t<\/div><\/div><\/div><\/div><\/div><\/div><\/section><section class=\"kc-elm kc-css-982083 kc_row\"><div class=\"kc-row-container  kc-container\"><div class=\"kc-wrap-columns\"><div class=\"kc-elm kc-css-909559 kc_col-sm-12 kc_column kc_col-sm-12\"><div class=\"kc-col-container\"><div class=\"kc-elm kc-css-180033 kc-raw-code\"><div id=\"respuesta\" class=\"alert alert-light\"><\/div><\/div><div class=\"kc-elm kc-css-638620 kc-raw-code\"><style type=\"text\/css\">\r\n.disabled{\r\n    background-color: #eee !important;\r\n    cursor: not-allowed;\r\n    color: #333 !important;\r\n}\r\n<\/style><\/div><div class=\"kc-elm kc-css-807489 kc-raw-code\"><script>\r\ndocument.addEventListener('DOMContentLoaded', function() {\r\n\t\t\r\ndocument.getElementById(\"username\").setAttribute(\"oninput\",\"event.target.value = event.target.value.replace(\/[^0-9]*\/g,'');\");\r\n\tdocument.getElementById(\"username\").setAttribute(\"onkeyup\",\"consultaAsociado();\");\r\n\t\tdeshabilitarCampos();\r\n\t}, false);\r\n<\/script><\/div><div class=\"kc-elm kc-css-34969 kc-raw-code\"><script>\r\ndocument.addEventListener('DOMContentLoaded', function() {\r\n\t\t\r\ndocument.getElementsByTagName(\"label\")[7].innerHTML = \"He le\u00eddo y acepto los <a target='_blank' href='https:\/\/recreacionyturismo.coomeva.com.co\/copa-america\/terminos-y-condiciones\/'>T\u00e9rminos y condiciones del concurso.<\/a>\";\r\n\r\ndocument.getElementsByTagName(\"label\")[8].innerHTML = \"Acepto que: al registrarse en la plataforma de Coomeva - Recreaci\u00f3n y Turismo, y en calidad de titular de la informaci\u00f3n autoriza a la Cooperativa M\u00e9dica del Valle y de Profesionales de Colombia \u2013 COOMEVA y sus sucesores o cesionarias para que traten la informaci\u00f3n suministrada de acuerdo a la <a target='_blank' href='https:\/\/www.coomeva.com.co\/descargar.php?idFile=27261'>Pol\u00edtica de Protecci\u00f3n de Datos Personales del GECC.<\/a> Los procedimientos establecidos para ejercer sus derechos a conocer, actualizar, rectificar y suprimir la informaci\u00f3n y revocar la autorizaci\u00f3n, pueden ser consultados en la nuestra <a target='_blank' href='https:\/\/www.coomeva.com.co\/publicaciones\/41275\/importante-politica-de-proteccion-de-datos-personales\/'>p\u00e1gina web.<\/a>\";\r\n\t\r\n    }, false);\r\n<\/script><\/div><div class=\"kc-elm kc-css-985054 kc-raw-code\"><script>\r\n        (function() {\r\n            window.location.href = \"https:\/\/recreacionyturismo.coomeva.com.co\/copa-america\/\";\r\n        })();\r\n<\/script><\/div><\/div><\/div><\/div><\/div><\/section><section class=\"kc-elm kc-css-958547 kc_row\"><div class=\"kc-row-container  kc-container\"><div class=\"kc-wrap-columns\"><\/div><\/div><\/section><\/p>\n","protected":false},"excerpt":{"rendered":"<p> [&#8230;]<\/p>\n<p><a class=\"btn btn-secondary understrap-read-more-link\" href=\"https:\/\/recreacionyturismo.coomeva.com.co\/copa-america\/registro\/\">Leer m\u00e1s&#8230;<\/a><\/p>\n","protected":false},"author":1,"featured_media":0,"parent":0,"menu_order":0,"comment_status":"closed","ping_status":"closed","template":"page-templates\/right-sidebarpageCustom.php","meta":{"footnotes":""},"yoast_head":"<!-- This site is optimized with the Yoast SEO plugin v23.0 - https:\/\/yoast.com\/wordpress\/plugins\/seo\/ -->\n<title>Registro - Copa Am\u00e9rica 2024<\/title>\n<meta name=\"robots\" content=\"index, follow, max-snippet:-1, max-image-preview:large, max-video-preview:-1\" \/>\n<link rel=\"canonical\" href=\"https:\/\/recreacionyturismo.coomeva.com.co\/copa-america\/registro\/\" \/>\n<meta property=\"og:locale\" content=\"es_ES\" \/>\n<meta property=\"og:type\" content=\"article\" \/>\n<meta property=\"og:title\" content=\"Registro - Copa Am\u00e9rica 2024\" \/>\n<meta property=\"og:description\" content=\"Inicio Tabla de posiciones Mis puntos Partidos Cuartos de final Argentina vs Ecuador Venezuela vs Canad\u00e1 Colombia vs Panam\u00e1 Uruguay vs Brasil Semifi\" \/>\n<meta property=\"og:url\" content=\"https:\/\/recreacionyturismo.coomeva.com.co\/copa-america\/registro\/\" \/>\n<meta property=\"og:site_name\" content=\"Copa Am\u00e9rica 2024\" \/>\n<meta property=\"article:modified_time\" content=\"2024-07-18T00:12:28+00:00\" \/>\n<meta property=\"og:image\" content=\"https:\/\/recreacionyturismo.coomeva.com.co\/copa-america\/wp-content\/uploads\/2020\/11\/logoCoomeva-200x100xc.png\" \/>\n<meta name=\"twitter:card\" content=\"summary_large_image\" \/>\n<meta name=\"twitter:label1\" content=\"Tiempo de lectura\" \/>\n\t<meta name=\"twitter:data1\" content=\"1 minuto\" \/>\n<script type=\"application\/ld+json\" class=\"yoast-schema-graph\">{\"@context\":\"https:\/\/schema.org\",\"@graph\":[{\"@type\":\"WebPage\",\"@id\":\"https:\/\/recreacionyturismo.coomeva.com.co\/copa-america\/registro\/\",\"url\":\"https:\/\/recreacionyturismo.coomeva.com.co\/copa-america\/registro\/\",\"name\":\"Registro - Copa Am\u00e9rica 2024\",\"isPartOf\":{\"@id\":\"https:\/\/recreacionyturismo.coomeva.com.co\/copa-america\/#website\"},\"primaryImageOfPage\":{\"@id\":\"https:\/\/recreacionyturismo.coomeva.com.co\/copa-america\/registro\/#primaryimage\"},\"image\":{\"@id\":\"https:\/\/recreacionyturismo.coomeva.com.co\/copa-america\/registro\/#primaryimage\"},\"thumbnailUrl\":\"https:\/\/recreacionyturismo.coomeva.com.co\/copa-america\/wp-content\/uploads\/2020\/11\/logoCoomeva-200x100xc.png\",\"datePublished\":\"2020-10-07T14:12:02+00:00\",\"dateModified\":\"2024-07-18T00:12:28+00:00\",\"breadcrumb\":{\"@id\":\"https:\/\/recreacionyturismo.coomeva.com.co\/copa-america\/registro\/#breadcrumb\"},\"inLanguage\":\"es\",\"potentialAction\":[{\"@type\":\"ReadAction\",\"target\":[\"https:\/\/recreacionyturismo.coomeva.com.co\/copa-america\/registro\/\"]}]},{\"@type\":\"ImageObject\",\"inLanguage\":\"es\",\"@id\":\"https:\/\/recreacionyturismo.coomeva.com.co\/copa-america\/registro\/#primaryimage\",\"url\":\"https:\/\/recreacionyturismo.coomeva.com.co\/copa-america\/wp-content\/uploads\/2020\/11\/logoCoomeva-200x100xc.png\",\"contentUrl\":\"https:\/\/recreacionyturismo.coomeva.com.co\/copa-america\/wp-content\/uploads\/2020\/11\/logoCoomeva-200x100xc.png\"},{\"@type\":\"BreadcrumbList\",\"@id\":\"https:\/\/recreacionyturismo.coomeva.com.co\/copa-america\/registro\/#breadcrumb\",\"itemListElement\":[{\"@type\":\"ListItem\",\"position\":1,\"name\":\"Portada\",\"item\":\"https:\/\/recreacionyturismo.coomeva.com.co\/copa-america\/\"},{\"@type\":\"ListItem\",\"position\":2,\"name\":\"Registro\"}]},{\"@type\":\"WebSite\",\"@id\":\"https:\/\/recreacionyturismo.coomeva.com.co\/copa-america\/#website\",\"url\":\"https:\/\/recreacionyturismo.coomeva.com.co\/copa-america\/\",\"name\":\"Copa Am\u00e9rica 2024\",\"description\":\"Coomeva Recreaci\u00f3n y Turismo\",\"publisher\":{\"@id\":\"https:\/\/recreacionyturismo.coomeva.com.co\/copa-america\/#organization\"},\"potentialAction\":[{\"@type\":\"SearchAction\",\"target\":{\"@type\":\"EntryPoint\",\"urlTemplate\":\"https:\/\/recreacionyturismo.coomeva.com.co\/copa-america\/?s={search_term_string}\"},\"query-input\":\"required name=search_term_string\"}],\"inLanguage\":\"es\"},{\"@type\":\"Organization\",\"@id\":\"https:\/\/recreacionyturismo.coomeva.com.co\/copa-america\/#organization\",\"name\":\"Copa Am\u00e9rica 2024\",\"url\":\"https:\/\/recreacionyturismo.coomeva.com.co\/copa-america\/\",\"logo\":{\"@type\":\"ImageObject\",\"inLanguage\":\"es\",\"@id\":\"https:\/\/recreacionyturismo.coomeva.com.co\/copa-america\/#\/schema\/logo\/image\/\",\"url\":\"https:\/\/recreacionyturismo.coomeva.com.co\/copa-america\/wp-content\/uploads\/2024\/06\/favicon-128.png\",\"contentUrl\":\"https:\/\/recreacionyturismo.coomeva.com.co\/copa-america\/wp-content\/uploads\/2024\/06\/favicon-128.png\",\"width\":128,\"height\":128,\"caption\":\"Copa Am\u00e9rica 2024\"},\"image\":{\"@id\":\"https:\/\/recreacionyturismo.coomeva.com.co\/copa-america\/#\/schema\/logo\/image\/\"}}]}<\/script>\n<!-- \/ Yoast SEO plugin. -->","yoast_head_json":{"title":"Registro - Copa Am\u00e9rica 2024","robots":{"index":"index","follow":"follow","max-snippet":"max-snippet:-1","max-image-preview":"max-image-preview:large","max-video-preview":"max-video-preview:-1"},"canonical":"https:\/\/recreacionyturismo.coomeva.com.co\/copa-america\/registro\/","og_locale":"es_ES","og_type":"article","og_title":"Registro - Copa Am\u00e9rica 2024","og_description":"Inicio Tabla de posiciones Mis puntos Partidos Cuartos de final Argentina vs Ecuador Venezuela vs Canad\u00e1 Colombia vs Panam\u00e1 Uruguay vs Brasil Semifi","og_url":"https:\/\/recreacionyturismo.coomeva.com.co\/copa-america\/registro\/","og_site_name":"Copa Am\u00e9rica 2024","article_modified_time":"2024-07-18T00:12:28+00:00","og_image":[{"url":"https:\/\/recreacionyturismo.coomeva.com.co\/copa-america\/wp-content\/uploads\/2020\/11\/logoCoomeva-200x100xc.png"}],"twitter_card":"summary_large_image","twitter_misc":{"Tiempo de lectura":"1 minuto"},"schema":{"@context":"https:\/\/schema.org","@graph":[{"@type":"WebPage","@id":"https:\/\/recreacionyturismo.coomeva.com.co\/copa-america\/registro\/","url":"https:\/\/recreacionyturismo.coomeva.com.co\/copa-america\/registro\/","name":"Registro - Copa Am\u00e9rica 2024","isPartOf":{"@id":"https:\/\/recreacionyturismo.coomeva.com.co\/copa-america\/#website"},"primaryImageOfPage":{"@id":"https:\/\/recreacionyturismo.coomeva.com.co\/copa-america\/registro\/#primaryimage"},"image":{"@id":"https:\/\/recreacionyturismo.coomeva.com.co\/copa-america\/registro\/#primaryimage"},"thumbnailUrl":"https:\/\/recreacionyturismo.coomeva.com.co\/copa-america\/wp-content\/uploads\/2020\/11\/logoCoomeva-200x100xc.png","datePublished":"2020-10-07T14:12:02+00:00","dateModified":"2024-07-18T00:12:28+00:00","breadcrumb":{"@id":"https:\/\/recreacionyturismo.coomeva.com.co\/copa-america\/registro\/#breadcrumb"},"inLanguage":"es","potentialAction":[{"@type":"ReadAction","target":["https:\/\/recreacionyturismo.coomeva.com.co\/copa-america\/registro\/"]}]},{"@type":"ImageObject","inLanguage":"es","@id":"https:\/\/recreacionyturismo.coomeva.com.co\/copa-america\/registro\/#primaryimage","url":"https:\/\/recreacionyturismo.coomeva.com.co\/copa-america\/wp-content\/uploads\/2020\/11\/logoCoomeva-200x100xc.png","contentUrl":"https:\/\/recreacionyturismo.coomeva.com.co\/copa-america\/wp-content\/uploads\/2020\/11\/logoCoomeva-200x100xc.png"},{"@type":"BreadcrumbList","@id":"https:\/\/recreacionyturismo.coomeva.com.co\/copa-america\/registro\/#breadcrumb","itemListElement":[{"@type":"ListItem","position":1,"name":"Portada","item":"https:\/\/recreacionyturismo.coomeva.com.co\/copa-america\/"},{"@type":"ListItem","position":2,"name":"Registro"}]},{"@type":"WebSite","@id":"https:\/\/recreacionyturismo.coomeva.com.co\/copa-america\/#website","url":"https:\/\/recreacionyturismo.coomeva.com.co\/copa-america\/","name":"Copa Am\u00e9rica 2024","description":"Coomeva Recreaci\u00f3n y Turismo","publisher":{"@id":"https:\/\/recreacionyturismo.coomeva.com.co\/copa-america\/#organization"},"potentialAction":[{"@type":"SearchAction","target":{"@type":"EntryPoint","urlTemplate":"https:\/\/recreacionyturismo.coomeva.com.co\/copa-america\/?s={search_term_string}"},"query-input":"required name=search_term_string"}],"inLanguage":"es"},{"@type":"Organization","@id":"https:\/\/recreacionyturismo.coomeva.com.co\/copa-america\/#organization","name":"Copa Am\u00e9rica 2024","url":"https:\/\/recreacionyturismo.coomeva.com.co\/copa-america\/","logo":{"@type":"ImageObject","inLanguage":"es","@id":"https:\/\/recreacionyturismo.coomeva.com.co\/copa-america\/#\/schema\/logo\/image\/","url":"https:\/\/recreacionyturismo.coomeva.com.co\/copa-america\/wp-content\/uploads\/2024\/06\/favicon-128.png","contentUrl":"https:\/\/recreacionyturismo.coomeva.com.co\/copa-america\/wp-content\/uploads\/2024\/06\/favicon-128.png","width":128,"height":128,"caption":"Copa Am\u00e9rica 2024"},"image":{"@id":"https:\/\/recreacionyturismo.coomeva.com.co\/copa-america\/#\/schema\/logo\/image\/"}}]}},"_links":{"self":[{"href":"https:\/\/recreacionyturismo.coomeva.com.co\/copa-america\/wp-json\/wp\/v2\/pages\/86"}],"collection":[{"href":"https:\/\/recreacionyturismo.coomeva.com.co\/copa-america\/wp-json\/wp\/v2\/pages"}],"about":[{"href":"https:\/\/recreacionyturismo.coomeva.com.co\/copa-america\/wp-json\/wp\/v2\/types\/page"}],"author":[{"embeddable":true,"href":"https:\/\/recreacionyturismo.coomeva.com.co\/copa-america\/wp-json\/wp\/v2\/users\/1"}],"replies":[{"embeddable":true,"href":"https:\/\/recreacionyturismo.coomeva.com.co\/copa-america\/wp-json\/wp\/v2\/comments?post=86"}],"version-history":[{"count":39,"href":"https:\/\/recreacionyturismo.coomeva.com.co\/copa-america\/wp-json\/wp\/v2\/pages\/86\/revisions"}],"predecessor-version":[{"id":4972,"href":"https:\/\/recreacionyturismo.coomeva.com.co\/copa-america\/wp-json\/wp\/v2\/pages\/86\/revisions\/4972"}],"wp:attachment":[{"href":"https:\/\/recreacionyturismo.coomeva.com.co\/copa-america\/wp-json\/wp\/v2\/media?parent=86"}],"curies":[{"name":"wp","href":"https:\/\/api.w.org\/{rel}","templated":true}]}}