{"id":301,"date":"2020-10-09T12:10:04","date_gmt":"2020-10-09T17:10:04","guid":{"rendered":"https:\/\/buscarte.coomeva.com.co\/?page_id=301"},"modified":"2024-06-18T16:21:17","modified_gmt":"2024-06-18T21:21:17","slug":"contacto","status":"publish","type":"page","link":"https:\/\/recreacionyturismo.coomeva.com.co\/copa-america\/contacto\/","title":{"rendered":"Contacto"},"content":{"rendered":"<p><section class=\"kc-elm kc-css-144675 kc_row\"><div class=\"kc-row-container  kc-container\"><div class=\"kc-wrap-columns\"><\/div><\/div><\/section><section class=\"kc-elm kc-css-368354 kc_row\"><div class=\"kc-row-container  kc-container\"><div class=\"kc-wrap-columns\"><div class=\"kc-elm kc-css-815513 kc_col-sm-12 kc_column kc_col-sm-12\"><div class=\"kc-col-container\"><div class=\"kc-elm kc-css-750839\" style=\"height: 40px; clear: both; width:100%;\"><\/div><div class=\"kc-elm kc-css-726002 kc_text_block\"><\/p>\n<h2>Cont\u00e1ctanos<\/h2>\n<p>\n<\/div><div class=\"kc-elm kc-css-451200 kc_text_block\"><\/p>\n<p>Por favor diligencia el siguiente formulario si tienes alg\u00fan comentario, duda o inquietud.<\/p>\n<p>\n<\/div><div class=\"kc-elm kc-css-318570 kc_text_block\"><\/p>\n<div class=\"wpcf7 no-js\" id=\"wpcf7-f299-o1\" lang=\"es-ES\" dir=\"ltr\">\n<div class=\"screen-reader-response\">\n<p role=\"status\" aria-live=\"polite\" aria-atomic=\"true\">\n<ul><\/ul>\n<\/div>\n<form action=\"\/copa-america\/wp-json\/wp\/v2\/pages\/301#wpcf7-f299-o1\" method=\"post\" class=\"wpcf7-form init\" aria-label=\"Formulario de contacto\" novalidate=\"novalidate\" data-status=\"init\">\n<div style=\"display: none;\">\n<input type=\"hidden\" name=\"_wpcf7\" value=\"299\" \/><br \/>\n<input type=\"hidden\" name=\"_wpcf7_version\" value=\"5.9.6\" \/><br \/>\n<input type=\"hidden\" name=\"_wpcf7_locale\" value=\"es_ES\" \/><br \/>\n<input type=\"hidden\" name=\"_wpcf7_unit_tag\" value=\"wpcf7-f299-o1\" \/><br \/>\n<input type=\"hidden\" name=\"_wpcf7_container_post\" value=\"0\" \/><br \/>\n<input type=\"hidden\" name=\"_wpcf7_posted_data_hash\" value=\"\" \/>\n<\/div>\n<p><label> Nombre*<br \/>\n<span class=\"wpcf7-form-control-wrap\" data-name=\"your-name\"><input size=\"40\" maxlength=\"80\" class=\"wpcf7-form-control wpcf7-text wpcf7-validates-as-required\" aria-required=\"true\" aria-invalid=\"false\" placeholder=\"Nombre\" value=\"\" type=\"text\" name=\"your-name\" \/><\/span> <\/label><br \/>\n<label> Correo electr\u00f3nico*<br \/>\n<span class=\"wpcf7-form-control-wrap\" data-name=\"your-email\"><input size=\"40\" maxlength=\"80\" class=\"wpcf7-form-control wpcf7-email wpcf7-validates-as-required wpcf7-text wpcf7-validates-as-email\" aria-required=\"true\" aria-invalid=\"false\" placeholder=\"Correo electr\u00f3nico\" value=\"\" type=\"email\" name=\"your-email\" \/><\/span> <\/label><br \/>\n<label> Mensaje*<br \/>\n<span class=\"wpcf7-form-control-wrap\" data-name=\"your-message\"><textarea cols=\"40\" rows=\"10\" maxlength=\"400\" class=\"wpcf7-form-control wpcf7-textarea wpcf7-validates-as-required\" aria-required=\"true\" aria-invalid=\"false\" placeholder=\"Mensaje\" name=\"your-message\"><\/textarea><\/span> <\/label><br \/>\n<span class=\"wpcf7-form-control-wrap\" data-name=\"acceptance-tos\"><span class=\"wpcf7-form-control wpcf7-acceptance\"><span class=\"wpcf7-list-item\"><label><input type=\"checkbox\" name=\"acceptance-tos\" value=\"1\" aria-invalid=\"false\" \/><span class=\"wpcf7-list-item-label\">He le\u00eddo y acepto los <a target='_blank' href='https:\/\/recreacionyturismo.coomeva.com.co\/copa-america\/terminos-y-condiciones\/'>T\u00e9rminos y condiciones del concurso.<\/a><\/span><\/label><\/span><\/span><\/span><br \/>\n<span class=\"wpcf7-form-control-wrap\" data-name=\"acceptance-personal-data\"><span class=\"wpcf7-form-control wpcf7-acceptance\"><span class=\"wpcf7-list-item\"><label><input type=\"checkbox\" name=\"acceptance-personal-data\" value=\"1\" aria-invalid=\"false\" \/><span class=\"wpcf7-list-item-label\">Al registrarse en la plataforma de Coomeva - Recreaci\u00f3n y Turismo, y en calidad de titular de la informaci\u00f3n autoriza a la Cooperativa M\u00e9dica del Valle y de Profesionales de Colombia \u2013 COOMEVA y sus sucesores o cesionarias para que traten la informaci\u00f3n suministrada de acuerdo a la <a target='_blank' href='https:\/\/www.coomeva.com.co\/descargar.php?idFile=27261'>Pol\u00edtica de Protecci\u00f3n de Datos Personales del GECC.<\/a> Los procedimientos establecidos para ejercer sus derechos a conocer, actualizar, rectificar y suprimir la informaci\u00f3n y revocar la autorizaci\u00f3n, pueden ser consultados en la nuestra <a target='_blank' href='https:\/\/www.coomeva.com.co\/publicaciones\/41275\/importante-politica-de-proteccion-de-datos-personales\/'>p\u00e1gina web.<\/a><\/span><\/label><\/span><\/span><\/span>\n<\/p>\n<p><input class=\"wpcf7-form-control wpcf7-submit has-spinner\" type=\"submit\" value=\"Enviar\" \/>\n<\/p>\n<p><input type='hidden' class='wpcf7-pum' value='{\"closepopup\":false,\"closedelay\":0,\"openpopup\":false,\"openpopup_id\":0}' \/><\/p>\n<div class=\"wpcf7-response-output\" aria-hidden=\"true\"><\/div>\n<\/form>\n<\/div>\n<p>\n<\/div><div class=\"kc-elm kc-css-552215\" style=\"height: 40px; clear: both; width:100%;\"><\/div><\/div><\/div><\/div><\/div><\/section><section class=\"kc-elm kc-css-799624 kc_row\"><div class=\"kc-row-container  kc-container\"><div class=\"kc-wrap-columns\"><\/div><\/div><\/section><\/p>\n","protected":false},"excerpt":{"rendered":"<p> [&#8230;]<\/p>\n<p><a class=\"btn btn-secondary understrap-read-more-link\" href=\"https:\/\/recreacionyturismo.coomeva.com.co\/copa-america\/contacto\/\">Leer m\u00e1s&#8230;<\/a><\/p>\n","protected":false},"author":1,"featured_media":0,"parent":0,"menu_order":0,"comment_status":"closed","ping_status":"closed","template":"page-templates\/right-sidebarpageCustom.php","meta":{"footnotes":""},"yoast_head":"<!-- This site is optimized with the Yoast SEO plugin v23.0 - https:\/\/yoast.com\/wordpress\/plugins\/seo\/ -->\n<title>Contacto - Copa Am\u00e9rica 2024<\/title>\n<meta name=\"robots\" content=\"index, follow, max-snippet:-1, max-image-preview:large, max-video-preview:-1\" \/>\n<link rel=\"canonical\" href=\"https:\/\/recreacionyturismo.coomeva.com.co\/copa-america\/contacto\/\" \/>\n<meta property=\"og:locale\" content=\"es_ES\" \/>\n<meta property=\"og:type\" content=\"article\" \/>\n<meta property=\"og:title\" content=\"Contacto - Copa Am\u00e9rica 2024\" \/>\n<meta property=\"og:description\" content=\"Inicio Mis puntos Tabla de posiciones Partidos Primera jornada Argentina vs Canad\u00e1 Per\u00fa vs Chile Ecuador vs Venezuela M\u00e9xico vs Jamaica Estados Uni\" \/>\n<meta property=\"og:url\" content=\"https:\/\/recreacionyturismo.coomeva.com.co\/copa-america\/contacto\/\" \/>\n<meta property=\"og:site_name\" content=\"Copa Am\u00e9rica 2024\" \/>\n<meta property=\"article:modified_time\" content=\"2024-06-18T21:21:17+00:00\" \/>\n<meta property=\"og:image\" content=\"https:\/\/recreacionyturismo.coomeva.com.co\/copa-america\/wp-content\/uploads\/2020\/10\/logoCoomevaRyT-200x100xc.png\" \/>\n<meta name=\"twitter:card\" content=\"summary_large_image\" \/>\n<meta name=\"twitter:label1\" content=\"Tiempo de lectura\" \/>\n\t<meta name=\"twitter:data1\" content=\"1 minuto\" \/>\n<script type=\"application\/ld+json\" class=\"yoast-schema-graph\">{\"@context\":\"https:\/\/schema.org\",\"@graph\":[{\"@type\":\"WebPage\",\"@id\":\"https:\/\/recreacionyturismo.coomeva.com.co\/copa-america\/contacto\/\",\"url\":\"https:\/\/recreacionyturismo.coomeva.com.co\/copa-america\/contacto\/\",\"name\":\"Contacto - Copa Am\u00e9rica 2024\",\"isPartOf\":{\"@id\":\"https:\/\/recreacionyturismo.coomeva.com.co\/copa-america\/#website\"},\"primaryImageOfPage\":{\"@id\":\"https:\/\/recreacionyturismo.coomeva.com.co\/copa-america\/contacto\/#primaryimage\"},\"image\":{\"@id\":\"https:\/\/recreacionyturismo.coomeva.com.co\/copa-america\/contacto\/#primaryimage\"},\"thumbnailUrl\":\"https:\/\/recreacionyturismo.coomeva.com.co\/copa-america\/wp-content\/uploads\/2020\/10\/logoCoomevaRyT-200x100xc.png\",\"datePublished\":\"2020-10-09T17:10:04+00:00\",\"dateModified\":\"2024-06-18T21:21:17+00:00\",\"breadcrumb\":{\"@id\":\"https:\/\/recreacionyturismo.coomeva.com.co\/copa-america\/contacto\/#breadcrumb\"},\"inLanguage\":\"es\",\"potentialAction\":[{\"@type\":\"ReadAction\",\"target\":[\"https:\/\/recreacionyturismo.coomeva.com.co\/copa-america\/contacto\/\"]}]},{\"@type\":\"ImageObject\",\"inLanguage\":\"es\",\"@id\":\"https:\/\/recreacionyturismo.coomeva.com.co\/copa-america\/contacto\/#primaryimage\",\"url\":\"https:\/\/recreacionyturismo.coomeva.com.co\/copa-america\/wp-content\/uploads\/2020\/10\/logoCoomevaRyT-200x100xc.png\",\"contentUrl\":\"https:\/\/recreacionyturismo.coomeva.com.co\/copa-america\/wp-content\/uploads\/2020\/10\/logoCoomevaRyT-200x100xc.png\"},{\"@type\":\"BreadcrumbList\",\"@id\":\"https:\/\/recreacionyturismo.coomeva.com.co\/copa-america\/contacto\/#breadcrumb\",\"itemListElement\":[{\"@type\":\"ListItem\",\"position\":1,\"name\":\"Portada\",\"item\":\"https:\/\/recreacionyturismo.coomeva.com.co\/copa-america\/\"},{\"@type\":\"ListItem\",\"position\":2,\"name\":\"Contacto\"}]},{\"@type\":\"WebSite\",\"@id\":\"https:\/\/recreacionyturismo.coomeva.com.co\/copa-america\/#website\",\"url\":\"https:\/\/recreacionyturismo.coomeva.com.co\/copa-america\/\",\"name\":\"Copa Am\u00e9rica 2024\",\"description\":\"Coomeva Recreaci\u00f3n y Turismo\",\"publisher\":{\"@id\":\"https:\/\/recreacionyturismo.coomeva.com.co\/copa-america\/#organization\"},\"potentialAction\":[{\"@type\":\"SearchAction\",\"target\":{\"@type\":\"EntryPoint\",\"urlTemplate\":\"https:\/\/recreacionyturismo.coomeva.com.co\/copa-america\/?s={search_term_string}\"},\"query-input\":\"required name=search_term_string\"}],\"inLanguage\":\"es\"},{\"@type\":\"Organization\",\"@id\":\"https:\/\/recreacionyturismo.coomeva.com.co\/copa-america\/#organization\",\"name\":\"Copa Am\u00e9rica 2024\",\"url\":\"https:\/\/recreacionyturismo.coomeva.com.co\/copa-america\/\",\"logo\":{\"@type\":\"ImageObject\",\"inLanguage\":\"es\",\"@id\":\"https:\/\/recreacionyturismo.coomeva.com.co\/copa-america\/#\/schema\/logo\/image\/\",\"url\":\"https:\/\/recreacionyturismo.coomeva.com.co\/copa-america\/wp-content\/uploads\/2024\/06\/favicon-128.png\",\"contentUrl\":\"https:\/\/recreacionyturismo.coomeva.com.co\/copa-america\/wp-content\/uploads\/2024\/06\/favicon-128.png\",\"width\":128,\"height\":128,\"caption\":\"Copa Am\u00e9rica 2024\"},\"image\":{\"@id\":\"https:\/\/recreacionyturismo.coomeva.com.co\/copa-america\/#\/schema\/logo\/image\/\"}}]}<\/script>\n<!-- \/ Yoast SEO plugin. -->","yoast_head_json":{"title":"Contacto - Copa Am\u00e9rica 2024","robots":{"index":"index","follow":"follow","max-snippet":"max-snippet:-1","max-image-preview":"max-image-preview:large","max-video-preview":"max-video-preview:-1"},"canonical":"https:\/\/recreacionyturismo.coomeva.com.co\/copa-america\/contacto\/","og_locale":"es_ES","og_type":"article","og_title":"Contacto - Copa Am\u00e9rica 2024","og_description":"Inicio Mis puntos Tabla de posiciones Partidos Primera jornada Argentina vs Canad\u00e1 Per\u00fa vs Chile Ecuador vs Venezuela M\u00e9xico vs Jamaica Estados Uni","og_url":"https:\/\/recreacionyturismo.coomeva.com.co\/copa-america\/contacto\/","og_site_name":"Copa Am\u00e9rica 2024","article_modified_time":"2024-06-18T21:21:17+00:00","og_image":[{"url":"https:\/\/recreacionyturismo.coomeva.com.co\/copa-america\/wp-content\/uploads\/2020\/10\/logoCoomevaRyT-200x100xc.png"}],"twitter_card":"summary_large_image","twitter_misc":{"Tiempo de lectura":"1 minuto"},"schema":{"@context":"https:\/\/schema.org","@graph":[{"@type":"WebPage","@id":"https:\/\/recreacionyturismo.coomeva.com.co\/copa-america\/contacto\/","url":"https:\/\/recreacionyturismo.coomeva.com.co\/copa-america\/contacto\/","name":"Contacto - Copa Am\u00e9rica 2024","isPartOf":{"@id":"https:\/\/recreacionyturismo.coomeva.com.co\/copa-america\/#website"},"primaryImageOfPage":{"@id":"https:\/\/recreacionyturismo.coomeva.com.co\/copa-america\/contacto\/#primaryimage"},"image":{"@id":"https:\/\/recreacionyturismo.coomeva.com.co\/copa-america\/contacto\/#primaryimage"},"thumbnailUrl":"https:\/\/recreacionyturismo.coomeva.com.co\/copa-america\/wp-content\/uploads\/2020\/10\/logoCoomevaRyT-200x100xc.png","datePublished":"2020-10-09T17:10:04+00:00","dateModified":"2024-06-18T21:21:17+00:00","breadcrumb":{"@id":"https:\/\/recreacionyturismo.coomeva.com.co\/copa-america\/contacto\/#breadcrumb"},"inLanguage":"es","potentialAction":[{"@type":"ReadAction","target":["https:\/\/recreacionyturismo.coomeva.com.co\/copa-america\/contacto\/"]}]},{"@type":"ImageObject","inLanguage":"es","@id":"https:\/\/recreacionyturismo.coomeva.com.co\/copa-america\/contacto\/#primaryimage","url":"https:\/\/recreacionyturismo.coomeva.com.co\/copa-america\/wp-content\/uploads\/2020\/10\/logoCoomevaRyT-200x100xc.png","contentUrl":"https:\/\/recreacionyturismo.coomeva.com.co\/copa-america\/wp-content\/uploads\/2020\/10\/logoCoomevaRyT-200x100xc.png"},{"@type":"BreadcrumbList","@id":"https:\/\/recreacionyturismo.coomeva.com.co\/copa-america\/contacto\/#breadcrumb","itemListElement":[{"@type":"ListItem","position":1,"name":"Portada","item":"https:\/\/recreacionyturismo.coomeva.com.co\/copa-america\/"},{"@type":"ListItem","position":2,"name":"Contacto"}]},{"@type":"WebSite","@id":"https:\/\/recreacionyturismo.coomeva.com.co\/copa-america\/#website","url":"https:\/\/recreacionyturismo.coomeva.com.co\/copa-america\/","name":"Copa Am\u00e9rica 2024","description":"Coomeva Recreaci\u00f3n y Turismo","publisher":{"@id":"https:\/\/recreacionyturismo.coomeva.com.co\/copa-america\/#organization"},"potentialAction":[{"@type":"SearchAction","target":{"@type":"EntryPoint","urlTemplate":"https:\/\/recreacionyturismo.coomeva.com.co\/copa-america\/?s={search_term_string}"},"query-input":"required name=search_term_string"}],"inLanguage":"es"},{"@type":"Organization","@id":"https:\/\/recreacionyturismo.coomeva.com.co\/copa-america\/#organization","name":"Copa Am\u00e9rica 2024","url":"https:\/\/recreacionyturismo.coomeva.com.co\/copa-america\/","logo":{"@type":"ImageObject","inLanguage":"es","@id":"https:\/\/recreacionyturismo.coomeva.com.co\/copa-america\/#\/schema\/logo\/image\/","url":"https:\/\/recreacionyturismo.coomeva.com.co\/copa-america\/wp-content\/uploads\/2024\/06\/favicon-128.png","contentUrl":"https:\/\/recreacionyturismo.coomeva.com.co\/copa-america\/wp-content\/uploads\/2024\/06\/favicon-128.png","width":128,"height":128,"caption":"Copa Am\u00e9rica 2024"},"image":{"@id":"https:\/\/recreacionyturismo.coomeva.com.co\/copa-america\/#\/schema\/logo\/image\/"}}]}},"_links":{"self":[{"href":"https:\/\/recreacionyturismo.coomeva.com.co\/copa-america\/wp-json\/wp\/v2\/pages\/301"}],"collection":[{"href":"https:\/\/recreacionyturismo.coomeva.com.co\/copa-america\/wp-json\/wp\/v2\/pages"}],"about":[{"href":"https:\/\/recreacionyturismo.coomeva.com.co\/copa-america\/wp-json\/wp\/v2\/types\/page"}],"author":[{"embeddable":true,"href":"https:\/\/recreacionyturismo.coomeva.com.co\/copa-america\/wp-json\/wp\/v2\/users\/1"}],"replies":[{"embeddable":true,"href":"https:\/\/recreacionyturismo.coomeva.com.co\/copa-america\/wp-json\/wp\/v2\/comments?post=301"}],"version-history":[{"count":8,"href":"https:\/\/recreacionyturismo.coomeva.com.co\/copa-america\/wp-json\/wp\/v2\/pages\/301\/revisions"}],"predecessor-version":[{"id":2696,"href":"https:\/\/recreacionyturismo.coomeva.com.co\/copa-america\/wp-json\/wp\/v2\/pages\/301\/revisions\/2696"}],"wp:attachment":[{"href":"https:\/\/recreacionyturismo.coomeva.com.co\/copa-america\/wp-json\/wp\/v2\/media?parent=301"}],"curies":[{"name":"wp","href":"https:\/\/api.w.org\/{rel}","templated":true}]}}