{"id":2636,"date":"2024-06-18T12:02:52","date_gmt":"2024-06-18T17:02:52","guid":{"rendered":"https:\/\/recreacionyturismo.coomeva.com.co\/copa-america\/?page_id=2636"},"modified":"2024-06-19T11:11:33","modified_gmt":"2024-06-19T16:11:33","slug":"uruguay-vs-bolivia","status":"publish","type":"page","link":"https:\/\/recreacionyturismo.coomeva.com.co\/copa-america\/segunda-jornada\/uruguay-vs-bolivia\/","title":{"rendered":"Uruguay vs Bolivia"},"content":{"rendered":"<p><section class=\"kc-elm kc-css-553094 kc_row\"><div class=\"kc-row-container  kc-container\"><div class=\"kc-wrap-columns\"><\/div><\/div><\/section><section class=\"kc-elm kc-css-93044 kc_row\"><div class=\"kc-row-container  kc-container\"><div class=\"kc-wrap-columns\"><div class=\"kc-elm kc-css-955638 kc_column kc_col-sm-12\"><div class=\"kc-col-container\"><div class=\"kc-elm kc-css-269492\" style=\"height: 20px; clear: both; width:100%;\"><\/div><div class=\"kc-elm kc-css-208775 kc_text_block\"><\/p>\n<p style=\"text-align: center;\"><img loading=\"lazy\" decoding=\"async\" class=\"alignnone size-full\" style=\"margin: 0 20px;\" src=\"https:\/\/recreacionyturismo.coomeva.com.co\/copa-america\/wp-content\/uploads\/2024\/06\/uruguay.png\" alt=\"\" width=\"88\" height=\"88\" \/><strong>Uruguay<\/strong> vs. <strong>Bolivia<\/strong><img loading=\"lazy\" decoding=\"async\" class=\"alignnone size-full\" style=\"margin: 0 20px;\" src=\"https:\/\/recreacionyturismo.coomeva.com.co\/copa-america\/wp-content\/uploads\/2024\/06\/bolivia.png\" alt=\"\" width=\"88\" height=\"88\" \/><\/p>\n<p>\n<\/div><div class=\"kc-elm kc-css-627108 kc_text_block\"><\/p>\n<div class=\"row text-center mt-3\">\n<div class=\"col text-center\">\n        <img loading=\"lazy\" decoding=\"async\" class=\"alignnone size-full\" style=\"margin: 10px;\" src=\"https:\/\/recreacionyturismo.coomeva.com.co\/copa-america\/wp-content\/uploads\/2024\/06\/uruguay.png\" alt=\"\" width=\"75\" height=\"75\" \/><\/p>\n<p style=\"font-size: 20px; font-weight: bold; margin-bottom: 0px;\">Uruguay<\/p>\n<\/div>\n<div class=\"col text-center mb-5\" style=\"display: flex; flex-direction: column-reverse;\">\n<p style=\"font-size: 30px; font-weight: bold; margin-bottom: 0px;\">vs.<\/p>\n<\/div>\n<div class=\"col text-center\">\n        <img loading=\"lazy\" decoding=\"async\" class=\"alignnone size-full\" style=\"margin: 10px;\" src=\"https:\/\/recreacionyturismo.coomeva.com.co\/copa-america\/wp-content\/uploads\/2024\/06\/bolivia.png\" alt=\"\" width=\"75\" height=\"75\" \/><\/p>\n<p style=\"font-size: 20px; font-weight: bold; margin-bottom: 0px;\">Bolivia<\/p>\n<\/div>\n<\/div>\n<p>\n<\/div><div class=\"kc-elm kc-css-226773\" style=\"height: 20px; clear: both; width:100%;\"><\/div><div class=\"kc-elm kc-css-292346 kc_text_block\"><\/p>\n<p style=\"text-align: center; display: block;\">Jueves 27 de junio<br \/><strong>Hora: 08:00 pm<\/strong><\/p>\n<p>\n<\/div><\/div><\/div><\/div><\/div><\/section><section data-kc-fullwidth=\"row\" class=\"kc-elm kc-css-8486 kc_row\"><div class=\"kc-row-container  kc-container\"><div class=\"kc-wrap-columns\"><div class=\"kc-elm kc-css-741692 kc_col-sm-12 kc_column kc_col-sm-12\"><div class=\"kc-col-container\"><div class=\"kc-elm kc-css-65901 kc_text_block\"><\/p>\n<p class=\"titulos-encuentros\" style=\"text-align: center;\"><strong>Acierta el resultado<\/strong><\/p>\n<p>\n<\/div><div class=\"kc-elm kc-css-263629 kc-raw-code\"><div class=\"row text-center align-items-center mt-2\">\r\n    <div class=\"col\">\r\n        <label for=\"golesCol\" style=\"vertical-align: middle; margin:40px;\">\r\n            <img loading=\"lazy\" decoding=\"async\" class=\"alignnone size-full\" style=\"margin:20px;\" src=\"https:\/\/recreacionyturismo.coomeva.com.co\/copa-america\/wp-content\/uploads\/2024\/06\/uruguay.png\" alt=\"\" width=\"88\" height=\"88\" \/>\r\n            <p style=\"font-size: 30px; font-weight: bold;\">Uruguay<\/p>\r\n            <input id=\"golesCol\" type=\"text\" class=\"form-control\" oninput=\"event.target.value = event.target.value.replace(\/[^0-9]*\/g,'');\">\r\n        <\/label>\r\n    <\/div>\r\n    <div class=\"col-sm-12 col-md-1\">\r\n        <p style=\"font-size: 30px;\">Vs.<\/p>\r\n    <\/div>\r\n    <div class=\"col\">\r\n        <label for=\"golesOtro\" style=\"vertical-align: middle; margin:40px;\">\r\n            <img loading=\"lazy\" decoding=\"async\" class=\"alignnone size-full\" style=\"margin:20px;\" src=\"https:\/\/recreacionyturismo.coomeva.com.co\/copa-america\/wp-content\/uploads\/2024\/06\/bolivia.png\" alt=\"\" width=\"88\" height=\"88\" \/>\r\n            <p style=\"font-size: 30px;font-weight: bold;\">Bolivia<\/p>\r\n            <input id=\"golesOtro\" type=\"text\" class=\"form-control\" oninput=\"event.target.value = event.target.value.replace(\/[^0-9]*\/g,'');\">\r\n        <\/label>    \r\n    <\/div>\r\n  <\/div>\r\n\r\n<div class=\"row mt-2\">\r\n    <div class=\"col text-center\">\r\n        <button id=\"guardarGoles\" type=\"submit\" class=\"btn btn-success\">Enviar<\/button>\r\n    <\/div>\r\n<\/div>\r\n\r\n<div id=\"golesResponse\" class=\"text-center mt-3\"><\/div><\/div><div class=\"kc-elm kc-css-821445\" style=\"height: 50px; clear: both; width:100%;\"><\/div><div class=\"kc-elm kc-css-633500 kc_text_block\"><\/p>\n<hr \/>\n<p>\n<\/div><div class=\"kc-elm kc-css-522010\" style=\"height: 50px; clear: both; width:100%;\"><\/div><div class=\"kc-elm kc-css-104834 kc_text_block\"><\/p>\n<p class=\"titulos-encuentros\" style=\"text-align: center;\"><strong>\u00bfQu\u00e9 equipo anota el primer gol?<\/strong><\/p>\n<p>\n<\/div><div class=\"kc-elm kc-css-721594 kc-raw-code\"><div class=\"row text-center align-items-center mt-2\">\r\n    <div class=\"col\">\r\n        <label for=\"primerGol1\" style=\"vertical-align: middle; margin:40px;\">\r\n            <img loading=\"lazy\" decoding=\"async\" class=\"alignnone size-full\" style=\"margin:20px;\"\r\n                src=\"https:\/\/recreacionyturismo.coomeva.com.co\/copa-america\/wp-content\/uploads\/2024\/06\/uruguay.png\"\r\n                alt=\"\" width=\"88\" height=\"88\" \/>\r\n            <p style=\"font-size: 30px; font-weight: bold;\">Uruguay<\/p>\r\n            <input class=\"\" type=\"radio\" name=\"inlineRadioOptions\" id=\"primerGol1\" value=\"Uruguay\">\r\n        <\/label>\r\n    <\/div>\r\n    <div class=\"col-sm-12 col-md-1\">\r\n        <p style=\"font-size: 30px;\">Vs.<\/p>\r\n    <\/div>\r\n    <div class=\"col\">\r\n        <label for=\"primerGol2\" style=\"vertical-align: middle; margin:40px;\">\r\n            <img loading=\"lazy\" decoding=\"async\" class=\"alignnone size-full\" style=\"margin:20px;\"\r\n                src=\"https:\/\/recreacionyturismo.coomeva.com.co\/copa-america\/wp-content\/uploads\/2024\/06\/bolivia.png\"\r\n                alt=\"\" width=\"88\" height=\"88\" \/>\r\n            <p style=\"font-size: 30px;font-weight: bold;\">Bolivia<\/p>\r\n            <input class=\"\" type=\"radio\" name=\"inlineRadioOptions\" id=\"primerGol2\" value=\"Bolivia\">\r\n        <\/label>\r\n    <\/div>\r\n<\/div>\r\n\r\n<div class=\"row my-3\">\r\n    <div class=\"col text-center\">\r\n        <label class=\"form-check-label\" for=\"primerGolNinguno\" style=\"display: block;\">\r\n            <p style=\"font-size: 25px; font-weight: bold; margin-bottom: 0px;\">Ninguno<\/p>\r\n        <\/label>\r\n        <input class=\"\" type=\"checkbox\" name=\"inlineRadioOptions\" id=\"primerGolNinguno\" value=\"primerGolNinguno\">\r\n    <\/div>\r\n<\/div>\r\n\r\n<div class=\"row mt-2\">\r\n    <div class=\"col text-center\">\r\n        <button id=\"guardarPrimerGol\" type=\"submit\" class=\"btn btn-success\">Enviar<\/button>\r\n    <\/div>\r\n<\/div>\r\n\r\n<div id=\"primerGolResponse\" class=\"text-center mt-3\"><\/div><\/div><div class=\"kc-elm kc-css-536023\" style=\"height: 50px; clear: both; width:100%;\"><\/div><div class=\"kc-elm kc-css-808875 kc_text_block\"><\/p>\n<hr \/>\n<p>\n<\/div><div class=\"kc-elm kc-css-506433\" style=\"height: 50px; clear: both; width:100%;\"><\/div><div class=\"kc-elm kc-css-585625 kc_text_block\"><\/p>\n<p class=\"titulos-encuentros\" style=\"text-align: center;\"><strong>\u00bfQu\u00e9 jugador anota el primer gol?<\/strong><\/p>\n<p>\n<\/div><div class=\"kc-elm kc-css-567533 kc-raw-code\"><div class=\"row text-center mt-5\">\r\n    <div class=\"col\">\r\n        <select class=\"custom-select\" id=\"anotaPrimero\">\r\n            <option selected disabled>Selecciona una opci\u00f3n<\/option>\r\n            <option disabled style=\"background-color: #eee;\">\u2193\u2193\u2193 JUGADORES URUGUAY \u2193\u2193\u2193<\/option>\r\n            <option value=\"Agust\u00edn Cannobio\">Agust\u00edn Cannobio<\/option>\r\n            <option value=\"Brian Rodr\u00edguez\">Brian Rodr\u00edguez<\/option>\r\n            <option value=\"Brian Ocampo\">Brian Ocampo<\/option>\r\n            <option value=\"Facundo Pellistri\">Facundo Pellistri<\/option>\r\n            <option value=\"Maximiliano Araujo\">Maximiliano Araujo<\/option>\r\n            <option value=\"Cristian Olivera\">Cristian Olivera<\/option>\r\n            <option value=\"Darwin N\u00fa\u00f1ez\">Darwin N\u00fa\u00f1ez<\/option>\r\n            <option value=\"Luis Su\u00e1rez\">Luis Su\u00e1rez<\/option>\r\n            <option value=\"Nahitan N\u00e1ndez\">Nahitan N\u00e1ndez<\/option>\r\n            <option value=\"Manuel Ugarte\">Manuel Ugarte<\/option>\r\n            <option value=\"Rodrigo Bentancur\">Rodrigo Bentancur<\/option>\r\n            <option value=\"Emiliano Mart\u00ednez\">Emiliano Mart\u00ednez<\/option>\r\n            <option value=\"Federico Valverde\">Federico Valverde<\/option>\r\n            <option value=\"Nicol\u00e1s de la Cruz\">Nicol\u00e1s de la Cruz<\/option>\r\n            <option value=\"Giorgan de Arrascaeta\">Giorgan de Arrascaeta<\/option>\r\n            <option value=\"Ronald Araujo\">Ronald Araujo<\/option>\r\n            <option value=\"Jos\u00e9 Mar\u00eda Gim\u00e9nez\">Jos\u00e9 Mar\u00eda Gim\u00e9nez<\/option>\r\n            <option value=\"Sebasti\u00e1n C\u00e1ceres\">Sebasti\u00e1n C\u00e1ceres<\/option>\r\n            <option value=\"Nicol\u00e1s Marichal\">Nicol\u00e1s Marichal<\/option>\r\n            <option value=\"Math\u00edas Olivera\">Math\u00edas Olivera<\/option>\r\n            <option value=\"Lucas Olaza\">Lucas Olaza<\/option>\r\n            <option value=\"Mat\u00edas Vi\u00f1a\">Mat\u00edas Vi\u00f1a<\/option>\r\n            <option value=\"Guillermo Varela\">Guillermo Varela<\/option>\r\n            <option value=\"Sergio Rochet\">Sergio Rochet<\/option>\r\n            <option value=\"Santiago Mele\">Santiago Mele<\/option>\r\n            <option value=\"Franco Israel\">Franco Israel<\/option>\r\n            <option disabled style=\"background-color: #eee;\">\u2193\u2193\u2193 JUGADORES BOLIVIA \u2193\u2193\u2193<\/option>\r\n            <option value=\"C\u00e9sar Menacho\">C\u00e9sar Menacho<\/option>\r\n            <option value=\"Carmelo Algara\u00f1az\">Carmelo Algara\u00f1az<\/option>\r\n            <option value=\"Bruno Miranda\">Bruno Miranda<\/option>\r\n            <option value=\"Lucas Ch\u00e1vez\">Lucas Ch\u00e1vez<\/option>\r\n            <option value=\"Leonel Justiniano\">Leonel Justiniano<\/option>\r\n            <option value=\"Fernando Saucedo\">Fernando Saucedo<\/option>\r\n            <option value=\"Ramiro Vaca\">Ramiro Vaca<\/option>\r\n            <option value=\"Robson Matheus\">Robson Matheus<\/option>\r\n            <option value=\"Adalid Terrazas\">Adalid Terrazas<\/option>\r\n            <option value=\"Rodrigo Ramallo\">Rodrigo Ramallo<\/option>\r\n            <option value=\"Boris C\u00e9spedes\">Boris C\u00e9spedes<\/option>\r\n            <option value=\"Jaume Cu\u00e9lla\">Jaume Cu\u00e9lla<\/option>\r\n            <option value=\"Gabriel Villamil\">Gabriel Villamil<\/option>\r\n            <option value=\"Miguel Terceros\">Miguel Terceros<\/option>\r\n            <option value=\"Diego Medina\">Diego Medina<\/option>\r\n            <option value=\"H\u00e9ctor Cu\u00e9llar\">H\u00e9ctor Cu\u00e9llar<\/option>\r\n            <option value=\"Marcelo Su\u00e1rez\">Marcelo Su\u00e1rez<\/option>\r\n            <option value=\"Yomar Rocha\">Yomar Rocha<\/option>\r\n            <option value=\"Jes\u00fas Sagredo\">Jes\u00fas Sagredo<\/option>\r\n            <option value=\"Jos\u00e9 Sagredo\">Jos\u00e9 Sagredo<\/option>\r\n            <option value=\"Adri\u00e1n Jusino\">Adri\u00e1n Jusino<\/option>\r\n            <option value=\"Luis Haqu\u00edn\">Luis Haqu\u00edn<\/option>\r\n            <option value=\"Roberto Carlos Fern\u00e1ndez\">Roberto Carlos Fern\u00e1ndez<\/option>\r\n            <option value=\"Guillermo Viscarra\">Guillermo Viscarra<\/option>\r\n            <option value=\"Carlos Lampe\">Carlos Lampe<\/option>\r\n            <option value=\"Gustavo Almada\">Gustavo Almada<\/option>\r\n            <option value=\"Ninguno\">Ninguno<\/option>\r\n        <\/select>\r\n    <\/div>\r\n<\/div>\r\n<div class=\"row my-3\">\r\n    <div class=\"col text-center\">\r\n        <label class=\"form-check-label\" for=\"anotaPrimeroNinguno\" style=\"display: block;\">\r\n            <p style=\"font-size: 25px; font-weight: bold; margin-bottom: 0px;\">Ninguno<\/p>\r\n        <\/label>\r\n        <input class=\"\" type=\"checkbox\" name=\"inlineRadioOptions\" id=\"anotaPrimeroNinguno\" value=\"anotaPrimeroNinguno\">\r\n    <\/div>\r\n<\/div>\r\n<div class=\"row mt-5\">\r\n    <div class=\"col text-center\">\r\n        <button id=\"guardarAnotaPrimero\" type=\"submit\" class=\"btn btn-success\">Enviar<\/button>\r\n    <\/div>\r\n<\/div>\r\n<div id=\"anotaResponse\" class=\"text-center mt-3\"><\/div><\/div><div class=\"kc-elm kc-css-675514 kc-raw-code\"><script>\r\ndocument.addEventListener('DOMContentLoaded', function() {consultaUsuario();}, false);\r\n\tdocument.getElementById('guardarGoles').addEventListener('click', function(){guardarGoles();}, false);\r\n\tdocument.getElementById('guardarPrimerGol').addEventListener('click', function(){guardarPrimerGol();}, false);\r\n\tdocument.getElementById('guardarAnotaPrimero').addEventListener('click', function(){guardarAnotaPrimero();}, false);\r\n<\/script><\/div><div class=\"kc-elm kc-css-605071 kc-raw-code\"><div id=\"id\" style=\"display:none !important; height: 0px !important; visibility: hidden !important;\">14<\/div><\/div><div class=\"kc-elm kc-css-975801\" style=\"height: 30px; clear: both; width:100%;\"><\/div><div class=\"kc-elm kc-css-882844 kc_text_block\"><\/p>\n<p style=\"text-align: center;\"><a class=\"next-game\" href=\"https:\/\/recreacionyturismo.coomeva.com.co\/copa-america\/segunda-jornada\/colombia-vs-costa-rica\/\">Siguiente partido\u00a0<i class=\"fas fa-arrow-right\"><\/i><\/a><\/p>\n<p>\n<\/div><\/div><\/div><\/div><\/div><\/section><section class=\"kc-elm kc-css-192902 kc_row\"><div class=\"kc-row-container  kc-container\"><div class=\"kc-wrap-columns\"><\/div><\/div><\/section><\/p>\n","protected":false},"excerpt":{"rendered":"<p> [&#8230;]<\/p>\n<p><a class=\"btn btn-secondary understrap-read-more-link\" href=\"https:\/\/recreacionyturismo.coomeva.com.co\/copa-america\/segunda-jornada\/uruguay-vs-bolivia\/\">Leer m\u00e1s&#8230;<\/a><\/p>\n","protected":false},"author":1132,"featured_media":0,"parent":2558,"menu_order":0,"comment_status":"closed","ping_status":"closed","template":"page-templates\/right-sidebarpageCustom.php","meta":{"footnotes":""},"yoast_head":"<!-- This site is optimized with the Yoast SEO plugin v23.0 - https:\/\/yoast.com\/wordpress\/plugins\/seo\/ -->\n<title>Uruguay vs Bolivia - Copa Am\u00e9rica 2024<\/title>\n<meta name=\"robots\" content=\"index, follow, max-snippet:-1, max-image-preview:large, max-video-preview:-1\" \/>\n<link rel=\"canonical\" href=\"https:\/\/recreacionyturismo.coomeva.com.co\/copa-america\/segunda-jornada\/uruguay-vs-bolivia\/\" \/>\n<meta property=\"og:locale\" content=\"es_ES\" \/>\n<meta property=\"og:type\" content=\"article\" \/>\n<meta property=\"og:title\" content=\"Uruguay vs Bolivia - Copa Am\u00e9rica 2024\" \/>\n<meta property=\"og:description\" content=\"Inicio Mis puntos Tabla de posiciones Partidos Primera jornada Argentina vs Canad\u00e1 Per\u00fa vs Chile Ecuador vs Venezuela M\u00e9xico vs Jamaica Estados Uni\" \/>\n<meta property=\"og:url\" content=\"https:\/\/recreacionyturismo.coomeva.com.co\/copa-america\/segunda-jornada\/uruguay-vs-bolivia\/\" \/>\n<meta property=\"og:site_name\" content=\"Copa Am\u00e9rica 2024\" \/>\n<meta property=\"article:modified_time\" content=\"2024-06-19T16:11:33+00:00\" \/>\n<meta property=\"og:image\" content=\"https:\/\/recreacionyturismo.coomeva.com.co\/copa-america\/wp-content\/uploads\/2020\/10\/logoCoomevaRyT-200x100xc.png\" \/>\n<meta name=\"twitter:card\" content=\"summary_large_image\" \/>\n<meta name=\"twitter:label1\" content=\"Tiempo de lectura\" \/>\n\t<meta name=\"twitter:data1\" content=\"2 minutos\" \/>\n<script type=\"application\/ld+json\" class=\"yoast-schema-graph\">{\"@context\":\"https:\/\/schema.org\",\"@graph\":[{\"@type\":\"WebPage\",\"@id\":\"https:\/\/recreacionyturismo.coomeva.com.co\/copa-america\/segunda-jornada\/uruguay-vs-bolivia\/\",\"url\":\"https:\/\/recreacionyturismo.coomeva.com.co\/copa-america\/segunda-jornada\/uruguay-vs-bolivia\/\",\"name\":\"Uruguay vs Bolivia - Copa Am\u00e9rica 2024\",\"isPartOf\":{\"@id\":\"https:\/\/recreacionyturismo.coomeva.com.co\/copa-america\/#website\"},\"primaryImageOfPage\":{\"@id\":\"https:\/\/recreacionyturismo.coomeva.com.co\/copa-america\/segunda-jornada\/uruguay-vs-bolivia\/#primaryimage\"},\"image\":{\"@id\":\"https:\/\/recreacionyturismo.coomeva.com.co\/copa-america\/segunda-jornada\/uruguay-vs-bolivia\/#primaryimage\"},\"thumbnailUrl\":\"https:\/\/recreacionyturismo.coomeva.com.co\/copa-america\/wp-content\/uploads\/2020\/10\/logoCoomevaRyT-200x100xc.png\",\"datePublished\":\"2024-06-18T17:02:52+00:00\",\"dateModified\":\"2024-06-19T16:11:33+00:00\",\"breadcrumb\":{\"@id\":\"https:\/\/recreacionyturismo.coomeva.com.co\/copa-america\/segunda-jornada\/uruguay-vs-bolivia\/#breadcrumb\"},\"inLanguage\":\"es\",\"potentialAction\":[{\"@type\":\"ReadAction\",\"target\":[\"https:\/\/recreacionyturismo.coomeva.com.co\/copa-america\/segunda-jornada\/uruguay-vs-bolivia\/\"]}]},{\"@type\":\"ImageObject\",\"inLanguage\":\"es\",\"@id\":\"https:\/\/recreacionyturismo.coomeva.com.co\/copa-america\/segunda-jornada\/uruguay-vs-bolivia\/#primaryimage\",\"url\":\"https:\/\/recreacionyturismo.coomeva.com.co\/copa-america\/wp-content\/uploads\/2020\/10\/logoCoomevaRyT-200x100xc.png\",\"contentUrl\":\"https:\/\/recreacionyturismo.coomeva.com.co\/copa-america\/wp-content\/uploads\/2020\/10\/logoCoomevaRyT-200x100xc.png\"},{\"@type\":\"BreadcrumbList\",\"@id\":\"https:\/\/recreacionyturismo.coomeva.com.co\/copa-america\/segunda-jornada\/uruguay-vs-bolivia\/#breadcrumb\",\"itemListElement\":[{\"@type\":\"ListItem\",\"position\":1,\"name\":\"Portada\",\"item\":\"https:\/\/recreacionyturismo.coomeva.com.co\/copa-america\/\"},{\"@type\":\"ListItem\",\"position\":2,\"name\":\"Segunda Jornada\",\"item\":\"https:\/\/recreacionyturismo.coomeva.com.co\/copa-america\/segunda-jornada\/\"},{\"@type\":\"ListItem\",\"position\":3,\"name\":\"Uruguay vs Bolivia\"}]},{\"@type\":\"WebSite\",\"@id\":\"https:\/\/recreacionyturismo.coomeva.com.co\/copa-america\/#website\",\"url\":\"https:\/\/recreacionyturismo.coomeva.com.co\/copa-america\/\",\"name\":\"Copa Am\u00e9rica 2024\",\"description\":\"Coomeva Recreaci\u00f3n y Turismo\",\"publisher\":{\"@id\":\"https:\/\/recreacionyturismo.coomeva.com.co\/copa-america\/#organization\"},\"potentialAction\":[{\"@type\":\"SearchAction\",\"target\":{\"@type\":\"EntryPoint\",\"urlTemplate\":\"https:\/\/recreacionyturismo.coomeva.com.co\/copa-america\/?s={search_term_string}\"},\"query-input\":\"required name=search_term_string\"}],\"inLanguage\":\"es\"},{\"@type\":\"Organization\",\"@id\":\"https:\/\/recreacionyturismo.coomeva.com.co\/copa-america\/#organization\",\"name\":\"Copa Am\u00e9rica 2024\",\"url\":\"https:\/\/recreacionyturismo.coomeva.com.co\/copa-america\/\",\"logo\":{\"@type\":\"ImageObject\",\"inLanguage\":\"es\",\"@id\":\"https:\/\/recreacionyturismo.coomeva.com.co\/copa-america\/#\/schema\/logo\/image\/\",\"url\":\"https:\/\/recreacionyturismo.coomeva.com.co\/copa-america\/wp-content\/uploads\/2024\/06\/favicon-128.png\",\"contentUrl\":\"https:\/\/recreacionyturismo.coomeva.com.co\/copa-america\/wp-content\/uploads\/2024\/06\/favicon-128.png\",\"width\":128,\"height\":128,\"caption\":\"Copa Am\u00e9rica 2024\"},\"image\":{\"@id\":\"https:\/\/recreacionyturismo.coomeva.com.co\/copa-america\/#\/schema\/logo\/image\/\"}}]}<\/script>\n<!-- \/ Yoast SEO plugin. -->","yoast_head_json":{"title":"Uruguay vs Bolivia - Copa Am\u00e9rica 2024","robots":{"index":"index","follow":"follow","max-snippet":"max-snippet:-1","max-image-preview":"max-image-preview:large","max-video-preview":"max-video-preview:-1"},"canonical":"https:\/\/recreacionyturismo.coomeva.com.co\/copa-america\/segunda-jornada\/uruguay-vs-bolivia\/","og_locale":"es_ES","og_type":"article","og_title":"Uruguay vs Bolivia - Copa Am\u00e9rica 2024","og_description":"Inicio Mis puntos Tabla de posiciones Partidos Primera jornada Argentina vs Canad\u00e1 Per\u00fa vs Chile Ecuador vs Venezuela M\u00e9xico vs Jamaica Estados Uni","og_url":"https:\/\/recreacionyturismo.coomeva.com.co\/copa-america\/segunda-jornada\/uruguay-vs-bolivia\/","og_site_name":"Copa Am\u00e9rica 2024","article_modified_time":"2024-06-19T16:11:33+00:00","og_image":[{"url":"https:\/\/recreacionyturismo.coomeva.com.co\/copa-america\/wp-content\/uploads\/2020\/10\/logoCoomevaRyT-200x100xc.png"}],"twitter_card":"summary_large_image","twitter_misc":{"Tiempo de lectura":"2 minutos"},"schema":{"@context":"https:\/\/schema.org","@graph":[{"@type":"WebPage","@id":"https:\/\/recreacionyturismo.coomeva.com.co\/copa-america\/segunda-jornada\/uruguay-vs-bolivia\/","url":"https:\/\/recreacionyturismo.coomeva.com.co\/copa-america\/segunda-jornada\/uruguay-vs-bolivia\/","name":"Uruguay vs Bolivia - Copa Am\u00e9rica 2024","isPartOf":{"@id":"https:\/\/recreacionyturismo.coomeva.com.co\/copa-america\/#website"},"primaryImageOfPage":{"@id":"https:\/\/recreacionyturismo.coomeva.com.co\/copa-america\/segunda-jornada\/uruguay-vs-bolivia\/#primaryimage"},"image":{"@id":"https:\/\/recreacionyturismo.coomeva.com.co\/copa-america\/segunda-jornada\/uruguay-vs-bolivia\/#primaryimage"},"thumbnailUrl":"https:\/\/recreacionyturismo.coomeva.com.co\/copa-america\/wp-content\/uploads\/2020\/10\/logoCoomevaRyT-200x100xc.png","datePublished":"2024-06-18T17:02:52+00:00","dateModified":"2024-06-19T16:11:33+00:00","breadcrumb":{"@id":"https:\/\/recreacionyturismo.coomeva.com.co\/copa-america\/segunda-jornada\/uruguay-vs-bolivia\/#breadcrumb"},"inLanguage":"es","potentialAction":[{"@type":"ReadAction","target":["https:\/\/recreacionyturismo.coomeva.com.co\/copa-america\/segunda-jornada\/uruguay-vs-bolivia\/"]}]},{"@type":"ImageObject","inLanguage":"es","@id":"https:\/\/recreacionyturismo.coomeva.com.co\/copa-america\/segunda-jornada\/uruguay-vs-bolivia\/#primaryimage","url":"https:\/\/recreacionyturismo.coomeva.com.co\/copa-america\/wp-content\/uploads\/2020\/10\/logoCoomevaRyT-200x100xc.png","contentUrl":"https:\/\/recreacionyturismo.coomeva.com.co\/copa-america\/wp-content\/uploads\/2020\/10\/logoCoomevaRyT-200x100xc.png"},{"@type":"BreadcrumbList","@id":"https:\/\/recreacionyturismo.coomeva.com.co\/copa-america\/segunda-jornada\/uruguay-vs-bolivia\/#breadcrumb","itemListElement":[{"@type":"ListItem","position":1,"name":"Portada","item":"https:\/\/recreacionyturismo.coomeva.com.co\/copa-america\/"},{"@type":"ListItem","position":2,"name":"Segunda Jornada","item":"https:\/\/recreacionyturismo.coomeva.com.co\/copa-america\/segunda-jornada\/"},{"@type":"ListItem","position":3,"name":"Uruguay vs Bolivia"}]},{"@type":"WebSite","@id":"https:\/\/recreacionyturismo.coomeva.com.co\/copa-america\/#website","url":"https:\/\/recreacionyturismo.coomeva.com.co\/copa-america\/","name":"Copa Am\u00e9rica 2024","description":"Coomeva Recreaci\u00f3n y Turismo","publisher":{"@id":"https:\/\/recreacionyturismo.coomeva.com.co\/copa-america\/#organization"},"potentialAction":[{"@type":"SearchAction","target":{"@type":"EntryPoint","urlTemplate":"https:\/\/recreacionyturismo.coomeva.com.co\/copa-america\/?s={search_term_string}"},"query-input":"required name=search_term_string"}],"inLanguage":"es"},{"@type":"Organization","@id":"https:\/\/recreacionyturismo.coomeva.com.co\/copa-america\/#organization","name":"Copa Am\u00e9rica 2024","url":"https:\/\/recreacionyturismo.coomeva.com.co\/copa-america\/","logo":{"@type":"ImageObject","inLanguage":"es","@id":"https:\/\/recreacionyturismo.coomeva.com.co\/copa-america\/#\/schema\/logo\/image\/","url":"https:\/\/recreacionyturismo.coomeva.com.co\/copa-america\/wp-content\/uploads\/2024\/06\/favicon-128.png","contentUrl":"https:\/\/recreacionyturismo.coomeva.com.co\/copa-america\/wp-content\/uploads\/2024\/06\/favicon-128.png","width":128,"height":128,"caption":"Copa Am\u00e9rica 2024"},"image":{"@id":"https:\/\/recreacionyturismo.coomeva.com.co\/copa-america\/#\/schema\/logo\/image\/"}}]}},"_links":{"self":[{"href":"https:\/\/recreacionyturismo.coomeva.com.co\/copa-america\/wp-json\/wp\/v2\/pages\/2636"}],"collection":[{"href":"https:\/\/recreacionyturismo.coomeva.com.co\/copa-america\/wp-json\/wp\/v2\/pages"}],"about":[{"href":"https:\/\/recreacionyturismo.coomeva.com.co\/copa-america\/wp-json\/wp\/v2\/types\/page"}],"author":[{"embeddable":true,"href":"https:\/\/recreacionyturismo.coomeva.com.co\/copa-america\/wp-json\/wp\/v2\/users\/1132"}],"replies":[{"embeddable":true,"href":"https:\/\/recreacionyturismo.coomeva.com.co\/copa-america\/wp-json\/wp\/v2\/comments?post=2636"}],"version-history":[{"count":6,"href":"https:\/\/recreacionyturismo.coomeva.com.co\/copa-america\/wp-json\/wp\/v2\/pages\/2636\/revisions"}],"predecessor-version":[{"id":2832,"href":"https:\/\/recreacionyturismo.coomeva.com.co\/copa-america\/wp-json\/wp\/v2\/pages\/2636\/revisions\/2832"}],"up":[{"embeddable":true,"href":"https:\/\/recreacionyturismo.coomeva.com.co\/copa-america\/wp-json\/wp\/v2\/pages\/2558"}],"wp:attachment":[{"href":"https:\/\/recreacionyturismo.coomeva.com.co\/copa-america\/wp-json\/wp\/v2\/media?parent=2636"}],"curies":[{"name":"wp","href":"https:\/\/api.w.org\/{rel}","templated":true}]}}