{"id":2599,"date":"2024-06-18T11:34:58","date_gmt":"2024-06-18T16:34:58","guid":{"rendered":"https:\/\/recreacionyturismo.coomeva.com.co\/copa-america\/?page_id=2599"},"modified":"2024-06-19T11:38:27","modified_gmt":"2024-06-19T16:38:27","slug":"estados-unidos-vs-uruguay","status":"publish","type":"page","link":"https:\/\/recreacionyturismo.coomeva.com.co\/copa-america\/tercera-jornada\/estados-unidos-vs-uruguay\/","title":{"rendered":"Estados Unidos vs Uruguay"},"content":{"rendered":"<p><section class=\"kc-elm kc-css-789032 kc_row\"><div class=\"kc-row-container  kc-container\"><div class=\"kc-wrap-columns\"><\/div><\/div><\/section><section class=\"kc-elm kc-css-609052 kc_row\"><div class=\"kc-row-container  kc-container\"><div class=\"kc-wrap-columns\"><div class=\"kc-elm kc-css-217069 kc_column kc_col-sm-12\"><div class=\"kc-col-container\"><div class=\"kc-elm kc-css-170276\" style=\"height: 20px; clear: both; width:100%;\"><\/div><div class=\"kc-elm kc-css-398326 kc_text_block\"><\/p>\n<p style=\"text-align: center;\"><img decoding=\"async\" class=\"alignnone size-full\" style=\"height: 80px;\" src=\"https:\/\/recreacionyturismo.coomeva.com.co\/copa-america\/wp-content\/uploads\/2024\/06\/estados-unidos.png\" \/><strong> Estados Unidos<\/strong> vs. <strong>Uruguay <\/strong><img decoding=\"async\" class=\"alignnone size-full\" style=\"height: 80px;\" src=\"https:\/\/recreacionyturismo.coomeva.com.co\/copa-america\/wp-content\/uploads\/2024\/06\/uruguay.png\" \/><\/p>\n<p>\n<\/div><div class=\"kc-elm kc-css-818664 kc_text_block\"><\/p>\n<div class=\"row text-center mt-3\">\n<div class=\"col text-center\">\n        <img loading=\"lazy\" decoding=\"async\" class=\"alignnone size-full\" style=\"margin: 10px;\" src=\"https:\/\/recreacionyturismo.coomeva.com.co\/copa-america\/wp-content\/uploads\/2024\/06\/estados-unidos.png\" alt=\"\" width=\"75\" height=\"75\" \/><\/p>\n<p style=\"font-size: 20px; font-weight: bold; margin-bottom: 0px;\">Estados Unidos<\/p>\n<\/div>\n<div class=\"col text-center mb-5\" style=\"display: flex; flex-direction: column-reverse;\">\n<p style=\"font-size: 30px; font-weight: bold; margin-bottom: 0px;\">vs.<\/p>\n<\/div>\n<div class=\"col text-center\">\n        <img loading=\"lazy\" decoding=\"async\" class=\"alignnone size-full\" style=\"margin: 10px;\" src=\"https:\/\/recreacionyturismo.coomeva.com.co\/copa-america\/wp-content\/uploads\/2024\/06\/uruguay.png\" alt=\"\" width=\"75\" height=\"75\" \/><\/p>\n<p style=\"font-size: 20px; font-weight: bold; margin-bottom: 0px;\">Uruguay<\/p>\n<\/div>\n<\/div>\n<p>\n<\/div><div class=\"kc-elm kc-css-916008\" style=\"height: 20px; clear: both; width:100%;\"><\/div><div class=\"kc-elm kc-css-464050 kc_text_block\"><\/p>\n<p style=\"text-align: center; display: block;\">Lunes 1 de julio<br \/><strong>Hora: 08:00 pm<\/strong><\/p>\n<p>\n<\/div><\/div><\/div><\/div><\/div><\/section><section data-kc-fullwidth=\"row\" class=\"kc-elm kc-css-456732 kc_row\"><div class=\"kc-row-container  kc-container\"><div class=\"kc-wrap-columns\"><div class=\"kc-elm kc-css-173240 kc_col-sm-12 kc_column kc_col-sm-12\"><div class=\"kc-col-container\"><div class=\"kc-elm kc-css-25653 kc_text_block\"><\/p>\n<p class=\"titulos-encuentros\" style=\"text-align: center;\"><strong>Acierta el resultado<\/strong><\/p>\n<p>\n<\/div><div class=\"kc-elm kc-css-751848 kc-raw-code\"><div class=\"row text-center align-items-center mt-2\">\r\n    <div class=\"col\">\r\n        <label for=\"golesCol\" style=\"vertical-align: middle; margin:40px;\">\r\n            <img loading=\"lazy\" decoding=\"async\" class=\"alignnone size-full\" style=\"margin:20px;\" src=\"https:\/\/recreacionyturismo.coomeva.com.co\/copa-america\/wp-content\/uploads\/2024\/06\/estados-unidos.png\" alt=\"\" width=\"88\" height=\"88\" \/>\r\n            <p style=\"font-size: 30px; font-weight: bold;\">Estados Unidos<\/p>\r\n            <input id=\"golesCol\" type=\"text\" class=\"form-control\" oninput=\"event.target.value = event.target.value.replace(\/[^0-9]*\/g,'');\">\r\n        <\/label>\r\n    <\/div>\r\n    <div class=\"col-sm-12 col-md-1\">\r\n        <p style=\"font-size: 30px;\">Vs.<\/p>\r\n    <\/div>\r\n    <div class=\"col\">\r\n        <label for=\"golesOtro\" style=\"vertical-align: middle; margin:40px;\">\r\n            <img loading=\"lazy\" decoding=\"async\" class=\"alignnone size-full\" style=\"margin:20px;\" src=\"https:\/\/recreacionyturismo.coomeva.com.co\/copa-america\/wp-content\/uploads\/2024\/06\/uruguay.png\" alt=\"\" width=\"88\" height=\"88\" \/>\r\n            <p style=\"font-size: 30px;font-weight: bold;\">Uruguay<\/p>\r\n            <input id=\"golesOtro\" type=\"text\" class=\"form-control\" oninput=\"event.target.value = event.target.value.replace(\/[^0-9]*\/g,'');\">\r\n        <\/label>    \r\n    <\/div>\r\n  <\/div>\r\n\r\n<div class=\"row mt-2\">\r\n    <div class=\"col text-center\">\r\n        <button id=\"guardarGoles\" type=\"submit\" class=\"btn btn-success\">Enviar<\/button>\r\n    <\/div>\r\n<\/div>\r\n\r\n<div id=\"golesResponse\" class=\"text-center mt-3\"><\/div><\/div><div class=\"kc-elm kc-css-319537\" style=\"height: 50px; clear: both; width:100%;\"><\/div><div class=\"kc-elm kc-css-245605 kc_text_block\"><\/p>\n<hr \/>\n<p>\n<\/div><div class=\"kc-elm kc-css-982866\" style=\"height: 50px; clear: both; width:100%;\"><\/div><div class=\"kc-elm kc-css-475072 kc_text_block\"><\/p>\n<p class=\"titulos-encuentros\" style=\"text-align: center;\"><strong>\u00bfQu\u00e9 equipo anota el primer gol?<\/strong><\/p>\n<p>\n<\/div><div class=\"kc-elm kc-css-886180 kc-raw-code\"><div class=\"row text-center align-items-center mt-2\">\r\n    <div class=\"col\">\r\n        <label for=\"primerGol1\" style=\"vertical-align: middle; margin:40px;\">\r\n            <img loading=\"lazy\" decoding=\"async\" class=\"alignnone size-full\" style=\"margin:20px;\"\r\n                src=\"https:\/\/recreacionyturismo.coomeva.com.co\/copa-america\/wp-content\/uploads\/2024\/06\/estados-unidos.png\"\r\n                alt=\"\" width=\"88\" height=\"88\" \/>\r\n            <p style=\"font-size: 30px; font-weight: bold;\">Estados Unidos<\/p>\r\n            <input class=\"\" type=\"radio\" name=\"inlineRadioOptions\" id=\"primerGol1\" value=\"USA\">\r\n        <\/label>\r\n    <\/div>\r\n    <div class=\"col-sm-12 col-md-1\">\r\n        <p style=\"font-size: 30px;\">Vs.<\/p>\r\n    <\/div>\r\n    <div class=\"col\">\r\n        <label for=\"primerGol2\" style=\"vertical-align: middle; margin:40px;\">\r\n            <img loading=\"lazy\" decoding=\"async\" class=\"alignnone size-full\" style=\"margin:20px;\"\r\n                src=\"https:\/\/recreacionyturismo.coomeva.com.co\/copa-america\/wp-content\/uploads\/2024\/06\/uruguay.png\"\r\n                alt=\"\" width=\"88\" height=\"88\" \/>\r\n            <p style=\"font-size: 30px;font-weight: bold;\">Uruguay<\/p>\r\n            <input class=\"\" type=\"radio\" name=\"inlineRadioOptions\" id=\"primerGol2\" value=\"Uruguay\">\r\n        <\/label>\r\n    <\/div>\r\n<\/div>\r\n\r\n<div class=\"row my-3\">\r\n    <div class=\"col text-center\">\r\n        <label class=\"form-check-label\" for=\"primerGolNinguno\" style=\"display: block;\">\r\n            <p style=\"font-size: 25px; font-weight: bold; margin-bottom: 0px;\">Ninguno<\/p>\r\n        <\/label>\r\n        <input class=\"\" type=\"checkbox\" name=\"inlineRadioOptions\" id=\"primerGolNinguno\" value=\"primerGolNinguno\">\r\n    <\/div>\r\n<\/div>\r\n\r\n<div class=\"row mt-2\">\r\n    <div class=\"col text-center\">\r\n        <button id=\"guardarPrimerGol\" type=\"submit\" class=\"btn btn-success\">Enviar<\/button>\r\n    <\/div>\r\n<\/div>\r\n\r\n<div id=\"primerGolResponse\" class=\"text-center mt-3\"><\/div><\/div><div class=\"kc-elm kc-css-669681\" style=\"height: 50px; clear: both; width:100%;\"><\/div><div class=\"kc-elm kc-css-661044 kc_text_block\"><\/p>\n<hr \/>\n<p>\n<\/div><div class=\"kc-elm kc-css-148713\" style=\"height: 50px; clear: both; width:100%;\"><\/div><div class=\"kc-elm kc-css-535126 kc_text_block\"><\/p>\n<p class=\"titulos-encuentros\" style=\"text-align: center;\"><strong>\u00bfQu\u00e9 jugador anota el primer gol?<\/strong><\/p>\n<p>\n<\/div><div class=\"kc-elm kc-css-966067 kc-raw-code\"><div class=\"row text-center mt-5\">\r\n    <div class=\"col\">\r\n        <select class=\"custom-select\" id=\"anotaPrimero\">\r\n            <option selected disabled>Selecciona una opci\u00f3n<\/option>\r\n            <option disabled style=\"background-color: #eee;\">\u2193\u2193\u2193 JUGADORES ESTADOS UNIDOS \u2193\u2193\u2193<\/option>\r\n            <option value=\"Brenden Aaronson\">Brenden Aaronson<\/option>\r\n            <option value=\"Folarin Balogun\">Folarin Balogun<\/option>\r\n            <option value=\"Ricardo Pepi\">Ricardo Pepi<\/option>\r\n            <option value=\"Christian Pulisic\">Christian Pulisic<\/option>\r\n            <option value=\"Josh Sargent\">Josh Sargent<\/option>\r\n            <option value=\"Tim Weah\">Tim Weah<\/option>\r\n            <option value=\"Haji Wright\">Haji Wright<\/option>\r\n            <option value=\"Tyler Adam\">Tyler Adam<\/option>\r\n            <option value=\"Johnny Cardoso\">Johnny Cardoso<\/option>\r\n            <option value=\"Luca De la Torre\">Luca De la Torre<\/option>\r\n            <option value=\"Weston Mckennie\">Weston Mckennie<\/option>\r\n            <option value=\"Yunus Musah\">Yunus Musah<\/option>\r\n            <option value=\"Gio Reyna\">Gio Reyna<\/option>\r\n            <option value=\"Malik Tillman\">Malik Tillman<\/option>\r\n            <option value=\"Cameron Carter-Vickers\">Cameron Carter-Vickers<\/option>\r\n            <option value=\"Kristoffer Lund\">Kristoffer Lund<\/option>\r\n            <option value=\"Mark Mckenzie\">Mark Mckenzie<\/option>\r\n            <option value=\"Shaq Moore\">Shaq Moore<\/option>\r\n            <option value=\"Tim Ream\">Tim Ream<\/option>\r\n            <option value=\"Chris Richards\">Chris Richards<\/option>\r\n            <option value=\"Antonee Robinson\">Antonee Robinson<\/option>\r\n            <option value=\"Miles Robinson\">Miles Robinson<\/option>\r\n            <option value=\"Joe Scally\">Joe Scally<\/option>\r\n            <option value=\"Ethan Horvath\">Ethan Horvath<\/option>\r\n            <option value=\"Sean Johnson\">Sean Johnson<\/option>\r\n            <option value=\"Matt Turner\">Matt Turner<\/option>\r\n            <option disabled style=\"background-color: #eee;\">\u2193\u2193\u2193 JUGADORES URUGUAY \u2193\u2193\u2193<\/option>\r\n            <option value=\"Agust\u00edn Cannobio\">Agust\u00edn Cannobio<\/option>\r\n            <option value=\"Brian Rodr\u00edguez\">Brian Rodr\u00edguez<\/option>\r\n            <option value=\"Brian Ocampo\">Brian Ocampo<\/option>\r\n            <option value=\"Facundo Pellistri\">Facundo Pellistri<\/option>\r\n            <option value=\"Maximiliano Araujo\">Maximiliano Araujo<\/option>\r\n            <option value=\"Cristian Olivera\">Cristian Olivera<\/option>\r\n            <option value=\"Darwin N\u00fa\u00f1ez\">Darwin N\u00fa\u00f1ez<\/option>\r\n            <option value=\"Luis Su\u00e1rez\">Luis Su\u00e1rez<\/option>\r\n            <option value=\"Nahitan N\u00e1ndez\">Nahitan N\u00e1ndez<\/option>\r\n            <option value=\"Manuel Ugarte\">Manuel Ugarte<\/option>\r\n            <option value=\"Rodrigo Bentancur\">Rodrigo Bentancur<\/option>\r\n            <option value=\"Emiliano Mart\u00ednez\">Emiliano Mart\u00ednez<\/option>\r\n            <option value=\"Federico Valverde\">Federico Valverde<\/option>\r\n            <option value=\"Nicol\u00e1s de la Cruz\">Nicol\u00e1s de la Cruz<\/option>\r\n            <option value=\"Giorgan de Arrascaeta\">Giorgan de Arrascaeta<\/option>\r\n            <option value=\"Ronald Araujo\">Ronald Araujo<\/option>\r\n            <option value=\"Jos\u00e9 Mar\u00eda Gim\u00e9nez\">Jos\u00e9 Mar\u00eda Gim\u00e9nez<\/option>\r\n            <option value=\"Sebasti\u00e1n C\u00e1ceres\">Sebasti\u00e1n C\u00e1ceres<\/option>\r\n            <option value=\"Nicol\u00e1s Marichal\">Nicol\u00e1s Marichal<\/option>\r\n            <option value=\"Math\u00edas Olivera\">Math\u00edas Olivera<\/option>\r\n            <option value=\"Lucas Olaza\">Lucas Olaza<\/option>\r\n            <option value=\"Mat\u00edas Vi\u00f1a\">Mat\u00edas Vi\u00f1a<\/option>\r\n            <option value=\"Guillermo Varela\">Guillermo Varela<\/option>\r\n            <option value=\"Sergio Rochet\">Sergio Rochet<\/option>\r\n            <option value=\"Santiago Mele\">Santiago Mele<\/option>\r\n            <option value=\"Franco Israel\">Franco Israel<\/option>\r\n            <option value=\"Ninguno\">Ninguno<\/option>\r\n        <\/select>\r\n    <\/div>\r\n<\/div>\r\n<div class=\"row my-3\">\r\n    <div class=\"col text-center\">\r\n        <label class=\"form-check-label\" for=\"anotaPrimeroNinguno\" style=\"display: block;\">\r\n            <p style=\"font-size: 25px; font-weight: bold; margin-bottom: 0px;\">Ninguno<\/p>\r\n        <\/label>\r\n        <input class=\"\" type=\"checkbox\" name=\"inlineRadioOptions\" id=\"anotaPrimeroNinguno\" value=\"anotaPrimeroNinguno\">\r\n    <\/div>\r\n<\/div>\r\n<div class=\"row mt-5\">\r\n    <div class=\"col text-center\">\r\n        <button id=\"guardarAnotaPrimero\" type=\"submit\" class=\"btn btn-success\">Enviar<\/button>\r\n    <\/div>\r\n<\/div>\r\n<div id=\"anotaResponse\" class=\"text-center mt-3\"><\/div><\/div><div class=\"kc-elm kc-css-423287 kc-raw-code\"><script>\r\ndocument.addEventListener('DOMContentLoaded', function() {consultaUsuario();}, false);\r\n\tdocument.getElementById('guardarGoles').addEventListener('click', function(){guardarGoles();}, false);\r\n\tdocument.getElementById('guardarPrimerGol').addEventListener('click', function(){guardarPrimerGol();}, false);\r\n\tdocument.getElementById('guardarAnotaPrimero').addEventListener('click', function(){guardarAnotaPrimero();}, false);\r\n<\/script><\/div><div class=\"kc-elm kc-css-830243 kc-raw-code\"><div id=\"id\" style=\"display:none !important; height: 0px !important; visibility: hidden !important;\">22<\/div><\/div><div class=\"kc-elm kc-css-644393\" style=\"height: 30px; clear: both; width:100%;\"><\/div><div class=\"kc-elm kc-css-415714 kc_text_block\"><\/p>\n<p style=\"text-align: center;\"><a class=\"next-game\" href=\"https:\/\/recreacionyturismo.coomeva.com.co\/copa-america\/tercera-jornada\/costa-rica-vs-paraguay\/\">Siguiente partido\u00a0<i class=\"fas fa-arrow-right\"><\/i><\/a><\/p>\n<p>\n<\/div><\/div><\/div><\/div><\/div><\/section><section class=\"kc-elm kc-css-560326 kc_row\"><div class=\"kc-row-container  kc-container\"><div class=\"kc-wrap-columns\"><\/div><\/div><\/section><\/p>\n","protected":false},"excerpt":{"rendered":"<p> [&#8230;]<\/p>\n<p><a class=\"btn btn-secondary understrap-read-more-link\" href=\"https:\/\/recreacionyturismo.coomeva.com.co\/copa-america\/tercera-jornada\/estados-unidos-vs-uruguay\/\">Leer m\u00e1s&#8230;<\/a><\/p>\n","protected":false},"author":1,"featured_media":0,"parent":2560,"menu_order":0,"comment_status":"closed","ping_status":"closed","template":"page-templates\/right-sidebarpageCustom.php","meta":{"footnotes":""},"yoast_head":"<!-- This site is optimized with the Yoast SEO plugin v23.0 - https:\/\/yoast.com\/wordpress\/plugins\/seo\/ -->\n<title>Estados Unidos vs Uruguay - Copa Am\u00e9rica 2024<\/title>\n<meta name=\"robots\" content=\"index, follow, max-snippet:-1, max-image-preview:large, max-video-preview:-1\" \/>\n<link rel=\"canonical\" href=\"https:\/\/recreacionyturismo.coomeva.com.co\/copa-america\/tercera-jornada\/estados-unidos-vs-uruguay\/\" \/>\n<meta property=\"og:locale\" content=\"es_ES\" \/>\n<meta property=\"og:type\" content=\"article\" \/>\n<meta property=\"og:title\" content=\"Estados Unidos vs Uruguay - Copa Am\u00e9rica 2024\" \/>\n<meta property=\"og:description\" content=\"Inicio Mis puntos Tabla de posiciones Partidos Primera jornada Argentina vs Canad\u00e1 Per\u00fa vs Chile Ecuador vs Venezuela M\u00e9xico vs Jamaica Estados Uni\" \/>\n<meta property=\"og:url\" content=\"https:\/\/recreacionyturismo.coomeva.com.co\/copa-america\/tercera-jornada\/estados-unidos-vs-uruguay\/\" \/>\n<meta property=\"og:site_name\" content=\"Copa Am\u00e9rica 2024\" \/>\n<meta property=\"article:modified_time\" content=\"2024-06-19T16:38:27+00:00\" \/>\n<meta property=\"og:image\" content=\"https:\/\/recreacionyturismo.coomeva.com.co\/copa-america\/wp-content\/uploads\/2020\/11\/logoCoomeva-200x100xc.png\" \/>\n<meta name=\"twitter:card\" content=\"summary_large_image\" \/>\n<meta name=\"twitter:label1\" content=\"Tiempo de lectura\" \/>\n\t<meta name=\"twitter:data1\" content=\"2 minutos\" \/>\n<script type=\"application\/ld+json\" class=\"yoast-schema-graph\">{\"@context\":\"https:\/\/schema.org\",\"@graph\":[{\"@type\":\"WebPage\",\"@id\":\"https:\/\/recreacionyturismo.coomeva.com.co\/copa-america\/tercera-jornada\/estados-unidos-vs-uruguay\/\",\"url\":\"https:\/\/recreacionyturismo.coomeva.com.co\/copa-america\/tercera-jornada\/estados-unidos-vs-uruguay\/\",\"name\":\"Estados Unidos vs Uruguay - Copa Am\u00e9rica 2024\",\"isPartOf\":{\"@id\":\"https:\/\/recreacionyturismo.coomeva.com.co\/copa-america\/#website\"},\"primaryImageOfPage\":{\"@id\":\"https:\/\/recreacionyturismo.coomeva.com.co\/copa-america\/tercera-jornada\/estados-unidos-vs-uruguay\/#primaryimage\"},\"image\":{\"@id\":\"https:\/\/recreacionyturismo.coomeva.com.co\/copa-america\/tercera-jornada\/estados-unidos-vs-uruguay\/#primaryimage\"},\"thumbnailUrl\":\"https:\/\/recreacionyturismo.coomeva.com.co\/copa-america\/wp-content\/uploads\/2020\/11\/logoCoomeva-200x100xc.png\",\"datePublished\":\"2024-06-18T16:34:58+00:00\",\"dateModified\":\"2024-06-19T16:38:27+00:00\",\"breadcrumb\":{\"@id\":\"https:\/\/recreacionyturismo.coomeva.com.co\/copa-america\/tercera-jornada\/estados-unidos-vs-uruguay\/#breadcrumb\"},\"inLanguage\":\"es\",\"potentialAction\":[{\"@type\":\"ReadAction\",\"target\":[\"https:\/\/recreacionyturismo.coomeva.com.co\/copa-america\/tercera-jornada\/estados-unidos-vs-uruguay\/\"]}]},{\"@type\":\"ImageObject\",\"inLanguage\":\"es\",\"@id\":\"https:\/\/recreacionyturismo.coomeva.com.co\/copa-america\/tercera-jornada\/estados-unidos-vs-uruguay\/#primaryimage\",\"url\":\"https:\/\/recreacionyturismo.coomeva.com.co\/copa-america\/wp-content\/uploads\/2020\/11\/logoCoomeva-200x100xc.png\",\"contentUrl\":\"https:\/\/recreacionyturismo.coomeva.com.co\/copa-america\/wp-content\/uploads\/2020\/11\/logoCoomeva-200x100xc.png\"},{\"@type\":\"BreadcrumbList\",\"@id\":\"https:\/\/recreacionyturismo.coomeva.com.co\/copa-america\/tercera-jornada\/estados-unidos-vs-uruguay\/#breadcrumb\",\"itemListElement\":[{\"@type\":\"ListItem\",\"position\":1,\"name\":\"Portada\",\"item\":\"https:\/\/recreacionyturismo.coomeva.com.co\/copa-america\/\"},{\"@type\":\"ListItem\",\"position\":2,\"name\":\"Tercera Jornada\",\"item\":\"https:\/\/recreacionyturismo.coomeva.com.co\/copa-america\/tercera-jornada\/\"},{\"@type\":\"ListItem\",\"position\":3,\"name\":\"Estados Unidos vs Uruguay\"}]},{\"@type\":\"WebSite\",\"@id\":\"https:\/\/recreacionyturismo.coomeva.com.co\/copa-america\/#website\",\"url\":\"https:\/\/recreacionyturismo.coomeva.com.co\/copa-america\/\",\"name\":\"Copa Am\u00e9rica 2024\",\"description\":\"Coomeva Recreaci\u00f3n y Turismo\",\"publisher\":{\"@id\":\"https:\/\/recreacionyturismo.coomeva.com.co\/copa-america\/#organization\"},\"potentialAction\":[{\"@type\":\"SearchAction\",\"target\":{\"@type\":\"EntryPoint\",\"urlTemplate\":\"https:\/\/recreacionyturismo.coomeva.com.co\/copa-america\/?s={search_term_string}\"},\"query-input\":\"required name=search_term_string\"}],\"inLanguage\":\"es\"},{\"@type\":\"Organization\",\"@id\":\"https:\/\/recreacionyturismo.coomeva.com.co\/copa-america\/#organization\",\"name\":\"Copa Am\u00e9rica 2024\",\"url\":\"https:\/\/recreacionyturismo.coomeva.com.co\/copa-america\/\",\"logo\":{\"@type\":\"ImageObject\",\"inLanguage\":\"es\",\"@id\":\"https:\/\/recreacionyturismo.coomeva.com.co\/copa-america\/#\/schema\/logo\/image\/\",\"url\":\"https:\/\/recreacionyturismo.coomeva.com.co\/copa-america\/wp-content\/uploads\/2024\/06\/favicon-128.png\",\"contentUrl\":\"https:\/\/recreacionyturismo.coomeva.com.co\/copa-america\/wp-content\/uploads\/2024\/06\/favicon-128.png\",\"width\":128,\"height\":128,\"caption\":\"Copa Am\u00e9rica 2024\"},\"image\":{\"@id\":\"https:\/\/recreacionyturismo.coomeva.com.co\/copa-america\/#\/schema\/logo\/image\/\"}}]}<\/script>\n<!-- \/ Yoast SEO plugin. -->","yoast_head_json":{"title":"Estados Unidos vs Uruguay - Copa Am\u00e9rica 2024","robots":{"index":"index","follow":"follow","max-snippet":"max-snippet:-1","max-image-preview":"max-image-preview:large","max-video-preview":"max-video-preview:-1"},"canonical":"https:\/\/recreacionyturismo.coomeva.com.co\/copa-america\/tercera-jornada\/estados-unidos-vs-uruguay\/","og_locale":"es_ES","og_type":"article","og_title":"Estados Unidos vs Uruguay - Copa Am\u00e9rica 2024","og_description":"Inicio Mis puntos Tabla de posiciones Partidos Primera jornada Argentina vs Canad\u00e1 Per\u00fa vs Chile Ecuador vs Venezuela M\u00e9xico vs Jamaica Estados Uni","og_url":"https:\/\/recreacionyturismo.coomeva.com.co\/copa-america\/tercera-jornada\/estados-unidos-vs-uruguay\/","og_site_name":"Copa Am\u00e9rica 2024","article_modified_time":"2024-06-19T16:38:27+00:00","og_image":[{"url":"https:\/\/recreacionyturismo.coomeva.com.co\/copa-america\/wp-content\/uploads\/2020\/11\/logoCoomeva-200x100xc.png"}],"twitter_card":"summary_large_image","twitter_misc":{"Tiempo de lectura":"2 minutos"},"schema":{"@context":"https:\/\/schema.org","@graph":[{"@type":"WebPage","@id":"https:\/\/recreacionyturismo.coomeva.com.co\/copa-america\/tercera-jornada\/estados-unidos-vs-uruguay\/","url":"https:\/\/recreacionyturismo.coomeva.com.co\/copa-america\/tercera-jornada\/estados-unidos-vs-uruguay\/","name":"Estados Unidos vs Uruguay - Copa Am\u00e9rica 2024","isPartOf":{"@id":"https:\/\/recreacionyturismo.coomeva.com.co\/copa-america\/#website"},"primaryImageOfPage":{"@id":"https:\/\/recreacionyturismo.coomeva.com.co\/copa-america\/tercera-jornada\/estados-unidos-vs-uruguay\/#primaryimage"},"image":{"@id":"https:\/\/recreacionyturismo.coomeva.com.co\/copa-america\/tercera-jornada\/estados-unidos-vs-uruguay\/#primaryimage"},"thumbnailUrl":"https:\/\/recreacionyturismo.coomeva.com.co\/copa-america\/wp-content\/uploads\/2020\/11\/logoCoomeva-200x100xc.png","datePublished":"2024-06-18T16:34:58+00:00","dateModified":"2024-06-19T16:38:27+00:00","breadcrumb":{"@id":"https:\/\/recreacionyturismo.coomeva.com.co\/copa-america\/tercera-jornada\/estados-unidos-vs-uruguay\/#breadcrumb"},"inLanguage":"es","potentialAction":[{"@type":"ReadAction","target":["https:\/\/recreacionyturismo.coomeva.com.co\/copa-america\/tercera-jornada\/estados-unidos-vs-uruguay\/"]}]},{"@type":"ImageObject","inLanguage":"es","@id":"https:\/\/recreacionyturismo.coomeva.com.co\/copa-america\/tercera-jornada\/estados-unidos-vs-uruguay\/#primaryimage","url":"https:\/\/recreacionyturismo.coomeva.com.co\/copa-america\/wp-content\/uploads\/2020\/11\/logoCoomeva-200x100xc.png","contentUrl":"https:\/\/recreacionyturismo.coomeva.com.co\/copa-america\/wp-content\/uploads\/2020\/11\/logoCoomeva-200x100xc.png"},{"@type":"BreadcrumbList","@id":"https:\/\/recreacionyturismo.coomeva.com.co\/copa-america\/tercera-jornada\/estados-unidos-vs-uruguay\/#breadcrumb","itemListElement":[{"@type":"ListItem","position":1,"name":"Portada","item":"https:\/\/recreacionyturismo.coomeva.com.co\/copa-america\/"},{"@type":"ListItem","position":2,"name":"Tercera Jornada","item":"https:\/\/recreacionyturismo.coomeva.com.co\/copa-america\/tercera-jornada\/"},{"@type":"ListItem","position":3,"name":"Estados Unidos vs Uruguay"}]},{"@type":"WebSite","@id":"https:\/\/recreacionyturismo.coomeva.com.co\/copa-america\/#website","url":"https:\/\/recreacionyturismo.coomeva.com.co\/copa-america\/","name":"Copa Am\u00e9rica 2024","description":"Coomeva Recreaci\u00f3n y Turismo","publisher":{"@id":"https:\/\/recreacionyturismo.coomeva.com.co\/copa-america\/#organization"},"potentialAction":[{"@type":"SearchAction","target":{"@type":"EntryPoint","urlTemplate":"https:\/\/recreacionyturismo.coomeva.com.co\/copa-america\/?s={search_term_string}"},"query-input":"required name=search_term_string"}],"inLanguage":"es"},{"@type":"Organization","@id":"https:\/\/recreacionyturismo.coomeva.com.co\/copa-america\/#organization","name":"Copa Am\u00e9rica 2024","url":"https:\/\/recreacionyturismo.coomeva.com.co\/copa-america\/","logo":{"@type":"ImageObject","inLanguage":"es","@id":"https:\/\/recreacionyturismo.coomeva.com.co\/copa-america\/#\/schema\/logo\/image\/","url":"https:\/\/recreacionyturismo.coomeva.com.co\/copa-america\/wp-content\/uploads\/2024\/06\/favicon-128.png","contentUrl":"https:\/\/recreacionyturismo.coomeva.com.co\/copa-america\/wp-content\/uploads\/2024\/06\/favicon-128.png","width":128,"height":128,"caption":"Copa Am\u00e9rica 2024"},"image":{"@id":"https:\/\/recreacionyturismo.coomeva.com.co\/copa-america\/#\/schema\/logo\/image\/"}}]}},"_links":{"self":[{"href":"https:\/\/recreacionyturismo.coomeva.com.co\/copa-america\/wp-json\/wp\/v2\/pages\/2599"}],"collection":[{"href":"https:\/\/recreacionyturismo.coomeva.com.co\/copa-america\/wp-json\/wp\/v2\/pages"}],"about":[{"href":"https:\/\/recreacionyturismo.coomeva.com.co\/copa-america\/wp-json\/wp\/v2\/types\/page"}],"author":[{"embeddable":true,"href":"https:\/\/recreacionyturismo.coomeva.com.co\/copa-america\/wp-json\/wp\/v2\/users\/1"}],"replies":[{"embeddable":true,"href":"https:\/\/recreacionyturismo.coomeva.com.co\/copa-america\/wp-json\/wp\/v2\/comments?post=2599"}],"version-history":[{"count":7,"href":"https:\/\/recreacionyturismo.coomeva.com.co\/copa-america\/wp-json\/wp\/v2\/pages\/2599\/revisions"}],"predecessor-version":[{"id":2845,"href":"https:\/\/recreacionyturismo.coomeva.com.co\/copa-america\/wp-json\/wp\/v2\/pages\/2599\/revisions\/2845"}],"up":[{"embeddable":true,"href":"https:\/\/recreacionyturismo.coomeva.com.co\/copa-america\/wp-json\/wp\/v2\/pages\/2560"}],"wp:attachment":[{"href":"https:\/\/recreacionyturismo.coomeva.com.co\/copa-america\/wp-json\/wp\/v2\/media?parent=2599"}],"curies":[{"name":"wp","href":"https:\/\/api.w.org\/{rel}","templated":true}]}}