{"id":2566,"date":"2024-06-18T10:57:43","date_gmt":"2024-06-18T15:57:43","guid":{"rendered":"https:\/\/recreacionyturismo.coomeva.com.co\/copa-america\/?page_id=2566"},"modified":"2024-06-19T11:15:38","modified_gmt":"2024-06-19T16:15:38","slug":"argentina-vs-peru","status":"publish","type":"page","link":"https:\/\/recreacionyturismo.coomeva.com.co\/copa-america\/tercera-jornada\/argentina-vs-peru\/","title":{"rendered":"Argentina vs Per\u00fa"},"content":{"rendered":"<p><section class=\"kc-elm kc-css-915853 kc_row\"><div class=\"kc-row-container  kc-container\"><div class=\"kc-wrap-columns\"><\/div><\/div><\/section><section class=\"kc-elm kc-css-239524 kc_row\"><div class=\"kc-row-container  kc-container\"><div class=\"kc-wrap-columns\"><div class=\"kc-elm kc-css-388252 kc_column kc_col-sm-12\"><div class=\"kc-col-container\"><div class=\"kc-elm kc-css-552426\" style=\"height: 20px; clear: both; width:100%;\"><\/div><div class=\"kc-elm kc-css-577417 kc_text_block\"><\/p>\n<p style=\"text-align: center;\"><img decoding=\"async\" class=\"alignnone size-full\" style=\"height: 80px;\" src=\"https:\/\/recreacionyturismo.coomeva.com.co\/copa-america\/wp-content\/uploads\/2024\/06\/argentina.png\" \/> <strong>Argentina<\/strong> vs. <strong>Per\u00fa <\/strong><img decoding=\"async\" class=\"alignnone size-full\" style=\"height: 80px;\" src=\"https:\/\/recreacionyturismo.coomeva.com.co\/copa-america\/wp-content\/uploads\/2024\/06\/peru.png\" \/><\/p>\n<p>\n<\/div><div class=\"kc-elm kc-css-316505 kc_text_block\"><\/p>\n<div class=\"row text-center mt-3\">\n<div class=\"col text-center\">\n        <img loading=\"lazy\" decoding=\"async\" class=\"alignnone size-full\" style=\"margin: 10px;\" src=\"https:\/\/recreacionyturismo.coomeva.com.co\/copa-america\/wp-content\/uploads\/2024\/06\/argentina.png\" alt=\"\" width=\"75\" height=\"75\" \/><\/p>\n<p style=\"font-size: 20px; font-weight: bold; margin-bottom: 0px;\">Argentina<\/p>\n<\/div>\n<div class=\"col text-center mb-5\" style=\"display: flex; flex-direction: column-reverse;\">\n<p style=\"font-size: 30px; font-weight: bold; margin-bottom: 0px;\">vs.<\/p>\n<\/div>\n<div class=\"col text-center\">\n        <img loading=\"lazy\" decoding=\"async\" class=\"alignnone size-full\" style=\"margin: 10px;\" src=\"https:\/\/recreacionyturismo.coomeva.com.co\/copa-america\/wp-content\/uploads\/2024\/06\/peru.png\" alt=\"\" width=\"75\" height=\"75\" \/><\/p>\n<p style=\"font-size: 20px; font-weight: bold; margin-bottom: 0px;\">Per\u00fa<\/p>\n<\/div>\n<\/div>\n<p>\n<\/div><div class=\"kc-elm kc-css-889715\" style=\"height: 20px; clear: both; width:100%;\"><\/div><div class=\"kc-elm kc-css-664925 kc_text_block\"><\/p>\n<p style=\"text-align: center; display: block;\">S\u00e1bado 29 de junio<br \/><strong>Hora: 07:00 pm<\/strong><\/p>\n<p>\n<\/div><\/div><\/div><\/div><\/div><\/section><section data-kc-fullwidth=\"row\" class=\"kc-elm kc-css-410406 kc_row\"><div class=\"kc-row-container  kc-container\"><div class=\"kc-wrap-columns\"><div class=\"kc-elm kc-css-563047 kc_col-sm-12 kc_column kc_col-sm-12\"><div class=\"kc-col-container\"><div class=\"kc-elm kc-css-269012 kc_text_block\"><\/p>\n<p class=\"titulos-encuentros\" style=\"text-align: center;\"><strong>Acierta el resultado<\/strong><\/p>\n<p>\n<\/div><div class=\"kc-elm kc-css-331981 kc-raw-code\"><div class=\"row text-center align-items-center mt-2\">\r\n    <div class=\"col\">\r\n        <label for=\"golesCol\" style=\"vertical-align: middle; margin:40px;\">\r\n            <img loading=\"lazy\" decoding=\"async\" class=\"alignnone size-full\" style=\"margin:20px;\" src=\"https:\/\/recreacionyturismo.coomeva.com.co\/copa-america\/wp-content\/uploads\/2024\/06\/argentina.png\" alt=\"\" width=\"88\" height=\"88\" \/>\r\n            <p style=\"font-size: 30px; font-weight: bold;\">Argentina<\/p>\r\n            <input id=\"golesCol\" type=\"text\" class=\"form-control\" oninput=\"event.target.value = event.target.value.replace(\/[^0-9]*\/g,'');\">\r\n        <\/label>\r\n    <\/div>\r\n    <div class=\"col-sm-12 col-md-1\">\r\n        <p style=\"font-size: 30px;\">Vs.<\/p>\r\n    <\/div>\r\n    <div class=\"col\">\r\n        <label for=\"golesOtro\" style=\"vertical-align: middle; margin:40px;\">\r\n            <img loading=\"lazy\" decoding=\"async\" class=\"alignnone size-full\" style=\"margin:20px;\" src=\"https:\/\/recreacionyturismo.coomeva.com.co\/copa-america\/wp-content\/uploads\/2024\/06\/peru.png\" alt=\"\" width=\"88\" height=\"88\" \/>\r\n            <p style=\"font-size: 30px;font-weight: bold;\">Per\u00fa<\/p>\r\n            <input id=\"golesOtro\" type=\"text\" class=\"form-control\" oninput=\"event.target.value = event.target.value.replace(\/[^0-9]*\/g,'');\">\r\n        <\/label>    \r\n    <\/div>\r\n  <\/div>\r\n\r\n<div class=\"row mt-2\">\r\n    <div class=\"col text-center\">\r\n        <button id=\"guardarGoles\" type=\"submit\" class=\"btn btn-success\">Enviar<\/button>\r\n    <\/div>\r\n<\/div>\r\n\r\n<div id=\"golesResponse\" class=\"text-center mt-3\"><\/div><\/div><div class=\"kc-elm kc-css-58466\" style=\"height: 50px; clear: both; width:100%;\"><\/div><div class=\"kc-elm kc-css-303275 kc_text_block\"><\/p>\n<hr \/>\n<p>\n<\/div><div class=\"kc-elm kc-css-573705\" style=\"height: 50px; clear: both; width:100%;\"><\/div><div class=\"kc-elm kc-css-52019 kc_text_block\"><\/p>\n<p class=\"titulos-encuentros\" style=\"text-align: center;\"><strong>\u00bfQu\u00e9 equipo anota el primer gol?<\/strong><\/p>\n<p>\n<\/div><div class=\"kc-elm kc-css-96786 kc-raw-code\"><div class=\"row text-center align-items-center mt-2\">\r\n    <div class=\"col\">\r\n        <label for=\"primerGol1\" style=\"vertical-align: middle; margin:40px;\">\r\n            <img loading=\"lazy\" decoding=\"async\" class=\"alignnone size-full\" style=\"margin:20px;\"\r\n                src=\"https:\/\/recreacionyturismo.coomeva.com.co\/copa-america\/wp-content\/uploads\/2024\/06\/argentina.png\"\r\n                alt=\"\" width=\"88\" height=\"88\" \/>\r\n            <p style=\"font-size: 30px; font-weight: bold;\">Argentina<\/p>\r\n            <input class=\"\" type=\"radio\" name=\"inlineRadioOptions\" id=\"primerGol1\" value=\"Argentina\">\r\n        <\/label>\r\n    <\/div>\r\n    <div class=\"col-sm-12 col-md-1\">\r\n        <p style=\"font-size: 30px;\">Vs.<\/p>\r\n    <\/div>\r\n    <div class=\"col\">\r\n        <label for=\"primerGol2\" style=\"vertical-align: middle; margin:40px;\">\r\n            <img loading=\"lazy\" decoding=\"async\" class=\"alignnone size-full\" style=\"margin:20px;\"\r\n                src=\"https:\/\/recreacionyturismo.coomeva.com.co\/copa-america\/wp-content\/uploads\/2024\/06\/peru.png\"\r\n                alt=\"\" width=\"88\" height=\"88\" \/>\r\n            <p style=\"font-size: 30px;font-weight: bold;\">Per\u00fa<\/p>\r\n            <input class=\"\" type=\"radio\" name=\"inlineRadioOptions\" id=\"primerGol2\" value=\"Per\u00fa\">\r\n        <\/label>\r\n    <\/div>\r\n<\/div>\r\n\r\n<div class=\"row my-3\">\r\n    <div class=\"col text-center\">\r\n        <label class=\"form-check-label\" for=\"primerGolNinguno\" style=\"display: block;\">\r\n            <p style=\"font-size: 25px; font-weight: bold; margin-bottom: 0px;\">Ninguno<\/p>\r\n        <\/label>\r\n        <input class=\"\" type=\"checkbox\" name=\"inlineRadioOptions\" id=\"primerGolNinguno\" value=\"primerGolNinguno\">\r\n    <\/div>\r\n<\/div>\r\n\r\n<div class=\"row mt-2\">\r\n    <div class=\"col text-center\">\r\n        <button id=\"guardarPrimerGol\" type=\"submit\" class=\"btn btn-success\">Enviar<\/button>\r\n    <\/div>\r\n<\/div>\r\n\r\n<div id=\"primerGolResponse\" class=\"text-center mt-3\"><\/div><\/div><div class=\"kc-elm kc-css-222755\" style=\"height: 50px; clear: both; width:100%;\"><\/div><div class=\"kc-elm kc-css-65314 kc_text_block\"><\/p>\n<hr \/>\n<p>\n<\/div><div class=\"kc-elm kc-css-137948\" style=\"height: 50px; clear: both; width:100%;\"><\/div><div class=\"kc-elm kc-css-624291 kc_text_block\"><\/p>\n<p class=\"titulos-encuentros\" style=\"text-align: center;\"><strong>\u00bfQu\u00e9 jugador anota el primer gol?<\/strong><\/p>\n<p>\n<\/div><div class=\"kc-elm kc-css-315693 kc-raw-code\"><div class=\"row text-center mt-5\">\r\n    <div class=\"col\">\r\n        <select class=\"custom-select\" id=\"anotaPrimero\">\r\n            <option selected disabled>Selecciona una opci\u00f3n<\/option>\r\n            <option disabled style=\"background-color: #eee;\">\u2193\u2193\u2193 JUGADORES ARGENTINA \u2193\u2193\u2193<\/option>\r\n            <option value=\"Lionel Andres Messi\">Lionel Andres Messi<\/option>\r\n            <option value=\"\u00c1ngel Di Maria\">\u00c1ngel Di Maria<\/option>\r\n            <option value=\"Lautaro Martinez\">Lautaro Martinez<\/option>\r\n            <option value=\"Jul\u00edan \u00c1lvarez\">Jul\u00edan \u00c1lvarez<\/option>\r\n            <option value=\"Alejandro Garnacho\">Alejandro Garnacho<\/option>\r\n            <option value=\"Guido Rodriguez\">Guido Rodriguez<\/option>\r\n            <option value=\"Leandro Paredes\">Leandro Paredes<\/option>\r\n            <option value=\"Alexis Mac Allister\">Alexis Mac Allister<\/option>\r\n            <option value=\"Rodrigo De Paul\">Rodrigo De Paul<\/option>\r\n            <option value=\"Enzo Fern\u00e1ndez\">Enzo Fern\u00e1ndez<\/option>\r\n            <option value=\"Exequiel Palacios\">Exequiel Palacios<\/option>\r\n            <option value=\"Giovani Lo Celso\">Giovani Lo Celso<\/option>\r\n            <option value=\"Nicol\u00e1s Gonz\u00e1lez\">Nicol\u00e1s Gonz\u00e1lez<\/option>\r\n            <option value=\"Valent\u00edn Carboni\">Valent\u00edn Carboni<\/option>\r\n            <option value=\"Gonzalo Montiel\">Gonzalo Montiel<\/option>\r\n            <option value=\"Nahuel Molina\">Nahuel Molina<\/option>\r\n            <option value=\"Nicol\u00e1s Tagliafico\">Nicol\u00e1s Tagliafico<\/option>\r\n            <option value=\"Marcos Acu\u00f1a\">Marcos Acu\u00f1a<\/option>\r\n            <option value=\"Cristian Romero\">Cristian Romero<\/option>\r\n            <option value=\"Germ\u00e1n Pezzella\">Germ\u00e1n Pezzella<\/option>\r\n            <option value=\"Nicol\u00e1s Otamendi\">Nicol\u00e1s Otamendi<\/option>\r\n            <option value=\"Lucas Mart\u00ednez Quarta\">Lucas Mart\u00ednez Quarta<\/option>\r\n            <option value=\"Lisandro Mart\u00ednez\">Lisandro Mart\u00ednez<\/option>\r\n            <option value=\"Emiliano Mart\u00ednez\">Emiliano Mart\u00ednez<\/option>\r\n            <option value=\"Franco Armani\">Franco Armani<\/option>\r\n            <option value=\"Ger\u00f3nimo Rulli\">Ger\u00f3nimo Rulli<\/option>\r\n            <option disabled style=\"background-color: #eee;\">\u2193\u2193\u2193 JUGADORES PER\u00da \u2193\u2193\u2193<\/option>\r\n            <option value=\"Andr\u00e9 Carrillo\">Andr\u00e9 Carrillo<\/option>\r\n            <option value=\"Gianluca Lapadula\">Gianluca Lapadula<\/option>\r\n            <option value=\"Bryan Reyna\">Bryan Reyna<\/option>\r\n            <option value=\"Franco Zanelatto\">Franco Zanelatto<\/option>\r\n            <option value=\"Andy Polo\">Andy Polo<\/option>\r\n            <option value=\"Edison Flores\">Edison Flores<\/option>\r\n            <option value=\"Jos\u00e9 Rivera\">Jos\u00e9 Rivera<\/option>\r\n            <option value=\"Joao Grimaldo\">Joao Grimaldo<\/option>\r\n            <option value=\"Paolo Guerrero\">Paolo Guerrero<\/option>\r\n            <option value=\"Wilder Cartagena\">Wilder Cartagena<\/option>\r\n            <option value=\"Jesus Castillo\">Jesus Castillo<\/option>\r\n            <option value=\"Sergio Pe\u00f1a\">Sergio Pe\u00f1a<\/option>\r\n            <option value=\"Piero Quispe\">Piero Quispe<\/option>\r\n            <option value=\"Christian Cueva\">Christian Cueva<\/option>\r\n            <option value=\"Luis Abram\">Luis Abram<\/option>\r\n            <option value=\"Luis Adv\u00edncula\">Luis Adv\u00edncula<\/option>\r\n            <option value=\"Miguel Araujo\">Miguel Araujo<\/option>\r\n            <option value=\"Alexander Callens\">Alexander Callens<\/option>\r\n            <option value=\"Marcos L\u00f3pez\">Marcos L\u00f3pez<\/option>\r\n            <option value=\"Anderson Santamar\u00eda\">Anderson Santamar\u00eda<\/option>\r\n            <option value=\"Oliver Sonne\">Oliver Sonne<\/option>\r\n            <option value=\"Carlos Zambrano\">Carlos Zambrano<\/option>\r\n            <option value=\"Aldo Corzo\">Aldo Corzo<\/option>\r\n            <option value=\"Pedro Gallese\">Pedro Gallese<\/option>\r\n            <option value=\"Carlos C\u00e1ceda\">Carlos C\u00e1ceda<\/option>\r\n            <option value=\"Diego Romero\">Diego Romero<\/option>\r\n            <option value=\"Ninguno\">Ninguno<\/option>\r\n        <\/select>\r\n    <\/div>\r\n<\/div>\r\n<div class=\"row my-3\">\r\n    <div class=\"col text-center\">\r\n        <label class=\"form-check-label\" for=\"anotaPrimeroNinguno\" style=\"display: block;\">\r\n            <p style=\"font-size: 25px; font-weight: bold; margin-bottom: 0px;\">Ninguno<\/p>\r\n        <\/label>\r\n        <input class=\"\" type=\"checkbox\" name=\"inlineRadioOptions\" id=\"anotaPrimeroNinguno\" value=\"anotaPrimeroNinguno\">\r\n    <\/div>\r\n<\/div>\r\n<div class=\"row mt-5\">\r\n    <div class=\"col text-center\">\r\n        <button id=\"guardarAnotaPrimero\" type=\"submit\" class=\"btn btn-success\">Enviar<\/button>\r\n    <\/div>\r\n<\/div>\r\n<div id=\"anotaResponse\" class=\"text-center mt-3\"><\/div><\/div><div class=\"kc-elm kc-css-179000 kc-raw-code\"><script>\r\ndocument.addEventListener('DOMContentLoaded', function() {consultaUsuario();}, false);\r\n\tdocument.getElementById('guardarGoles').addEventListener('click', function(){guardarGoles();}, false);\r\n\tdocument.getElementById('guardarPrimerGol').addEventListener('click', function(){guardarPrimerGol();}, false);\r\n\tdocument.getElementById('guardarAnotaPrimero').addEventListener('click', function(){guardarAnotaPrimero();}, false);\r\n<\/script><\/div><div class=\"kc-elm kc-css-580767 kc-raw-code\"><div id=\"id\" style=\"display:none !important; height: 0px !important; visibility: hidden !important;\">17<\/div><\/div><div class=\"kc-elm kc-css-779765\" style=\"height: 30px; clear: both; width:100%;\"><\/div><div class=\"kc-elm kc-css-495954 kc_text_block\"><\/p>\n<p style=\"text-align: center;\"><a class=\"next-game\" href=\"https:\/\/recreacionyturismo.coomeva.com.co\/copa-america\/tercera-jornada\/canada-vs-chile\/\">Siguiente partido\u00a0<i class=\"fas fa-arrow-right\"><\/i><\/a><\/p>\n<p>\n<\/div><\/div><\/div><\/div><\/div><\/section><section class=\"kc-elm kc-css-186567 kc_row\"><div class=\"kc-row-container  kc-container\"><div class=\"kc-wrap-columns\"><\/div><\/div><\/section><\/p>\n","protected":false},"excerpt":{"rendered":"<p> [&#8230;]<\/p>\n<p><a class=\"btn btn-secondary understrap-read-more-link\" href=\"https:\/\/recreacionyturismo.coomeva.com.co\/copa-america\/tercera-jornada\/argentina-vs-peru\/\">Leer m\u00e1s&#8230;<\/a><\/p>\n","protected":false},"author":1,"featured_media":0,"parent":2560,"menu_order":0,"comment_status":"closed","ping_status":"closed","template":"page-templates\/right-sidebarpageCustom.php","meta":{"footnotes":""},"yoast_head":"<!-- This site is optimized with the Yoast SEO plugin v23.0 - https:\/\/yoast.com\/wordpress\/plugins\/seo\/ -->\n<title>Argentina vs Per\u00fa - Copa Am\u00e9rica 2024<\/title>\n<meta name=\"robots\" content=\"index, follow, max-snippet:-1, max-image-preview:large, max-video-preview:-1\" \/>\n<link rel=\"canonical\" href=\"https:\/\/recreacionyturismo.coomeva.com.co\/copa-america\/tercera-jornada\/argentina-vs-peru\/\" \/>\n<meta property=\"og:locale\" content=\"es_ES\" \/>\n<meta property=\"og:type\" content=\"article\" \/>\n<meta property=\"og:title\" content=\"Argentina vs Per\u00fa - Copa Am\u00e9rica 2024\" \/>\n<meta property=\"og:description\" content=\"Inicio Mis puntos Tabla de posiciones Partidos Primera jornada Argentina vs Canad\u00e1 Per\u00fa vs Chile Ecuador vs Venezuela M\u00e9xico vs Jamaica Estados Uni\" \/>\n<meta property=\"og:url\" content=\"https:\/\/recreacionyturismo.coomeva.com.co\/copa-america\/tercera-jornada\/argentina-vs-peru\/\" \/>\n<meta property=\"og:site_name\" content=\"Copa Am\u00e9rica 2024\" \/>\n<meta property=\"article:modified_time\" content=\"2024-06-19T16:15:38+00:00\" \/>\n<meta property=\"og:image\" content=\"https:\/\/recreacionyturismo.coomeva.com.co\/copa-america\/wp-content\/uploads\/2020\/10\/logoCoomevaRyT-200x100xc.png\" \/>\n<meta name=\"twitter:card\" content=\"summary_large_image\" \/>\n<meta name=\"twitter:label1\" content=\"Tiempo de lectura\" \/>\n\t<meta name=\"twitter:data1\" content=\"2 minutos\" \/>\n<script type=\"application\/ld+json\" class=\"yoast-schema-graph\">{\"@context\":\"https:\/\/schema.org\",\"@graph\":[{\"@type\":\"WebPage\",\"@id\":\"https:\/\/recreacionyturismo.coomeva.com.co\/copa-america\/tercera-jornada\/argentina-vs-peru\/\",\"url\":\"https:\/\/recreacionyturismo.coomeva.com.co\/copa-america\/tercera-jornada\/argentina-vs-peru\/\",\"name\":\"Argentina vs Per\u00fa - Copa Am\u00e9rica 2024\",\"isPartOf\":{\"@id\":\"https:\/\/recreacionyturismo.coomeva.com.co\/copa-america\/#website\"},\"primaryImageOfPage\":{\"@id\":\"https:\/\/recreacionyturismo.coomeva.com.co\/copa-america\/tercera-jornada\/argentina-vs-peru\/#primaryimage\"},\"image\":{\"@id\":\"https:\/\/recreacionyturismo.coomeva.com.co\/copa-america\/tercera-jornada\/argentina-vs-peru\/#primaryimage\"},\"thumbnailUrl\":\"https:\/\/recreacionyturismo.coomeva.com.co\/copa-america\/wp-content\/uploads\/2020\/10\/logoCoomevaRyT-200x100xc.png\",\"datePublished\":\"2024-06-18T15:57:43+00:00\",\"dateModified\":\"2024-06-19T16:15:38+00:00\",\"breadcrumb\":{\"@id\":\"https:\/\/recreacionyturismo.coomeva.com.co\/copa-america\/tercera-jornada\/argentina-vs-peru\/#breadcrumb\"},\"inLanguage\":\"es\",\"potentialAction\":[{\"@type\":\"ReadAction\",\"target\":[\"https:\/\/recreacionyturismo.coomeva.com.co\/copa-america\/tercera-jornada\/argentina-vs-peru\/\"]}]},{\"@type\":\"ImageObject\",\"inLanguage\":\"es\",\"@id\":\"https:\/\/recreacionyturismo.coomeva.com.co\/copa-america\/tercera-jornada\/argentina-vs-peru\/#primaryimage\",\"url\":\"https:\/\/recreacionyturismo.coomeva.com.co\/copa-america\/wp-content\/uploads\/2020\/10\/logoCoomevaRyT-200x100xc.png\",\"contentUrl\":\"https:\/\/recreacionyturismo.coomeva.com.co\/copa-america\/wp-content\/uploads\/2020\/10\/logoCoomevaRyT-200x100xc.png\"},{\"@type\":\"BreadcrumbList\",\"@id\":\"https:\/\/recreacionyturismo.coomeva.com.co\/copa-america\/tercera-jornada\/argentina-vs-peru\/#breadcrumb\",\"itemListElement\":[{\"@type\":\"ListItem\",\"position\":1,\"name\":\"Portada\",\"item\":\"https:\/\/recreacionyturismo.coomeva.com.co\/copa-america\/\"},{\"@type\":\"ListItem\",\"position\":2,\"name\":\"Tercera Jornada\",\"item\":\"https:\/\/recreacionyturismo.coomeva.com.co\/copa-america\/tercera-jornada\/\"},{\"@type\":\"ListItem\",\"position\":3,\"name\":\"Argentina vs Per\u00fa\"}]},{\"@type\":\"WebSite\",\"@id\":\"https:\/\/recreacionyturismo.coomeva.com.co\/copa-america\/#website\",\"url\":\"https:\/\/recreacionyturismo.coomeva.com.co\/copa-america\/\",\"name\":\"Copa Am\u00e9rica 2024\",\"description\":\"Coomeva Recreaci\u00f3n y Turismo\",\"publisher\":{\"@id\":\"https:\/\/recreacionyturismo.coomeva.com.co\/copa-america\/#organization\"},\"potentialAction\":[{\"@type\":\"SearchAction\",\"target\":{\"@type\":\"EntryPoint\",\"urlTemplate\":\"https:\/\/recreacionyturismo.coomeva.com.co\/copa-america\/?s={search_term_string}\"},\"query-input\":\"required name=search_term_string\"}],\"inLanguage\":\"es\"},{\"@type\":\"Organization\",\"@id\":\"https:\/\/recreacionyturismo.coomeva.com.co\/copa-america\/#organization\",\"name\":\"Copa Am\u00e9rica 2024\",\"url\":\"https:\/\/recreacionyturismo.coomeva.com.co\/copa-america\/\",\"logo\":{\"@type\":\"ImageObject\",\"inLanguage\":\"es\",\"@id\":\"https:\/\/recreacionyturismo.coomeva.com.co\/copa-america\/#\/schema\/logo\/image\/\",\"url\":\"https:\/\/recreacionyturismo.coomeva.com.co\/copa-america\/wp-content\/uploads\/2024\/06\/favicon-128.png\",\"contentUrl\":\"https:\/\/recreacionyturismo.coomeva.com.co\/copa-america\/wp-content\/uploads\/2024\/06\/favicon-128.png\",\"width\":128,\"height\":128,\"caption\":\"Copa Am\u00e9rica 2024\"},\"image\":{\"@id\":\"https:\/\/recreacionyturismo.coomeva.com.co\/copa-america\/#\/schema\/logo\/image\/\"}}]}<\/script>\n<!-- \/ Yoast SEO plugin. -->","yoast_head_json":{"title":"Argentina vs Per\u00fa - Copa Am\u00e9rica 2024","robots":{"index":"index","follow":"follow","max-snippet":"max-snippet:-1","max-image-preview":"max-image-preview:large","max-video-preview":"max-video-preview:-1"},"canonical":"https:\/\/recreacionyturismo.coomeva.com.co\/copa-america\/tercera-jornada\/argentina-vs-peru\/","og_locale":"es_ES","og_type":"article","og_title":"Argentina vs Per\u00fa - Copa Am\u00e9rica 2024","og_description":"Inicio Mis puntos Tabla de posiciones Partidos Primera jornada Argentina vs Canad\u00e1 Per\u00fa vs Chile Ecuador vs Venezuela M\u00e9xico vs Jamaica Estados Uni","og_url":"https:\/\/recreacionyturismo.coomeva.com.co\/copa-america\/tercera-jornada\/argentina-vs-peru\/","og_site_name":"Copa Am\u00e9rica 2024","article_modified_time":"2024-06-19T16:15:38+00:00","og_image":[{"url":"https:\/\/recreacionyturismo.coomeva.com.co\/copa-america\/wp-content\/uploads\/2020\/10\/logoCoomevaRyT-200x100xc.png"}],"twitter_card":"summary_large_image","twitter_misc":{"Tiempo de lectura":"2 minutos"},"schema":{"@context":"https:\/\/schema.org","@graph":[{"@type":"WebPage","@id":"https:\/\/recreacionyturismo.coomeva.com.co\/copa-america\/tercera-jornada\/argentina-vs-peru\/","url":"https:\/\/recreacionyturismo.coomeva.com.co\/copa-america\/tercera-jornada\/argentina-vs-peru\/","name":"Argentina vs Per\u00fa - Copa Am\u00e9rica 2024","isPartOf":{"@id":"https:\/\/recreacionyturismo.coomeva.com.co\/copa-america\/#website"},"primaryImageOfPage":{"@id":"https:\/\/recreacionyturismo.coomeva.com.co\/copa-america\/tercera-jornada\/argentina-vs-peru\/#primaryimage"},"image":{"@id":"https:\/\/recreacionyturismo.coomeva.com.co\/copa-america\/tercera-jornada\/argentina-vs-peru\/#primaryimage"},"thumbnailUrl":"https:\/\/recreacionyturismo.coomeva.com.co\/copa-america\/wp-content\/uploads\/2020\/10\/logoCoomevaRyT-200x100xc.png","datePublished":"2024-06-18T15:57:43+00:00","dateModified":"2024-06-19T16:15:38+00:00","breadcrumb":{"@id":"https:\/\/recreacionyturismo.coomeva.com.co\/copa-america\/tercera-jornada\/argentina-vs-peru\/#breadcrumb"},"inLanguage":"es","potentialAction":[{"@type":"ReadAction","target":["https:\/\/recreacionyturismo.coomeva.com.co\/copa-america\/tercera-jornada\/argentina-vs-peru\/"]}]},{"@type":"ImageObject","inLanguage":"es","@id":"https:\/\/recreacionyturismo.coomeva.com.co\/copa-america\/tercera-jornada\/argentina-vs-peru\/#primaryimage","url":"https:\/\/recreacionyturismo.coomeva.com.co\/copa-america\/wp-content\/uploads\/2020\/10\/logoCoomevaRyT-200x100xc.png","contentUrl":"https:\/\/recreacionyturismo.coomeva.com.co\/copa-america\/wp-content\/uploads\/2020\/10\/logoCoomevaRyT-200x100xc.png"},{"@type":"BreadcrumbList","@id":"https:\/\/recreacionyturismo.coomeva.com.co\/copa-america\/tercera-jornada\/argentina-vs-peru\/#breadcrumb","itemListElement":[{"@type":"ListItem","position":1,"name":"Portada","item":"https:\/\/recreacionyturismo.coomeva.com.co\/copa-america\/"},{"@type":"ListItem","position":2,"name":"Tercera Jornada","item":"https:\/\/recreacionyturismo.coomeva.com.co\/copa-america\/tercera-jornada\/"},{"@type":"ListItem","position":3,"name":"Argentina vs Per\u00fa"}]},{"@type":"WebSite","@id":"https:\/\/recreacionyturismo.coomeva.com.co\/copa-america\/#website","url":"https:\/\/recreacionyturismo.coomeva.com.co\/copa-america\/","name":"Copa Am\u00e9rica 2024","description":"Coomeva Recreaci\u00f3n y Turismo","publisher":{"@id":"https:\/\/recreacionyturismo.coomeva.com.co\/copa-america\/#organization"},"potentialAction":[{"@type":"SearchAction","target":{"@type":"EntryPoint","urlTemplate":"https:\/\/recreacionyturismo.coomeva.com.co\/copa-america\/?s={search_term_string}"},"query-input":"required name=search_term_string"}],"inLanguage":"es"},{"@type":"Organization","@id":"https:\/\/recreacionyturismo.coomeva.com.co\/copa-america\/#organization","name":"Copa Am\u00e9rica 2024","url":"https:\/\/recreacionyturismo.coomeva.com.co\/copa-america\/","logo":{"@type":"ImageObject","inLanguage":"es","@id":"https:\/\/recreacionyturismo.coomeva.com.co\/copa-america\/#\/schema\/logo\/image\/","url":"https:\/\/recreacionyturismo.coomeva.com.co\/copa-america\/wp-content\/uploads\/2024\/06\/favicon-128.png","contentUrl":"https:\/\/recreacionyturismo.coomeva.com.co\/copa-america\/wp-content\/uploads\/2024\/06\/favicon-128.png","width":128,"height":128,"caption":"Copa Am\u00e9rica 2024"},"image":{"@id":"https:\/\/recreacionyturismo.coomeva.com.co\/copa-america\/#\/schema\/logo\/image\/"}}]}},"_links":{"self":[{"href":"https:\/\/recreacionyturismo.coomeva.com.co\/copa-america\/wp-json\/wp\/v2\/pages\/2566"}],"collection":[{"href":"https:\/\/recreacionyturismo.coomeva.com.co\/copa-america\/wp-json\/wp\/v2\/pages"}],"about":[{"href":"https:\/\/recreacionyturismo.coomeva.com.co\/copa-america\/wp-json\/wp\/v2\/types\/page"}],"author":[{"embeddable":true,"href":"https:\/\/recreacionyturismo.coomeva.com.co\/copa-america\/wp-json\/wp\/v2\/users\/1"}],"replies":[{"embeddable":true,"href":"https:\/\/recreacionyturismo.coomeva.com.co\/copa-america\/wp-json\/wp\/v2\/comments?post=2566"}],"version-history":[{"count":6,"href":"https:\/\/recreacionyturismo.coomeva.com.co\/copa-america\/wp-json\/wp\/v2\/pages\/2566\/revisions"}],"predecessor-version":[{"id":2835,"href":"https:\/\/recreacionyturismo.coomeva.com.co\/copa-america\/wp-json\/wp\/v2\/pages\/2566\/revisions\/2835"}],"up":[{"embeddable":true,"href":"https:\/\/recreacionyturismo.coomeva.com.co\/copa-america\/wp-json\/wp\/v2\/pages\/2560"}],"wp:attachment":[{"href":"https:\/\/recreacionyturismo.coomeva.com.co\/copa-america\/wp-json\/wp\/v2\/media?parent=2566"}],"curies":[{"name":"wp","href":"https:\/\/api.w.org\/{rel}","templated":true}]}}