{"id":2491,"date":"2024-06-17T17:49:17","date_gmt":"2024-06-17T22:49:17","guid":{"rendered":"https:\/\/recreacionyturismo.coomeva.com.co\/copa-america\/?page_id=2491"},"modified":"2024-06-19T10:39:24","modified_gmt":"2024-06-19T15:39:24","slug":"brasil-vs-costa-rica","status":"publish","type":"page","link":"https:\/\/recreacionyturismo.coomeva.com.co\/copa-america\/primera-jornada\/brasil-vs-costa-rica\/","title":{"rendered":"Brasil vs Costa Rica"},"content":{"rendered":"<p><section class=\"kc-elm kc-css-204570 kc_row\"><div class=\"kc-row-container  kc-container\"><div class=\"kc-wrap-columns\"><\/div><\/div><\/section><section class=\"kc-elm kc-css-840756 kc_row\"><div class=\"kc-row-container  kc-container\"><div class=\"kc-wrap-columns\"><div class=\"kc-elm kc-css-97092 kc_column kc_col-sm-12\"><div class=\"kc-col-container\"><div class=\"kc-elm kc-css-822257\" style=\"height: 20px; clear: both; width:100%;\"><\/div><div class=\"kc-elm kc-css-900551 kc_text_block\"><\/p>\n<p style=\"text-align: center;\"><img loading=\"lazy\" decoding=\"async\" class=\"alignnone size-full\" style=\"margin: 0 20px;\" src=\"https:\/\/recreacionyturismo.coomeva.com.co\/copa-america\/wp-content\/uploads\/2024\/06\/brasil.png\" alt=\"\" width=\"88\" height=\"88\" \/><strong>Brasil<\/strong> vs. <strong>Costa Rica<\/strong><img loading=\"lazy\" decoding=\"async\" class=\"alignnone size-full\" style=\"margin: 0 20px;\" src=\"https:\/\/recreacionyturismo.coomeva.com.co\/copa-america\/wp-content\/uploads\/2024\/06\/costa-rica.png\" alt=\"\" width=\"88\" height=\"88\" \/><\/p>\n<p>\n<\/div><div class=\"kc-elm kc-css-529110 kc_text_block\"><\/p>\n<div class=\"row text-center mt-3\">\n<div class=\"col text-center\">\n<p>    <img loading=\"lazy\" decoding=\"async\" class=\"alignnone size-full\" style=\"margin: 10px;\" src=\"https:\/\/recreacionyturismo.coomeva.com.co\/copa-america\/wp-content\/uploads\/2024\/06\/brasil.png\" alt=\"\" width=\"75\" height=\"75\" \/><\/p>\n<p style=\"font-size: 20px; font-weight: bold; margin-bottom: 0px;\">Brasil<\/p>\n<\/div>\n<div class=\"col text-center mb-5\" style=\"display: flex; flex-direction: column-reverse;\">\n<p style=\"font-size: 30px; font-weight: bold; margin-bottom: 0px;\">vs.<\/p>\n<\/div>\n<div class=\"col text-center\">\n<p>    <img loading=\"lazy\" decoding=\"async\" class=\"alignnone size-full\" style=\"margin: 10px;\" src=\"https:\/\/recreacionyturismo.coomeva.com.co\/copa-america\/wp-content\/uploads\/2024\/06\/costa-rica.png\" alt=\"\" width=\"75\" height=\"75\" \/><\/p>\n<p style=\"font-size: 20px; font-weight: bold; margin-bottom: 0px;\">Costa Rica<\/p>\n<\/div>\n<\/div>\n<p>\n<\/div><div class=\"kc-elm kc-css-920963\" style=\"height: 20px; clear: both; width:100%;\"><\/div><div class=\"kc-elm kc-css-101885 kc_text_block\"><\/p>\n<p style=\"text-align: center; display: block;\">Lunes 24 de junio<br \/><strong>Hora: 08:00 pm<\/strong><\/p>\n<p>\n<\/div><\/div><\/div><\/div><\/div><\/section><section data-kc-fullwidth=\"row\" class=\"kc-elm kc-css-950588 kc_row\"><div class=\"kc-row-container  kc-container\"><div class=\"kc-wrap-columns\"><div class=\"kc-elm kc-css-312155 kc_col-sm-12 kc_column kc_col-sm-12\"><div class=\"kc-col-container\"><div class=\"kc-elm kc-css-537000 kc_text_block\"><\/p>\n<p class=\"titulos-encuentros\" style=\"text-align: center;\"><strong>Acierta el resultado<\/strong><\/p>\n<p>\n<\/div><div class=\"kc-elm kc-css-288529 kc-raw-code\"><div class=\"row text-center align-items-center mt-2\">\r\n    <div class=\"col\">\r\n        <label for=\"golesCol\" style=\"vertical-align: middle; margin:40px;\">\r\n            <img loading=\"lazy\" decoding=\"async\" class=\"alignnone size-full\" style=\"margin:20px;\" src=\"https:\/\/recreacionyturismo.coomeva.com.co\/copa-america\/wp-content\/uploads\/2024\/06\/brasil.png\" alt=\"\" width=\"88\" height=\"88\" \/>\r\n            <p style=\"font-size: 30px; font-weight: bold;\">Brasil<\/p>\r\n            <input id=\"golesCol\" type=\"text\" class=\"form-control\" oninput=\"event.target.value = event.target.value.replace(\/[^0-9]*\/g,'');\">\r\n        <\/label>\r\n    <\/div>\r\n    <div class=\"col-sm-12 col-md-1\">\r\n        <p style=\"font-size: 30px;\">Vs.<\/p>\r\n    <\/div>\r\n    <div class=\"col\">\r\n        <label for=\"golesOtro\" style=\"vertical-align: middle; margin:40px;\">\r\n            <img loading=\"lazy\" decoding=\"async\" class=\"alignnone size-full\" style=\"margin:20px;\" src=\"https:\/\/recreacionyturismo.coomeva.com.co\/copa-america\/wp-content\/uploads\/2024\/06\/costa-rica.png\" alt=\"\" width=\"88\" height=\"88\" \/>\r\n            <p style=\"font-size: 30px;font-weight: bold;\">Costa Rica<\/p>\r\n            <input id=\"golesOtro\" type=\"text\" class=\"form-control\" oninput=\"event.target.value = event.target.value.replace(\/[^0-9]*\/g,'');\">\r\n        <\/label>    \r\n    <\/div>\r\n  <\/div>\r\n\r\n<div class=\"row mt-2\">\r\n    <div class=\"col text-center\">\r\n        <button id=\"guardarGoles\" type=\"submit\" class=\"btn btn-success\">Enviar<\/button>\r\n    <\/div>\r\n<\/div>\r\n\r\n<div id=\"golesResponse\" class=\"text-center mt-3\"><\/div><\/div><div class=\"kc-elm kc-css-609516\" style=\"height: 50px; clear: both; width:100%;\"><\/div><div class=\"kc-elm kc-css-966800 kc_text_block\"><\/p>\n<hr \/>\n<p>\n<\/div><div class=\"kc-elm kc-css-935382\" style=\"height: 50px; clear: both; width:100%;\"><\/div><div class=\"kc-elm kc-css-934326 kc_text_block\"><\/p>\n<p class=\"titulos-encuentros\" style=\"text-align: center;\"><strong>\u00bfQu\u00e9 equipo anota el primer gol?<\/strong><\/p>\n<p>\n<\/div><div class=\"kc-elm kc-css-828512 kc-raw-code\"><div class=\"row text-center align-items-center mt-2\">\r\n    <div class=\"col\">\r\n        <label for=\"primerGol1\" style=\"vertical-align: middle; margin:40px;\">\r\n            <img loading=\"lazy\" decoding=\"async\" class=\"alignnone size-full\" style=\"margin:20px;\"\r\n                src=\"https:\/\/recreacionyturismo.coomeva.com.co\/copa-america\/wp-content\/uploads\/2024\/06\/brasil.png\"\r\n                alt=\"\" width=\"88\" height=\"88\" \/>\r\n            <p style=\"font-size: 30px; font-weight: bold;\">Brasil<\/p>\r\n            <input class=\"\" type=\"radio\" name=\"inlineRadioOptions\" id=\"primerGol1\" value=\"Brasil\">\r\n        <\/label>\r\n    <\/div>\r\n    <div class=\"col-sm-12 col-md-1\">\r\n        <p style=\"font-size: 30px;\">Vs.<\/p>\r\n    <\/div>\r\n    <div class=\"col\">\r\n        <label for=\"primerGol2\" style=\"vertical-align: middle; margin:40px;\">\r\n            <img loading=\"lazy\" decoding=\"async\" class=\"alignnone size-full\" style=\"margin:20px;\"\r\n                src=\"https:\/\/recreacionyturismo.coomeva.com.co\/copa-america\/wp-content\/uploads\/2024\/06\/costa-rica.png\"\r\n                alt=\"\" width=\"88\" height=\"88\" \/>\r\n            <p style=\"font-size: 30px;font-weight: bold;\">Costa Rica<\/p>\r\n            <input class=\"\" type=\"radio\" name=\"inlineRadioOptions\" id=\"primerGol2\" value=\"Costa Rica\">\r\n        <\/label>\r\n    <\/div>\r\n<\/div>\r\n\r\n<div class=\"row my-3\">\r\n    <div class=\"col text-center\">\r\n        <label class=\"form-check-label\" for=\"primerGolNinguno\" style=\"display: block;\">\r\n            <p style=\"font-size: 25px; font-weight: bold; margin-bottom: 0px;\">Ninguno<\/p>\r\n        <\/label>\r\n        <input class=\"\" type=\"checkbox\" name=\"inlineRadioOptions\" id=\"primerGolNinguno\" value=\"primerGolNinguno\">\r\n    <\/div>\r\n<\/div>\r\n\r\n<div class=\"row mt-2\">\r\n    <div class=\"col text-center\">\r\n        <button id=\"guardarPrimerGol\" type=\"submit\" class=\"btn btn-success\">Enviar<\/button>\r\n    <\/div>\r\n<\/div>\r\n\r\n<div id=\"primerGolResponse\" class=\"text-center mt-3\"><\/div><\/div><div class=\"kc-elm kc-css-36478\" style=\"height: 50px; clear: both; width:100%;\"><\/div><div class=\"kc-elm kc-css-170315 kc_text_block\"><\/p>\n<hr \/>\n<p>\n<\/div><div class=\"kc-elm kc-css-679585\" style=\"height: 50px; clear: both; width:100%;\"><\/div><div class=\"kc-elm kc-css-359633 kc_text_block\"><\/p>\n<p class=\"titulos-encuentros\" style=\"text-align: center;\"><strong>\u00bfQu\u00e9 jugador anota el primer gol?<\/strong><\/p>\n<p>\n<\/div><div class=\"kc-elm kc-css-335763 kc-raw-code\"><div class=\"row text-center mt-5\">\r\n    <div class=\"col\">\r\n        <select class=\"custom-select\" id=\"anotaPrimero\">\r\n            <option selected disabled>Selecciona una opci\u00f3n<\/option>\r\n            <option disabled style=\"background-color: #eee;\">\u2193\u2193\u2193 JUGADORES BRASIL \u2193\u2193\u2193<\/option>\r\n            <option value=\"Endrick\">Endrick<\/option>\r\n            <option value=\"Evanilson\">Evanilson<\/option>\r\n            <option value=\"Gabriel Martinelli\">Gabriel Martinelli<\/option>\r\n            <option value=\"Raphinha\">Raphinha<\/option>\r\n            <option value=\"Rodrygo Goes\">Rodrygo Goes<\/option>\r\n            <option value=\"Savinho\">Savinho<\/option>\r\n            <option value=\"Vinicius J\u00fanior\">Vinicius J\u00fanior<\/option>\r\n            <option value=\"Pepe\">Pepe<\/option>\r\n            <option value=\"Andreas Pereira\">Andreas Pereira<\/option>\r\n            <option value=\"Bruno Guimar\u00e3es\">Bruno Guimar\u00e3es<\/option>\r\n            <option value=\"Douglas Luiz\">Douglas Luiz<\/option>\r\n            <option value=\"Jo\u00e3o Gomes\">Jo\u00e3o Gomes<\/option>\r\n            <option value=\"Lucas Paquet\u00e1\">Lucas Paquet\u00e1<\/option>\r\n            <option value=\"\u00c9derson\">\u00c9derson<\/option>\r\n            <option value=\"Danilo\">Danilo<\/option>\r\n            <option value=\"Yan Couto\">Yan Couto<\/option>\r\n            <option value=\"Guilherme Arana\">Guilherme Arana<\/option>\r\n            <option value=\"Wendell\">Wendell<\/option>\r\n            <option value=\"Beraldo\">Beraldo<\/option>\r\n            <option value=\"\u00c9der Milit\u00e3o\">\u00c9der Milit\u00e3o<\/option>\r\n            <option value=\"Gabriel Magalh\u00e3es\">Gabriel Magalh\u00e3es<\/option>\r\n            <option value=\"Marquinhos\">Marquinhos<\/option>\r\n            <option value=\"Bremer\">Bremer<\/option>\r\n            <option value=\"Alisson\">Alisson<\/option>\r\n            <option value=\"Bento\">Bento<\/option>\r\n            <option value=\"Rafael\">Rafael<\/option>\r\n            <option disabled style=\"background-color: #eee;\">\u2193\u2193\u2193 JUGADORES COSTA RICA \u2193\u2193\u2193<\/option>\r\n            <option value=\"Kenneth Vargas\">Kenneth Vargas<\/option>\r\n            <option value=\"Anthony Contreras\">Anthony Contreras<\/option>\r\n            <option value=\"Warren Madrigal\">Warren Madrigal<\/option>\r\n            <option value=\"Manfred Ugalde\">Manfred Ugalde<\/option>\r\n            <option value=\"Andy Rojas\">Andy Rojas<\/option>\r\n            <option value=\"\u00c1lvaro Zamora\">\u00c1lvaro Zamora<\/option>\r\n            <option value=\"Joel Campbell\">Joel Campbell<\/option>\r\n            <option value=\"Jefferson Brenes\">Jefferson Brenes<\/option>\r\n            <option value=\"Orlando Galo\">Orlando Galo<\/option>\r\n            <option value=\"Alejandro Bran\">Alejandro Bran<\/option>\r\n            <option value=\"Brandon Aguilera\">Brandon Aguilera<\/option>\r\n            <option value=\"Ariel Lassiter\">Ariel Lassiter<\/option>\r\n            <option value=\"Josimar Alc\u00f3cer\">Josimar Alc\u00f3cer<\/option>\r\n            <option value=\"Francisco Calvo\">Francisco Calvo<\/option>\r\n            <option value=\"Julio Cascante\">Julio Cascante<\/option>\r\n            <option value=\"Jeyland Mitchell\">Jeyland Mitchell<\/option>\r\n            <option value=\"Gerald Taylor\">Gerald Taylor<\/option>\r\n            <option value=\"Fern\u00e1n Faerr\u00f3n\">Fern\u00e1n Faerr\u00f3n<\/option>\r\n            <option value=\"Douglas Sequeira\">Douglas Sequeira<\/option>\r\n            <option value=\"Juan Pablo Vargas\">Juan Pablo Vargas<\/option>\r\n            <option value=\"Joseph Mora\">Joseph Mora<\/option>\r\n            <option value=\"Yeison Molina\">Yeison Molina<\/option>\r\n            <option value=\"Haxzel Quiros\">Haxzel Quiros<\/option>\r\n            <option value=\"Patrick Sequeira\">Patrick Sequeira<\/option>\r\n            <option value=\"Kevin Chamarro\">Kevin Chamarro<\/option>\r\n            <option value=\"Aar\u00f3n Cruz\">Aar\u00f3n Cruz<\/option>\r\n            <option value=\"Ninguno\">Ninguno<\/option>\r\n        <\/select>\r\n    <\/div>\r\n<\/div>\r\n<div class=\"row my-3\">\r\n    <div class=\"col text-center\">\r\n        <label class=\"form-check-label\" for=\"anotaPrimeroNinguno\" style=\"display: block;\">\r\n            <p style=\"font-size: 25px; font-weight: bold; margin-bottom: 0px;\">Ninguno<\/p>\r\n        <\/label>\r\n        <input class=\"\" type=\"checkbox\" name=\"inlineRadioOptions\" id=\"anotaPrimeroNinguno\" value=\"anotaPrimeroNinguno\">\r\n    <\/div>\r\n<\/div>\r\n<div class=\"row mt-5\">\r\n    <div class=\"col text-center\">\r\n        <button id=\"guardarAnotaPrimero\" type=\"submit\" class=\"btn btn-success\">Enviar<\/button>\r\n    <\/div>\r\n<\/div>\r\n<div id=\"anotaResponse\" class=\"text-center mt-3\"><\/div><\/div><div class=\"kc-elm kc-css-231792 kc-raw-code\"><script>\r\ndocument.addEventListener('DOMContentLoaded', function() {consultaUsuario();}, false);\r\n\tdocument.getElementById('guardarGoles').addEventListener('click', function(){guardarGoles();}, false);\r\n\tdocument.getElementById('guardarPrimerGol').addEventListener('click', function(){guardarPrimerGol();}, false);\r\n\tdocument.getElementById('guardarAnotaPrimero').addEventListener('click', function(){guardarAnotaPrimero();}, false);\r\n<\/script><\/div><div class=\"kc-elm kc-css-270293 kc-raw-code\"><div id=\"id\" style=\"display:none !important; height: 0px !important; visibility: hidden !important;\">8<\/div><\/div><div class=\"kc-elm kc-css-451772\" style=\"height: 30px; clear: both; width:100%;\"><\/div><div class=\"kc-elm kc-css-725973 kc_text_block\"><\/p>\n<p style=\"text-align: center;\"><a class=\"next-game\" href=\"https:\/\/recreacionyturismo.coomeva.com.co\/copa-america\/segunda-jornada\/peru-vs-canada\/\">Siguiente partido\u00a0<i class=\"fas fa-arrow-right\"><\/i><\/a><\/p>\n<p>\n<\/div><\/div><\/div><\/div><\/div><\/section><section class=\"kc-elm kc-css-628235 kc_row\"><div class=\"kc-row-container  kc-container\"><div class=\"kc-wrap-columns\"><\/div><\/div><\/section><\/p>\n","protected":false},"excerpt":{"rendered":"<p> [&#8230;]<\/p>\n<p><a class=\"btn btn-secondary understrap-read-more-link\" href=\"https:\/\/recreacionyturismo.coomeva.com.co\/copa-america\/primera-jornada\/brasil-vs-costa-rica\/\">Leer m\u00e1s&#8230;<\/a><\/p>\n","protected":false},"author":1,"featured_media":0,"parent":2556,"menu_order":0,"comment_status":"closed","ping_status":"closed","template":"page-templates\/right-sidebarpageCustom.php","meta":{"footnotes":""},"yoast_head":"<!-- This site is optimized with the Yoast SEO plugin v23.0 - https:\/\/yoast.com\/wordpress\/plugins\/seo\/ -->\n<title>Brasil vs Costa Rica - Copa Am\u00e9rica 2024<\/title>\n<meta name=\"robots\" content=\"index, follow, max-snippet:-1, max-image-preview:large, max-video-preview:-1\" \/>\n<link rel=\"canonical\" href=\"https:\/\/recreacionyturismo.coomeva.com.co\/copa-america\/primera-jornada\/brasil-vs-costa-rica\/\" \/>\n<meta property=\"og:locale\" content=\"es_ES\" \/>\n<meta property=\"og:type\" content=\"article\" \/>\n<meta property=\"og:title\" content=\"Brasil vs Costa Rica - Copa Am\u00e9rica 2024\" \/>\n<meta property=\"og:description\" content=\"Inicio Mis puntos Tabla de posiciones Partidos Primera jornada Argentina vs Canad\u00e1 Per\u00fa vs Chile Ecuador vs Venezuela M\u00e9xico vs Jamaica Estados Uni\" \/>\n<meta property=\"og:url\" content=\"https:\/\/recreacionyturismo.coomeva.com.co\/copa-america\/primera-jornada\/brasil-vs-costa-rica\/\" \/>\n<meta property=\"og:site_name\" content=\"Copa Am\u00e9rica 2024\" \/>\n<meta property=\"article:modified_time\" content=\"2024-06-19T15:39:24+00:00\" \/>\n<meta property=\"og:image\" content=\"https:\/\/recreacionyturismo.coomeva.com.co\/copa-america\/wp-content\/uploads\/2020\/10\/logoCoomevaRyT-200x100xc.png\" \/>\n<meta name=\"twitter:card\" content=\"summary_large_image\" \/>\n<meta name=\"twitter:label1\" content=\"Tiempo de lectura\" \/>\n\t<meta name=\"twitter:data1\" content=\"2 minutos\" \/>\n<script type=\"application\/ld+json\" class=\"yoast-schema-graph\">{\"@context\":\"https:\/\/schema.org\",\"@graph\":[{\"@type\":\"WebPage\",\"@id\":\"https:\/\/recreacionyturismo.coomeva.com.co\/copa-america\/primera-jornada\/brasil-vs-costa-rica\/\",\"url\":\"https:\/\/recreacionyturismo.coomeva.com.co\/copa-america\/primera-jornada\/brasil-vs-costa-rica\/\",\"name\":\"Brasil vs Costa Rica - Copa Am\u00e9rica 2024\",\"isPartOf\":{\"@id\":\"https:\/\/recreacionyturismo.coomeva.com.co\/copa-america\/#website\"},\"primaryImageOfPage\":{\"@id\":\"https:\/\/recreacionyturismo.coomeva.com.co\/copa-america\/primera-jornada\/brasil-vs-costa-rica\/#primaryimage\"},\"image\":{\"@id\":\"https:\/\/recreacionyturismo.coomeva.com.co\/copa-america\/primera-jornada\/brasil-vs-costa-rica\/#primaryimage\"},\"thumbnailUrl\":\"https:\/\/recreacionyturismo.coomeva.com.co\/copa-america\/wp-content\/uploads\/2020\/10\/logoCoomevaRyT-200x100xc.png\",\"datePublished\":\"2024-06-17T22:49:17+00:00\",\"dateModified\":\"2024-06-19T15:39:24+00:00\",\"breadcrumb\":{\"@id\":\"https:\/\/recreacionyturismo.coomeva.com.co\/copa-america\/primera-jornada\/brasil-vs-costa-rica\/#breadcrumb\"},\"inLanguage\":\"es\",\"potentialAction\":[{\"@type\":\"ReadAction\",\"target\":[\"https:\/\/recreacionyturismo.coomeva.com.co\/copa-america\/primera-jornada\/brasil-vs-costa-rica\/\"]}]},{\"@type\":\"ImageObject\",\"inLanguage\":\"es\",\"@id\":\"https:\/\/recreacionyturismo.coomeva.com.co\/copa-america\/primera-jornada\/brasil-vs-costa-rica\/#primaryimage\",\"url\":\"https:\/\/recreacionyturismo.coomeva.com.co\/copa-america\/wp-content\/uploads\/2020\/10\/logoCoomevaRyT-200x100xc.png\",\"contentUrl\":\"https:\/\/recreacionyturismo.coomeva.com.co\/copa-america\/wp-content\/uploads\/2020\/10\/logoCoomevaRyT-200x100xc.png\"},{\"@type\":\"BreadcrumbList\",\"@id\":\"https:\/\/recreacionyturismo.coomeva.com.co\/copa-america\/primera-jornada\/brasil-vs-costa-rica\/#breadcrumb\",\"itemListElement\":[{\"@type\":\"ListItem\",\"position\":1,\"name\":\"Portada\",\"item\":\"https:\/\/recreacionyturismo.coomeva.com.co\/copa-america\/\"},{\"@type\":\"ListItem\",\"position\":2,\"name\":\"Primera Jornada\",\"item\":\"https:\/\/recreacionyturismo.coomeva.com.co\/copa-america\/primera-jornada\/\"},{\"@type\":\"ListItem\",\"position\":3,\"name\":\"Brasil vs Costa Rica\"}]},{\"@type\":\"WebSite\",\"@id\":\"https:\/\/recreacionyturismo.coomeva.com.co\/copa-america\/#website\",\"url\":\"https:\/\/recreacionyturismo.coomeva.com.co\/copa-america\/\",\"name\":\"Copa Am\u00e9rica 2024\",\"description\":\"Coomeva Recreaci\u00f3n y Turismo\",\"publisher\":{\"@id\":\"https:\/\/recreacionyturismo.coomeva.com.co\/copa-america\/#organization\"},\"potentialAction\":[{\"@type\":\"SearchAction\",\"target\":{\"@type\":\"EntryPoint\",\"urlTemplate\":\"https:\/\/recreacionyturismo.coomeva.com.co\/copa-america\/?s={search_term_string}\"},\"query-input\":\"required name=search_term_string\"}],\"inLanguage\":\"es\"},{\"@type\":\"Organization\",\"@id\":\"https:\/\/recreacionyturismo.coomeva.com.co\/copa-america\/#organization\",\"name\":\"Copa Am\u00e9rica 2024\",\"url\":\"https:\/\/recreacionyturismo.coomeva.com.co\/copa-america\/\",\"logo\":{\"@type\":\"ImageObject\",\"inLanguage\":\"es\",\"@id\":\"https:\/\/recreacionyturismo.coomeva.com.co\/copa-america\/#\/schema\/logo\/image\/\",\"url\":\"https:\/\/recreacionyturismo.coomeva.com.co\/copa-america\/wp-content\/uploads\/2024\/06\/favicon-128.png\",\"contentUrl\":\"https:\/\/recreacionyturismo.coomeva.com.co\/copa-america\/wp-content\/uploads\/2024\/06\/favicon-128.png\",\"width\":128,\"height\":128,\"caption\":\"Copa Am\u00e9rica 2024\"},\"image\":{\"@id\":\"https:\/\/recreacionyturismo.coomeva.com.co\/copa-america\/#\/schema\/logo\/image\/\"}}]}<\/script>\n<!-- \/ Yoast SEO plugin. -->","yoast_head_json":{"title":"Brasil vs Costa Rica - Copa Am\u00e9rica 2024","robots":{"index":"index","follow":"follow","max-snippet":"max-snippet:-1","max-image-preview":"max-image-preview:large","max-video-preview":"max-video-preview:-1"},"canonical":"https:\/\/recreacionyturismo.coomeva.com.co\/copa-america\/primera-jornada\/brasil-vs-costa-rica\/","og_locale":"es_ES","og_type":"article","og_title":"Brasil vs Costa Rica - Copa Am\u00e9rica 2024","og_description":"Inicio Mis puntos Tabla de posiciones Partidos Primera jornada Argentina vs Canad\u00e1 Per\u00fa vs Chile Ecuador vs Venezuela M\u00e9xico vs Jamaica Estados Uni","og_url":"https:\/\/recreacionyturismo.coomeva.com.co\/copa-america\/primera-jornada\/brasil-vs-costa-rica\/","og_site_name":"Copa Am\u00e9rica 2024","article_modified_time":"2024-06-19T15:39:24+00:00","og_image":[{"url":"https:\/\/recreacionyturismo.coomeva.com.co\/copa-america\/wp-content\/uploads\/2020\/10\/logoCoomevaRyT-200x100xc.png"}],"twitter_card":"summary_large_image","twitter_misc":{"Tiempo de lectura":"2 minutos"},"schema":{"@context":"https:\/\/schema.org","@graph":[{"@type":"WebPage","@id":"https:\/\/recreacionyturismo.coomeva.com.co\/copa-america\/primera-jornada\/brasil-vs-costa-rica\/","url":"https:\/\/recreacionyturismo.coomeva.com.co\/copa-america\/primera-jornada\/brasil-vs-costa-rica\/","name":"Brasil vs Costa Rica - Copa Am\u00e9rica 2024","isPartOf":{"@id":"https:\/\/recreacionyturismo.coomeva.com.co\/copa-america\/#website"},"primaryImageOfPage":{"@id":"https:\/\/recreacionyturismo.coomeva.com.co\/copa-america\/primera-jornada\/brasil-vs-costa-rica\/#primaryimage"},"image":{"@id":"https:\/\/recreacionyturismo.coomeva.com.co\/copa-america\/primera-jornada\/brasil-vs-costa-rica\/#primaryimage"},"thumbnailUrl":"https:\/\/recreacionyturismo.coomeva.com.co\/copa-america\/wp-content\/uploads\/2020\/10\/logoCoomevaRyT-200x100xc.png","datePublished":"2024-06-17T22:49:17+00:00","dateModified":"2024-06-19T15:39:24+00:00","breadcrumb":{"@id":"https:\/\/recreacionyturismo.coomeva.com.co\/copa-america\/primera-jornada\/brasil-vs-costa-rica\/#breadcrumb"},"inLanguage":"es","potentialAction":[{"@type":"ReadAction","target":["https:\/\/recreacionyturismo.coomeva.com.co\/copa-america\/primera-jornada\/brasil-vs-costa-rica\/"]}]},{"@type":"ImageObject","inLanguage":"es","@id":"https:\/\/recreacionyturismo.coomeva.com.co\/copa-america\/primera-jornada\/brasil-vs-costa-rica\/#primaryimage","url":"https:\/\/recreacionyturismo.coomeva.com.co\/copa-america\/wp-content\/uploads\/2020\/10\/logoCoomevaRyT-200x100xc.png","contentUrl":"https:\/\/recreacionyturismo.coomeva.com.co\/copa-america\/wp-content\/uploads\/2020\/10\/logoCoomevaRyT-200x100xc.png"},{"@type":"BreadcrumbList","@id":"https:\/\/recreacionyturismo.coomeva.com.co\/copa-america\/primera-jornada\/brasil-vs-costa-rica\/#breadcrumb","itemListElement":[{"@type":"ListItem","position":1,"name":"Portada","item":"https:\/\/recreacionyturismo.coomeva.com.co\/copa-america\/"},{"@type":"ListItem","position":2,"name":"Primera Jornada","item":"https:\/\/recreacionyturismo.coomeva.com.co\/copa-america\/primera-jornada\/"},{"@type":"ListItem","position":3,"name":"Brasil vs Costa Rica"}]},{"@type":"WebSite","@id":"https:\/\/recreacionyturismo.coomeva.com.co\/copa-america\/#website","url":"https:\/\/recreacionyturismo.coomeva.com.co\/copa-america\/","name":"Copa Am\u00e9rica 2024","description":"Coomeva Recreaci\u00f3n y Turismo","publisher":{"@id":"https:\/\/recreacionyturismo.coomeva.com.co\/copa-america\/#organization"},"potentialAction":[{"@type":"SearchAction","target":{"@type":"EntryPoint","urlTemplate":"https:\/\/recreacionyturismo.coomeva.com.co\/copa-america\/?s={search_term_string}"},"query-input":"required name=search_term_string"}],"inLanguage":"es"},{"@type":"Organization","@id":"https:\/\/recreacionyturismo.coomeva.com.co\/copa-america\/#organization","name":"Copa Am\u00e9rica 2024","url":"https:\/\/recreacionyturismo.coomeva.com.co\/copa-america\/","logo":{"@type":"ImageObject","inLanguage":"es","@id":"https:\/\/recreacionyturismo.coomeva.com.co\/copa-america\/#\/schema\/logo\/image\/","url":"https:\/\/recreacionyturismo.coomeva.com.co\/copa-america\/wp-content\/uploads\/2024\/06\/favicon-128.png","contentUrl":"https:\/\/recreacionyturismo.coomeva.com.co\/copa-america\/wp-content\/uploads\/2024\/06\/favicon-128.png","width":128,"height":128,"caption":"Copa Am\u00e9rica 2024"},"image":{"@id":"https:\/\/recreacionyturismo.coomeva.com.co\/copa-america\/#\/schema\/logo\/image\/"}}]}},"_links":{"self":[{"href":"https:\/\/recreacionyturismo.coomeva.com.co\/copa-america\/wp-json\/wp\/v2\/pages\/2491"}],"collection":[{"href":"https:\/\/recreacionyturismo.coomeva.com.co\/copa-america\/wp-json\/wp\/v2\/pages"}],"about":[{"href":"https:\/\/recreacionyturismo.coomeva.com.co\/copa-america\/wp-json\/wp\/v2\/types\/page"}],"author":[{"embeddable":true,"href":"https:\/\/recreacionyturismo.coomeva.com.co\/copa-america\/wp-json\/wp\/v2\/users\/1"}],"replies":[{"embeddable":true,"href":"https:\/\/recreacionyturismo.coomeva.com.co\/copa-america\/wp-json\/wp\/v2\/comments?post=2491"}],"version-history":[{"count":9,"href":"https:\/\/recreacionyturismo.coomeva.com.co\/copa-america\/wp-json\/wp\/v2\/pages\/2491\/revisions"}],"predecessor-version":[{"id":2823,"href":"https:\/\/recreacionyturismo.coomeva.com.co\/copa-america\/wp-json\/wp\/v2\/pages\/2491\/revisions\/2823"}],"up":[{"embeddable":true,"href":"https:\/\/recreacionyturismo.coomeva.com.co\/copa-america\/wp-json\/wp\/v2\/pages\/2556"}],"wp:attachment":[{"href":"https:\/\/recreacionyturismo.coomeva.com.co\/copa-america\/wp-json\/wp\/v2\/media?parent=2491"}],"curies":[{"name":"wp","href":"https:\/\/api.w.org\/{rel}","templated":true}]}}