{"id":2480,"date":"2024-06-17T17:04:06","date_gmt":"2024-06-17T22:04:06","guid":{"rendered":"https:\/\/recreacionyturismo.coomeva.com.co\/copa-america\/?page_id=2480"},"modified":"2024-06-19T10:31:06","modified_gmt":"2024-06-19T15:31:06","slug":"estados-unidos-vs-bolivia","status":"publish","type":"page","link":"https:\/\/recreacionyturismo.coomeva.com.co\/copa-america\/primera-jornada\/estados-unidos-vs-bolivia\/","title":{"rendered":"Estados Unidos vs Bolivia"},"content":{"rendered":"<p><section class=\"kc-elm kc-css-740519 kc_row\"><div class=\"kc-row-container  kc-container\"><div class=\"kc-wrap-columns\"><\/div><\/div><\/section><section class=\"kc-elm kc-css-768372 kc_row\"><div class=\"kc-row-container  kc-container\"><div class=\"kc-wrap-columns\"><div class=\"kc-elm kc-css-686922 kc_column kc_col-sm-12\"><div class=\"kc-col-container\"><div class=\"kc-elm kc-css-375128\" style=\"height: 20px; clear: both; width:100%;\"><\/div><div class=\"kc-elm kc-css-329017\" style=\"height: 20px; clear: both; width:100%;\"><\/div><div class=\"kc-elm kc-css-247826 kc_text_block\"><\/p>\n<p style=\"text-align: center;\"><img loading=\"lazy\" decoding=\"async\" class=\"alignnone size-full\" style=\"margin: 0 20px;\" src=\"https:\/\/recreacionyturismo.coomeva.com.co\/copa-america\/wp-content\/uploads\/2024\/06\/estados-unidos.png\" alt=\"\" width=\"88\" height=\"88\" \/><strong>Estados Unidos<\/strong> vs. <strong>Bolivia<\/strong><img loading=\"lazy\" decoding=\"async\" class=\"alignnone size-full\" style=\"margin: 0 20px;\" src=\"https:\/\/recreacionyturismo.coomeva.com.co\/copa-america\/wp-content\/uploads\/2024\/06\/bolivia.png\" alt=\"\" width=\"88\" height=\"88\" \/><\/p>\n<p>\n<\/div><div class=\"kc-elm kc-css-662992 kc_text_block\"><\/p>\n<div class=\"row text-center mt-3\">\n<div class=\"col text-center\">\n<p>    <img loading=\"lazy\" decoding=\"async\" class=\"alignnone size-full\" style=\"margin: 10px;\" src=\"https:\/\/recreacionyturismo.coomeva.com.co\/copa-america\/wp-content\/uploads\/2024\/06\/estados-unidos.png\" alt=\"\" width=\"75\" height=\"75\" \/><\/p>\n<p style=\"font-size: 20px; font-weight: bold; margin-bottom: 0px;\">Estados Unidos<\/p>\n<\/div>\n<div class=\"col text-center mb-5\" style=\"display: flex; flex-direction: column-reverse;\">\n<p style=\"font-size: 30px; font-weight: bold; margin-bottom: 0px;\">vs.<\/p>\n<\/div>\n<div class=\"col text-center\">\n<p>    <img loading=\"lazy\" decoding=\"async\" class=\"alignnone size-full\" style=\"margin: 10px;\" src=\"https:\/\/recreacionyturismo.coomeva.com.co\/copa-america\/wp-content\/uploads\/2024\/06\/bolivia.png\" alt=\"\" width=\"75\" height=\"75\" \/><\/p>\n<p style=\"font-size: 20px; font-weight: bold; margin-bottom: 0px;\">Bolivia<\/p>\n<\/div>\n<\/div>\n<p>\n<\/div><div class=\"kc-elm kc-css-450736 kc_text_block\"><\/p>\n<p style=\"text-align: center; display: block;\">Domingo 23 de junio<br \/><strong>Hora: 05:00 pm<\/strong><\/p>\n<p>\n<\/div><\/div><\/div><\/div><\/div><\/section><section data-kc-fullwidth=\"row\" class=\"kc-elm kc-css-351592 kc_row\"><div class=\"kc-row-container  kc-container\"><div class=\"kc-wrap-columns\"><div class=\"kc-elm kc-css-838965 kc_col-sm-12 kc_column kc_col-sm-12\"><div class=\"kc-col-container\"><div class=\"kc-elm kc-css-392225 kc_text_block\"><\/p>\n<p class=\"titulos-encuentros\" style=\"text-align: center;\"><strong>Acierta el resultado<\/strong><\/p>\n<p>\n<\/div><div class=\"kc-elm kc-css-640415 kc-raw-code\"><div class=\"row text-center align-items-center mt-2\">\r\n    <div class=\"col\">\r\n        <label for=\"golesCol\" style=\"vertical-align: middle; margin:40px;\">\r\n            <img loading=\"lazy\" decoding=\"async\" class=\"alignnone size-full\" style=\"margin:20px;\" src=\"https:\/\/recreacionyturismo.coomeva.com.co\/copa-america\/wp-content\/uploads\/2024\/06\/estados-unidos.png\" alt=\"\" width=\"88\" height=\"88\" \/>\r\n            <p style=\"font-size: 30px; font-weight: bold;\">Estados Unidos<\/p>\r\n            <input id=\"golesCol\" type=\"text\" class=\"form-control\" oninput=\"event.target.value = event.target.value.replace(\/[^0-9]*\/g,'');\">\r\n        <\/label>\r\n    <\/div>\r\n    <div class=\"col-sm-12 col-md-1\">\r\n        <p style=\"font-size: 30px;\">Vs.<\/p>\r\n    <\/div>\r\n    <div class=\"col\">\r\n        <label for=\"golesOtro\" style=\"vertical-align: middle; margin:40px;\">\r\n            <img loading=\"lazy\" decoding=\"async\" class=\"alignnone size-full\" style=\"margin:20px;\" src=\"https:\/\/recreacionyturismo.coomeva.com.co\/copa-america\/wp-content\/uploads\/2024\/06\/bolivia.png\" alt=\"\" width=\"88\" height=\"88\" \/>\r\n            <p style=\"font-size: 30px;font-weight: bold;\">Bolivia<\/p>\r\n            <input id=\"golesOtro\" type=\"text\" class=\"form-control\" oninput=\"event.target.value = event.target.value.replace(\/[^0-9]*\/g,'');\">\r\n        <\/label>    \r\n    <\/div>\r\n  <\/div>\r\n\r\n<div class=\"row mt-2\">\r\n    <div class=\"col text-center\">\r\n        <button id=\"guardarGoles\" type=\"submit\" class=\"btn btn-success\">Enviar<\/button>\r\n    <\/div>\r\n<\/div>\r\n\r\n<div id=\"golesResponse\" class=\"text-center mt-3\"><\/div><\/div><div class=\"kc-elm kc-css-145847\" style=\"height: 50px; clear: both; width:100%;\"><\/div><div class=\"kc-elm kc-css-397041 kc_text_block\"><\/p>\n<hr \/>\n<p>\n<\/div><div class=\"kc-elm kc-css-894816\" style=\"height: 50px; clear: both; width:100%;\"><\/div><div class=\"kc-elm kc-css-292901 kc_text_block\"><\/p>\n<p class=\"titulos-encuentros\" style=\"text-align: center;\"><strong>\u00bfQu\u00e9 equipo anota el primer gol?<\/strong><\/p>\n<p>\n<\/div><div class=\"kc-elm kc-css-946371 kc-raw-code\"><div class=\"row text-center align-items-center mt-2\">\r\n    <div class=\"col\">\r\n        <label for=\"primerGol1\" style=\"vertical-align: middle; margin:40px;\">\r\n            <img loading=\"lazy\" decoding=\"async\" class=\"alignnone size-full\" style=\"margin:20px;\"\r\n                src=\"https:\/\/recreacionyturismo.coomeva.com.co\/copa-america\/wp-content\/uploads\/2024\/06\/estados-unidos.png\" \r\n                alt=\"\" width=\"88\" height=\"88\" \/>\r\n            <p style=\"font-size: 30px; font-weight: bold;\">Estados Unidos<\/p>\r\n            <input class=\"\" type=\"radio\" name=\"inlineRadioOptions\" id=\"primerGol1\" value=\"USA\">\r\n        <\/label>\r\n    <\/div>\r\n    <div class=\"col-sm-12 col-md-1\">\r\n        <p style=\"font-size: 30px;\">Vs.<\/p>\r\n    <\/div>\r\n    <div class=\"col\">\r\n        <label for=\"primerGol2\" style=\"vertical-align: middle; margin:40px;\">\r\n            <img loading=\"lazy\" decoding=\"async\" class=\"alignnone size-full\" style=\"margin:20px;\"\r\n                src=\"https:\/\/recreacionyturismo.coomeva.com.co\/copa-america\/wp-content\/uploads\/2024\/06\/bolivia.png\"\r\n                alt=\"\" width=\"88\" height=\"88\" \/>\r\n            <p style=\"font-size: 30px;font-weight: bold;\">Bolivia<\/p>\r\n            <input class=\"\" type=\"radio\" name=\"inlineRadioOptions\" id=\"primerGol2\" value=\"Bolivia\">\r\n        <\/label>\r\n    <\/div>\r\n<\/div>\r\n\r\n<div class=\"row my-3\">\r\n    <div class=\"col text-center\">\r\n        <label class=\"form-check-label\" for=\"primerGolNinguno\" style=\"display: block;\">\r\n            <p style=\"font-size: 25px; font-weight: bold; margin-bottom: 0px;\">Ninguno<\/p>\r\n        <\/label>\r\n        <input class=\"\" type=\"checkbox\" name=\"inlineRadioOptions\" id=\"primerGolNinguno\" value=\"primerGolNinguno\">\r\n    <\/div>\r\n<\/div>\r\n\r\n<div class=\"row mt-2\">\r\n    <div class=\"col text-center\">\r\n        <button id=\"guardarPrimerGol\" type=\"submit\" class=\"btn btn-success\">Enviar<\/button>\r\n    <\/div>\r\n<\/div>\r\n\r\n<div id=\"primerGolResponse\" class=\"text-center mt-3\"><\/div><\/div><div class=\"kc-elm kc-css-45728\" style=\"height: 50px; clear: both; width:100%;\"><\/div><div class=\"kc-elm kc-css-184009 kc_text_block\"><\/p>\n<hr \/>\n<p>\n<\/div><div class=\"kc-elm kc-css-947988\" style=\"height: 50px; clear: both; width:100%;\"><\/div><div class=\"kc-elm kc-css-598825 kc_text_block\"><\/p>\n<p class=\"titulos-encuentros\" style=\"text-align: center;\"><strong>\u00bfQu\u00e9 jugador anota el primer gol?<\/strong><\/p>\n<p>\n<\/div><div class=\"kc-elm kc-css-875668 kc-raw-code\"><div class=\"row text-center mt-5\">\r\n    <div class=\"col\">\r\n        <select class=\"custom-select\" id=\"anotaPrimero\">\r\n            <option selected disabled>Selecciona una opci\u00f3n<\/option>\r\n            <option disabled style=\"background-color: #eee;\">\u2193\u2193\u2193 JUGADORES ESTADOS UNIDOS \u2193\u2193\u2193<\/option>\r\n            <option value=\"Brenden Aaronson\">Brenden Aaronson<\/option>\r\n            <option value=\"Folarin Balogun\">Folarin Balogun<\/option>\r\n            <option value=\"Ricardo Pepi\">Ricardo Pepi<\/option>\r\n            <option value=\"Christian Pulisic\">Christian Pulisic<\/option>\r\n            <option value=\"Josh Sargent\">Josh Sargent<\/option>\r\n            <option value=\"Tim Weah\">Tim Weah<\/option>\r\n            <option value=\"Haji Wright\">Haji Wright<\/option>\r\n            <option value=\"Tyler Adam\">Tyler Adam<\/option>\r\n            <option value=\"Johnny Cardoso\">Johnny Cardoso<\/option>\r\n            <option value=\"Luca De la Torre\">Luca De la Torre<\/option>\r\n            <option value=\"Weston Mckennie\">Weston Mckennie<\/option>\r\n            <option value=\"Yunus Musah\">Yunus Musah<\/option>\r\n            <option value=\"Gio Reyna\">Gio Reyna<\/option>\r\n            <option value=\"Malik Tillman\">Malik Tillman<\/option>\r\n            <option value=\"Cameron Carter-Vickers\">Cameron Carter-Vickers<\/option>\r\n            <option value=\"Kristoffer Lund\">Kristoffer Lund<\/option>\r\n            <option value=\"Mark Mckenzie\">Mark Mckenzie<\/option>\r\n            <option value=\"Shaq Moore\">Shaq Moore<\/option>\r\n            <option value=\"Tim Ream\">Tim Ream<\/option>\r\n            <option value=\"Chris Richards\">Chris Richards<\/option>\r\n            <option value=\"Antonee Robinson\">Antonee Robinson<\/option>\r\n            <option value=\"Miles Robinson\">Miles Robinson<\/option>\r\n            <option value=\"Joe Scally\">Joe Scally<\/option>\r\n            <option value=\"Ethan Horvath\">Ethan Horvath<\/option>\r\n            <option value=\"Sean Johnson\">Sean Johnson<\/option>\r\n            <option value=\"Matt Turner\">Matt Turner<\/option>\r\n            <option disabled style=\"background-color: #eee;\">\u2193\u2193\u2193 JUGADORES BOLIVIA \u2193\u2193\u2193<\/option>\r\n            <option value=\"C\u00e9sar Menacho\">C\u00e9sar Menacho<\/option>\r\n            <option value=\"Carmelo Algara\u00f1az\">Carmelo Algara\u00f1az<\/option>\r\n            <option value=\"Bruno Miranda\">Bruno Miranda<\/option>\r\n            <option value=\"Lucas Ch\u00e1vez\">Lucas Ch\u00e1vez<\/option>\r\n            <option value=\"Leonel Justiniano\">Leonel Justiniano<\/option>\r\n            <option value=\"Fernando Saucedo\">Fernando Saucedo<\/option>\r\n            <option value=\"Ramiro Vaca\">Ramiro Vaca<\/option>\r\n            <option value=\"Robson Matheus\">Robson Matheus<\/option>\r\n            <option value=\"Adalid Terrazas\">Adalid Terrazas<\/option>\r\n            <option value=\"Rodrigo Ramallo\">Rodrigo Ramallo<\/option>\r\n            <option value=\"Boris C\u00e9spedes\">Boris C\u00e9spedes<\/option>\r\n            <option value=\"Jaume Cu\u00e9lla\">Jaume Cu\u00e9lla<\/option>\r\n            <option value=\"Gabriel Villamil\">Gabriel Villamil<\/option>\r\n            <option value=\"Miguel Terceros\">Miguel Terceros<\/option>\r\n            <option value=\"Diego Medina\">Diego Medina<\/option>\r\n            <option value=\"H\u00e9ctor Cu\u00e9llar\">H\u00e9ctor Cu\u00e9llar<\/option>\r\n            <option value=\"Marcelo Su\u00e1rez\">Marcelo Su\u00e1rez<\/option>\r\n            <option value=\"Yomar Rocha\">Yomar Rocha<\/option>\r\n            <option value=\"Jes\u00fas Sagredo\">Jes\u00fas Sagredo<\/option>\r\n            <option value=\"Jos\u00e9 Sagredo\">Jos\u00e9 Sagredo<\/option>\r\n            <option value=\"Adri\u00e1n Jusino\">Adri\u00e1n Jusino<\/option>\r\n            <option value=\"Luis Haqu\u00edn\">Luis Haqu\u00edn<\/option>\r\n            <option value=\"Roberto Carlos Fern\u00e1ndez\">Roberto Carlos Fern\u00e1ndez<\/option>\r\n            <option value=\"Guillermo Viscarra\">Guillermo Viscarra<\/option>\r\n            <option value=\"Carlos Lampe\">Carlos Lampe<\/option>\r\n            <option value=\"Gustavo Almada\">Gustavo Almada<\/option>\r\n            <option value=\"Ninguno\">Ninguno<\/option>\r\n        <\/select>\r\n    <\/div>\r\n<\/div>\r\n<div class=\"row my-3\">\r\n    <div class=\"col text-center\">\r\n        <label class=\"form-check-label\" for=\"anotaPrimeroNinguno\" style=\"display: block;\">\r\n            <p style=\"font-size: 25px; font-weight: bold; margin-bottom: 0px;\">Ninguno<\/p>\r\n        <\/label>\r\n        <input class=\"\" type=\"checkbox\" name=\"inlineRadioOptions\" id=\"anotaPrimeroNinguno\" value=\"anotaPrimeroNinguno\">\r\n    <\/div>\r\n<\/div>\r\n<div class=\"row mt-5\">\r\n    <div class=\"col text-center\">\r\n        <button id=\"guardarAnotaPrimero\" type=\"submit\" class=\"btn btn-success\">Enviar<\/button>\r\n    <\/div>\r\n<\/div>\r\n<div id=\"anotaResponse\" class=\"text-center mt-3\"><\/div><\/div><div class=\"kc-elm kc-css-926668 kc-raw-code\"><script>\r\ndocument.addEventListener('DOMContentLoaded', function() {consultaUsuario();}, false);\r\n\tdocument.getElementById('guardarGoles').addEventListener('click', function(){guardarGoles();}, false);\r\n\tdocument.getElementById('guardarPrimerGol').addEventListener('click', function(){guardarPrimerGol();}, false);\r\n\tdocument.getElementById('guardarAnotaPrimero').addEventListener('click', function(){guardarAnotaPrimero();}, false);\r\n<\/script><\/div><div class=\"kc-elm kc-css-880366 kc-raw-code\"><div id=\"id\" style=\"display:none !important; height: 0px !important; visibility: hidden !important;\">5<\/div><\/div><div class=\"kc-elm kc-css-836733\" style=\"height: 30px; clear: both; width:100%;\"><\/div><div class=\"kc-elm kc-css-847020 kc_text_block\"><\/p>\n<p style=\"text-align: center;\"><a class=\"next-game\" href=\"https:\/\/recreacionyturismo.coomeva.com.co\/copa-america\/primera-jornada\/uruguay-vs-panama\/\">Siguiente partido\u00a0<i class=\"fas fa-arrow-right\"><\/i><\/a><\/p>\n<p>\n<\/div><\/div><\/div><\/div><\/div><\/section><section class=\"kc-elm kc-css-639502 kc_row\"><div class=\"kc-row-container  kc-container\"><div class=\"kc-wrap-columns\"><\/div><\/div><\/section><\/p>\n","protected":false},"excerpt":{"rendered":"<p> [&#8230;]<\/p>\n<p><a class=\"btn btn-secondary understrap-read-more-link\" href=\"https:\/\/recreacionyturismo.coomeva.com.co\/copa-america\/primera-jornada\/estados-unidos-vs-bolivia\/\">Leer m\u00e1s&#8230;<\/a><\/p>\n","protected":false},"author":1,"featured_media":0,"parent":2556,"menu_order":0,"comment_status":"closed","ping_status":"closed","template":"page-templates\/right-sidebarpageCustom.php","meta":{"footnotes":""},"yoast_head":"<!-- This site is optimized with the Yoast SEO plugin v23.0 - https:\/\/yoast.com\/wordpress\/plugins\/seo\/ -->\n<title>Estados Unidos vs Bolivia - Copa Am\u00e9rica 2024<\/title>\n<meta name=\"robots\" content=\"index, follow, max-snippet:-1, max-image-preview:large, max-video-preview:-1\" \/>\n<link rel=\"canonical\" href=\"https:\/\/recreacionyturismo.coomeva.com.co\/copa-america\/primera-jornada\/estados-unidos-vs-bolivia\/\" \/>\n<meta property=\"og:locale\" content=\"es_ES\" \/>\n<meta property=\"og:type\" content=\"article\" \/>\n<meta property=\"og:title\" content=\"Estados Unidos vs Bolivia - Copa Am\u00e9rica 2024\" \/>\n<meta property=\"og:description\" content=\"Inicio Mis puntos Tabla de posiciones Partidos Primera jornada Argentina vs Canad\u00e1 Per\u00fa vs Chile Ecuador vs Venezuela M\u00e9xico vs Jamaica Estados Uni\" \/>\n<meta property=\"og:url\" content=\"https:\/\/recreacionyturismo.coomeva.com.co\/copa-america\/primera-jornada\/estados-unidos-vs-bolivia\/\" \/>\n<meta property=\"og:site_name\" content=\"Copa Am\u00e9rica 2024\" \/>\n<meta property=\"article:modified_time\" content=\"2024-06-19T15:31:06+00:00\" \/>\n<meta property=\"og:image\" content=\"https:\/\/recreacionyturismo.coomeva.com.co\/copa-america\/wp-content\/uploads\/2020\/10\/logoCoomevaRyT-200x100xc.png\" \/>\n<meta name=\"twitter:card\" content=\"summary_large_image\" \/>\n<meta name=\"twitter:label1\" content=\"Tiempo de lectura\" \/>\n\t<meta name=\"twitter:data1\" content=\"2 minutos\" \/>\n<script type=\"application\/ld+json\" class=\"yoast-schema-graph\">{\"@context\":\"https:\/\/schema.org\",\"@graph\":[{\"@type\":\"WebPage\",\"@id\":\"https:\/\/recreacionyturismo.coomeva.com.co\/copa-america\/primera-jornada\/estados-unidos-vs-bolivia\/\",\"url\":\"https:\/\/recreacionyturismo.coomeva.com.co\/copa-america\/primera-jornada\/estados-unidos-vs-bolivia\/\",\"name\":\"Estados Unidos vs Bolivia - Copa Am\u00e9rica 2024\",\"isPartOf\":{\"@id\":\"https:\/\/recreacionyturismo.coomeva.com.co\/copa-america\/#website\"},\"primaryImageOfPage\":{\"@id\":\"https:\/\/recreacionyturismo.coomeva.com.co\/copa-america\/primera-jornada\/estados-unidos-vs-bolivia\/#primaryimage\"},\"image\":{\"@id\":\"https:\/\/recreacionyturismo.coomeva.com.co\/copa-america\/primera-jornada\/estados-unidos-vs-bolivia\/#primaryimage\"},\"thumbnailUrl\":\"https:\/\/recreacionyturismo.coomeva.com.co\/copa-america\/wp-content\/uploads\/2020\/10\/logoCoomevaRyT-200x100xc.png\",\"datePublished\":\"2024-06-17T22:04:06+00:00\",\"dateModified\":\"2024-06-19T15:31:06+00:00\",\"breadcrumb\":{\"@id\":\"https:\/\/recreacionyturismo.coomeva.com.co\/copa-america\/primera-jornada\/estados-unidos-vs-bolivia\/#breadcrumb\"},\"inLanguage\":\"es\",\"potentialAction\":[{\"@type\":\"ReadAction\",\"target\":[\"https:\/\/recreacionyturismo.coomeva.com.co\/copa-america\/primera-jornada\/estados-unidos-vs-bolivia\/\"]}]},{\"@type\":\"ImageObject\",\"inLanguage\":\"es\",\"@id\":\"https:\/\/recreacionyturismo.coomeva.com.co\/copa-america\/primera-jornada\/estados-unidos-vs-bolivia\/#primaryimage\",\"url\":\"https:\/\/recreacionyturismo.coomeva.com.co\/copa-america\/wp-content\/uploads\/2020\/10\/logoCoomevaRyT-200x100xc.png\",\"contentUrl\":\"https:\/\/recreacionyturismo.coomeva.com.co\/copa-america\/wp-content\/uploads\/2020\/10\/logoCoomevaRyT-200x100xc.png\"},{\"@type\":\"BreadcrumbList\",\"@id\":\"https:\/\/recreacionyturismo.coomeva.com.co\/copa-america\/primera-jornada\/estados-unidos-vs-bolivia\/#breadcrumb\",\"itemListElement\":[{\"@type\":\"ListItem\",\"position\":1,\"name\":\"Portada\",\"item\":\"https:\/\/recreacionyturismo.coomeva.com.co\/copa-america\/\"},{\"@type\":\"ListItem\",\"position\":2,\"name\":\"Primera Jornada\",\"item\":\"https:\/\/recreacionyturismo.coomeva.com.co\/copa-america\/primera-jornada\/\"},{\"@type\":\"ListItem\",\"position\":3,\"name\":\"Estados Unidos vs Bolivia\"}]},{\"@type\":\"WebSite\",\"@id\":\"https:\/\/recreacionyturismo.coomeva.com.co\/copa-america\/#website\",\"url\":\"https:\/\/recreacionyturismo.coomeva.com.co\/copa-america\/\",\"name\":\"Copa Am\u00e9rica 2024\",\"description\":\"Coomeva Recreaci\u00f3n y Turismo\",\"publisher\":{\"@id\":\"https:\/\/recreacionyturismo.coomeva.com.co\/copa-america\/#organization\"},\"potentialAction\":[{\"@type\":\"SearchAction\",\"target\":{\"@type\":\"EntryPoint\",\"urlTemplate\":\"https:\/\/recreacionyturismo.coomeva.com.co\/copa-america\/?s={search_term_string}\"},\"query-input\":\"required name=search_term_string\"}],\"inLanguage\":\"es\"},{\"@type\":\"Organization\",\"@id\":\"https:\/\/recreacionyturismo.coomeva.com.co\/copa-america\/#organization\",\"name\":\"Copa Am\u00e9rica 2024\",\"url\":\"https:\/\/recreacionyturismo.coomeva.com.co\/copa-america\/\",\"logo\":{\"@type\":\"ImageObject\",\"inLanguage\":\"es\",\"@id\":\"https:\/\/recreacionyturismo.coomeva.com.co\/copa-america\/#\/schema\/logo\/image\/\",\"url\":\"https:\/\/recreacionyturismo.coomeva.com.co\/copa-america\/wp-content\/uploads\/2024\/06\/favicon-128.png\",\"contentUrl\":\"https:\/\/recreacionyturismo.coomeva.com.co\/copa-america\/wp-content\/uploads\/2024\/06\/favicon-128.png\",\"width\":128,\"height\":128,\"caption\":\"Copa Am\u00e9rica 2024\"},\"image\":{\"@id\":\"https:\/\/recreacionyturismo.coomeva.com.co\/copa-america\/#\/schema\/logo\/image\/\"}}]}<\/script>\n<!-- \/ Yoast SEO plugin. -->","yoast_head_json":{"title":"Estados Unidos vs Bolivia - Copa Am\u00e9rica 2024","robots":{"index":"index","follow":"follow","max-snippet":"max-snippet:-1","max-image-preview":"max-image-preview:large","max-video-preview":"max-video-preview:-1"},"canonical":"https:\/\/recreacionyturismo.coomeva.com.co\/copa-america\/primera-jornada\/estados-unidos-vs-bolivia\/","og_locale":"es_ES","og_type":"article","og_title":"Estados Unidos vs Bolivia - Copa Am\u00e9rica 2024","og_description":"Inicio Mis puntos Tabla de posiciones Partidos Primera jornada Argentina vs Canad\u00e1 Per\u00fa vs Chile Ecuador vs Venezuela M\u00e9xico vs Jamaica Estados Uni","og_url":"https:\/\/recreacionyturismo.coomeva.com.co\/copa-america\/primera-jornada\/estados-unidos-vs-bolivia\/","og_site_name":"Copa Am\u00e9rica 2024","article_modified_time":"2024-06-19T15:31:06+00:00","og_image":[{"url":"https:\/\/recreacionyturismo.coomeva.com.co\/copa-america\/wp-content\/uploads\/2020\/10\/logoCoomevaRyT-200x100xc.png"}],"twitter_card":"summary_large_image","twitter_misc":{"Tiempo de lectura":"2 minutos"},"schema":{"@context":"https:\/\/schema.org","@graph":[{"@type":"WebPage","@id":"https:\/\/recreacionyturismo.coomeva.com.co\/copa-america\/primera-jornada\/estados-unidos-vs-bolivia\/","url":"https:\/\/recreacionyturismo.coomeva.com.co\/copa-america\/primera-jornada\/estados-unidos-vs-bolivia\/","name":"Estados Unidos vs Bolivia - Copa Am\u00e9rica 2024","isPartOf":{"@id":"https:\/\/recreacionyturismo.coomeva.com.co\/copa-america\/#website"},"primaryImageOfPage":{"@id":"https:\/\/recreacionyturismo.coomeva.com.co\/copa-america\/primera-jornada\/estados-unidos-vs-bolivia\/#primaryimage"},"image":{"@id":"https:\/\/recreacionyturismo.coomeva.com.co\/copa-america\/primera-jornada\/estados-unidos-vs-bolivia\/#primaryimage"},"thumbnailUrl":"https:\/\/recreacionyturismo.coomeva.com.co\/copa-america\/wp-content\/uploads\/2020\/10\/logoCoomevaRyT-200x100xc.png","datePublished":"2024-06-17T22:04:06+00:00","dateModified":"2024-06-19T15:31:06+00:00","breadcrumb":{"@id":"https:\/\/recreacionyturismo.coomeva.com.co\/copa-america\/primera-jornada\/estados-unidos-vs-bolivia\/#breadcrumb"},"inLanguage":"es","potentialAction":[{"@type":"ReadAction","target":["https:\/\/recreacionyturismo.coomeva.com.co\/copa-america\/primera-jornada\/estados-unidos-vs-bolivia\/"]}]},{"@type":"ImageObject","inLanguage":"es","@id":"https:\/\/recreacionyturismo.coomeva.com.co\/copa-america\/primera-jornada\/estados-unidos-vs-bolivia\/#primaryimage","url":"https:\/\/recreacionyturismo.coomeva.com.co\/copa-america\/wp-content\/uploads\/2020\/10\/logoCoomevaRyT-200x100xc.png","contentUrl":"https:\/\/recreacionyturismo.coomeva.com.co\/copa-america\/wp-content\/uploads\/2020\/10\/logoCoomevaRyT-200x100xc.png"},{"@type":"BreadcrumbList","@id":"https:\/\/recreacionyturismo.coomeva.com.co\/copa-america\/primera-jornada\/estados-unidos-vs-bolivia\/#breadcrumb","itemListElement":[{"@type":"ListItem","position":1,"name":"Portada","item":"https:\/\/recreacionyturismo.coomeva.com.co\/copa-america\/"},{"@type":"ListItem","position":2,"name":"Primera Jornada","item":"https:\/\/recreacionyturismo.coomeva.com.co\/copa-america\/primera-jornada\/"},{"@type":"ListItem","position":3,"name":"Estados Unidos vs Bolivia"}]},{"@type":"WebSite","@id":"https:\/\/recreacionyturismo.coomeva.com.co\/copa-america\/#website","url":"https:\/\/recreacionyturismo.coomeva.com.co\/copa-america\/","name":"Copa Am\u00e9rica 2024","description":"Coomeva Recreaci\u00f3n y Turismo","publisher":{"@id":"https:\/\/recreacionyturismo.coomeva.com.co\/copa-america\/#organization"},"potentialAction":[{"@type":"SearchAction","target":{"@type":"EntryPoint","urlTemplate":"https:\/\/recreacionyturismo.coomeva.com.co\/copa-america\/?s={search_term_string}"},"query-input":"required name=search_term_string"}],"inLanguage":"es"},{"@type":"Organization","@id":"https:\/\/recreacionyturismo.coomeva.com.co\/copa-america\/#organization","name":"Copa Am\u00e9rica 2024","url":"https:\/\/recreacionyturismo.coomeva.com.co\/copa-america\/","logo":{"@type":"ImageObject","inLanguage":"es","@id":"https:\/\/recreacionyturismo.coomeva.com.co\/copa-america\/#\/schema\/logo\/image\/","url":"https:\/\/recreacionyturismo.coomeva.com.co\/copa-america\/wp-content\/uploads\/2024\/06\/favicon-128.png","contentUrl":"https:\/\/recreacionyturismo.coomeva.com.co\/copa-america\/wp-content\/uploads\/2024\/06\/favicon-128.png","width":128,"height":128,"caption":"Copa Am\u00e9rica 2024"},"image":{"@id":"https:\/\/recreacionyturismo.coomeva.com.co\/copa-america\/#\/schema\/logo\/image\/"}}]}},"_links":{"self":[{"href":"https:\/\/recreacionyturismo.coomeva.com.co\/copa-america\/wp-json\/wp\/v2\/pages\/2480"}],"collection":[{"href":"https:\/\/recreacionyturismo.coomeva.com.co\/copa-america\/wp-json\/wp\/v2\/pages"}],"about":[{"href":"https:\/\/recreacionyturismo.coomeva.com.co\/copa-america\/wp-json\/wp\/v2\/types\/page"}],"author":[{"embeddable":true,"href":"https:\/\/recreacionyturismo.coomeva.com.co\/copa-america\/wp-json\/wp\/v2\/users\/1"}],"replies":[{"embeddable":true,"href":"https:\/\/recreacionyturismo.coomeva.com.co\/copa-america\/wp-json\/wp\/v2\/comments?post=2480"}],"version-history":[{"count":8,"href":"https:\/\/recreacionyturismo.coomeva.com.co\/copa-america\/wp-json\/wp\/v2\/pages\/2480\/revisions"}],"predecessor-version":[{"id":2820,"href":"https:\/\/recreacionyturismo.coomeva.com.co\/copa-america\/wp-json\/wp\/v2\/pages\/2480\/revisions\/2820"}],"up":[{"embeddable":true,"href":"https:\/\/recreacionyturismo.coomeva.com.co\/copa-america\/wp-json\/wp\/v2\/pages\/2556"}],"wp:attachment":[{"href":"https:\/\/recreacionyturismo.coomeva.com.co\/copa-america\/wp-json\/wp\/v2\/media?parent=2480"}],"curies":[{"name":"wp","href":"https:\/\/api.w.org\/{rel}","templated":true}]}}