{"id":1451,"date":"2020-11-08T18:44:02","date_gmt":"2020-11-08T23:44:02","guid":{"rendered":"https:\/\/buscarte.coomeva.com.co\/?page_id=1451"},"modified":"2024-06-25T15:09:12","modified_gmt":"2024-06-25T20:09:12","slug":"mis-puntos","status":"publish","type":"page","link":"https:\/\/recreacionyturismo.coomeva.com.co\/copa-america\/mis-puntos\/","title":{"rendered":"Mis puntos"},"content":{"rendered":"<p><section class=\"kc-elm kc-css-291945 kc_row\"><div class=\"kc-row-container  kc-container\"><div class=\"kc-wrap-columns\"><\/div><\/div><\/section><section class=\"kc-elm kc-css-777561 kc_row\"><div class=\"kc-row-container\"><div class=\"kc-wrap-columns\"><div class=\"kc-elm kc-css-42078 kc_col-sm-12 kc_column kc_col-sm-12\"><div class=\"kc-col-container\"><div class=\"kc-elm kc-css-754515\" style=\"height: 40px; clear: both; width:100%;\"><\/div><div class=\"kc-elm kc-css-273986 kc_text_block\"><\/p>\n<h2>Mis puntos<\/h2>\n<p>\n<\/div><div class=\"kc-elm kc-css-408851 kc_text_block\"><\/p>\n<p>\nEncuentra el detalle y el total de tus puntos asignados de acuerdo a los resultados de los partidos en los que has participado.<\/p>\n<p>\n<\/div><div class=\"kc-elm kc-css-551604\" style=\"height: 40px; clear: both; width:100%;\"><\/div><div class=\"kc-elm kc-css-630027 kc-raw-code\">    <link rel=\"stylesheet\" type=\"text\/css\" href=\"https:\/\/cdn.datatables.net\/v\/bs4\/dt-1.10.22\/datatables.min.css\"\/>\r\n\r\n    <script type=\"text\/javascript\" src=\"https:\/\/cdn.datatables.net\/v\/bs4\/dt-1.10.22\/datatables.min.js\"><\/script><\/div><div class=\"kc-elm kc-css-558101 kc-raw-code\"><div class=\"fluid-container p-3\">\r\n    <div class=\"row\">\r\n        <div class=\"col\">\r\n            <div id=\"misMarcadores\"><\/div>\r\n        <\/div>\r\n    <\/div>\r\n<\/div>\r\n<!-- <div class=\"fluid-container p-3\">\r\n    <div class=\"row\">\r\n        <div class=\"col\">\r\n            <div id=\"puntosTotal\"><\/div>\r\n        <\/div>\r\n    <\/div>\r\n<\/div> -->\r\n<div class=\"fluid-container p-3\">\r\n    <div class=\"row\">\r\n        <div class=\"col\">\r\n            <div id=\"puntosTodos\"><\/div>\r\n        <\/div>\r\n    <\/div>\r\n<\/div><\/div><div class=\"kc-elm kc-css-117388 kc-raw-code\"><script>\r\n    document.addEventListener('DOMContentLoaded', function () { consultaMisMarcadores(); }, false);\r\n    \/*document.addEventListener('DOMContentLoaded', function () { consultaMisPuntos(); }, false);*\/\r\n    document.addEventListener('DOMContentLoaded', function () { consultaMisPuntosTodos(); }, false);\r\n\r\n    function consultaMisMarcadores()\r\n    {\r\n        $.post('\/copa-america\/asociado\/consultaMisPuntos2020.php', {\r\n            functionname: 'consultaMisMarcadores'\r\n        }, function (result) {\r\n            console.log('result', result);\r\n            var marcadores = JSON.parse(result);\r\n            console.log('marcadores', marcadores);\r\n            if (marcadores == 99) {\r\n                var output =\r\n                    '<hr>' +\r\n                    '<div class=\"mb-5\"><\/div>' +\r\n                    '<h3 class=\"text-center\">Para poder ver tus puntos primero debes iniciar sesi\u00f3n.<\/h3>' +\r\n                    '<br>' +\r\n                    '<div class=\"text-center\">' +\r\n                    '<a href=\"\/copa-america\/acceso\" class=\"btn btn-primary btn-lg btn-block active\" role=\"button\" aria-pressed=\"true\" style=\"background-color: #1e73be; border-color: #1e73be;\">Iniciar sesi\u00f3n<\/a>' +\r\n                    '<br>' +\r\n                    'No estoy registrado, <a href=\"\/copa-america\/registro\" style=\"color: #1e73be;\">quiero participar<\/a>' +\r\n                    '<\/div>' +\r\n                    '<br>' +\r\n                    '<div class=\"mb-5\"><\/div>';\r\n            } else {\r\n\r\n                var output = '';\r\n                var output =\r\n                    '<h2>Total de puntos: <strong>' + marcadores.puntosTotal + '<\/strong><\/h2>' +\r\n                    '<br>' +\r\n                    '<hr>' +\r\n                    '<br>' +\r\n                    '<h3>Mis marcadores<\/h3>' +\r\n                    '<table id=\"tablaMarcadores\" class=\"table table-striped table-hover text-center display mb-5\" style=\"width:100%\">' +\r\n                    '<thead><tr>' +\r\n                    '<th>Partido<\/th>' +\r\n                    '<th>Mi Marcador<\/th>' +\r\n                    '<th>Anota Primero<\/th>' +\r\n                    '<th>Goleador<\/th>' +\r\n                    '<th>Puntos<\/th>' +\r\n                    '<\/thead><\/tr><tbody>';\r\n                var totalPuntos = 0;\r\n\r\n                marcadores.resultados.forEach(marcador => {\r\n                    output += `<tr>\r\n                    <td>${marcador.encuentro}<\/td>\r\n                    <td class=\"${marcador.resultado_real == null ? '' : (marcador.mi_resultado == marcador.resultado_real ? 'text-success' : 'text-danger')}\">${marcador.mi_resultado == null ? '-' : marcador.mi_resultado}<\/td>\r\n                    <td class=\"${marcador.equipo_anota_primero_real == null ? '' : (marcador.equipo_anota_primero == marcador.equipo_anota_primero_real ? 'text-success' : 'text-danger')}\">${marcador.equipo_anota_primero == null ? '-' : marcador.equipo_anota_primero}<\/td>\r\n                    <td class=\"${marcador.jugador_anota_primero_real == null ? '' : (marcador.jugador_anota_primero == marcador.jugador_anota_primero_real ? 'text-success' : 'text-danger')}\">${marcador.jugador_anota_primero == null ? '-' : marcador.jugador_anota_primero}<\/td>\r\n                    <td>${marcador.resultado_real == null ? 'Pendiente' : marcador.puntosPartido}<\/td>\r\n                    <\/tr>`;\r\n\r\n                    totalPuntos += marcador.puntosPartido;\r\n                });\r\n\r\n                output += `<tr>\r\n                <th colspan=\"4\" style=\"text-align:center;\">Total puntos: ${marcadores.puntosTotal}<\/th>\r\n                <th><\/th>\r\n                <\/tr>\r\n                <\/tbody>\r\n                <\/table>\r\n                <hr>`;\r\n            }\r\n            \r\n            document.getElementById('misMarcadores').innerHTML = output;\r\n        });\r\n    }\r\n\r\n    function consultaMisPuntos() {\r\n        $.post('\/copa-america\/asociado\/consultaMisPuntos2020.php', {\r\n            functionname: 'consultaMisPuntos'\r\n        }, function (result) {\r\n            var users = JSON.parse(result);\r\n            if (users != 99) {\r\n                var output =\r\n                    '<h3>Puntos por partido<\/h3>' +\r\n                    '<table id=\"tablaTotales\" class=\"table table-striped table-hover text-center display mb-5\" style=\"width:100%\">' +\r\n                    '<thead><tr>' +\r\n                    '<th>Partido<\/th>' +\r\n                    '<th>Puntos<\/th>' +\r\n                    '<\/thead><\/tr><tbody>';\r\n                var totalPuntos = 0;\r\n\r\n                users.puntos.forEach(resultado => {\r\n                    output += `<tr>\r\n                    <td>${resultado.partido}<\/td>\r\n                    <td>${resultado.puntosPartido}<\/td>\r\n                    <\/tr>`;\r\n\r\n                    totalPuntos += resultado.puntosPartido;\r\n                });\r\n\r\n                output += `<tr>\r\n                <th>Total puntos: ${users.puntosTotal}<\/th>\r\n                <th><\/th>\r\n                <\/tr>\r\n                <\/tbody>\r\n                <\/table>\r\n                <hr>`;\r\n            }\r\n\r\n            document.getElementById('puntosTotal').innerHTML = output;\r\n        });\r\n    };\r\n\r\n\r\n    function consultaMisPuntosTodos() {\r\n        $.post('\/copa-america\/asociado\/consultaMisPuntos2020.php', {\r\n            functionname: 'consultaMisPuntosTodos'\r\n        }, function (result) {\r\n            var users = JSON.parse(result);\r\n            if (users != 99) {\r\n                var output =\r\n                    '<h3>Detalle de mis puntos por partido<\/h3>' +\r\n                    '<table id=\"tablaTotalesTodos\" class=\"table table-striped table-hover text-center display mb-5 table-sm\" style=\"width:100%\">' +\r\n                    '<thead><tr>' +\r\n                    '<th>Partido<\/th>' +\r\n                    '<th>Puntos marcador<\/th>' +\r\n                    '<th>Puntos primer gol<\/th>' +\r\n                    '<th>Puntos anota primero<\/th>' +\r\n                    '<th>Total puntos<\/th>' +\r\n                    '<\/thead><\/tr><tbody>';\r\n                cont = 1;\r\n                for (var i in users) {\r\n                    output +=\r\n                        '<tr>' +\r\n                        '<td>' + users[i].equipo1 + ' vs. ' + users[i].equipo2 + '<\/td>' +\r\n                        '<td>' + users[i].puntosMarcador + '<\/td>' +\r\n                        '<td>' + users[i].puntosPrimerGol + '<\/td>' +\r\n                        '<td>' + users[i].puntosAnotaPrimero + '<\/td>' +\r\n                        '<th>' + users[i].puntosTotal + '<\/th>';\r\n                    cont++;\r\n                };\r\n                \r\n                output += '<\/tbody><\/table><hr>';\r\n                document.getElementById('puntosTodos').innerHTML = output;\r\n            };\r\n        });\r\n    };\r\n<\/script><\/div><\/div><\/div><\/div><\/div><\/section><section class=\"kc-elm kc-css-266415 kc_row\"><div class=\"kc-row-container  kc-container\"><div class=\"kc-wrap-columns\"><\/div><\/div><\/section><\/p>\n","protected":false},"excerpt":{"rendered":"<p> [&#8230;]<\/p>\n<p><a class=\"btn btn-secondary understrap-read-more-link\" href=\"https:\/\/recreacionyturismo.coomeva.com.co\/copa-america\/mis-puntos\/\">Leer m\u00e1s&#8230;<\/a><\/p>\n","protected":false},"author":1,"featured_media":0,"parent":0,"menu_order":0,"comment_status":"closed","ping_status":"closed","template":"page-templates\/right-sidebarpageCustom.php","meta":{"footnotes":""},"yoast_head":"<!-- This site is optimized with the Yoast SEO plugin v23.0 - https:\/\/yoast.com\/wordpress\/plugins\/seo\/ -->\n<title>Mis puntos - Copa Am\u00e9rica 2024<\/title>\n<meta name=\"robots\" content=\"index, follow, max-snippet:-1, max-image-preview:large, max-video-preview:-1\" \/>\n<link rel=\"canonical\" href=\"https:\/\/recreacionyturismo.coomeva.com.co\/copa-america\/mis-puntos\/\" \/>\n<meta property=\"og:locale\" content=\"es_ES\" \/>\n<meta property=\"og:type\" content=\"article\" \/>\n<meta property=\"og:title\" content=\"Mis puntos - Copa Am\u00e9rica 2024\" \/>\n<meta property=\"og:description\" content=\"Inicio Mis puntos Tabla de posiciones Partidos Primera jornada Argentina vs Canad\u00e1 Per\u00fa vs Chile Ecuador vs Venezuela M\u00e9xico vs Jamaica Estados Uni\" \/>\n<meta property=\"og:url\" content=\"https:\/\/recreacionyturismo.coomeva.com.co\/copa-america\/mis-puntos\/\" \/>\n<meta property=\"og:site_name\" content=\"Copa Am\u00e9rica 2024\" \/>\n<meta property=\"article:modified_time\" content=\"2024-06-25T20:09:12+00:00\" \/>\n<meta property=\"og:image\" content=\"https:\/\/recreacionyturismo.coomeva.com.co\/copa-america\/wp-content\/uploads\/2020\/11\/logoCoomeva-200x100xc.png\" \/>\n<meta name=\"twitter:card\" content=\"summary_large_image\" \/>\n<meta name=\"twitter:label1\" content=\"Tiempo de lectura\" \/>\n\t<meta name=\"twitter:data1\" content=\"1 minuto\" \/>\n<script type=\"application\/ld+json\" class=\"yoast-schema-graph\">{\"@context\":\"https:\/\/schema.org\",\"@graph\":[{\"@type\":\"WebPage\",\"@id\":\"https:\/\/recreacionyturismo.coomeva.com.co\/copa-america\/mis-puntos\/\",\"url\":\"https:\/\/recreacionyturismo.coomeva.com.co\/copa-america\/mis-puntos\/\",\"name\":\"Mis puntos - Copa Am\u00e9rica 2024\",\"isPartOf\":{\"@id\":\"https:\/\/recreacionyturismo.coomeva.com.co\/copa-america\/#website\"},\"primaryImageOfPage\":{\"@id\":\"https:\/\/recreacionyturismo.coomeva.com.co\/copa-america\/mis-puntos\/#primaryimage\"},\"image\":{\"@id\":\"https:\/\/recreacionyturismo.coomeva.com.co\/copa-america\/mis-puntos\/#primaryimage\"},\"thumbnailUrl\":\"https:\/\/recreacionyturismo.coomeva.com.co\/copa-america\/wp-content\/uploads\/2020\/11\/logoCoomeva-200x100xc.png\",\"datePublished\":\"2020-11-08T23:44:02+00:00\",\"dateModified\":\"2024-06-25T20:09:12+00:00\",\"breadcrumb\":{\"@id\":\"https:\/\/recreacionyturismo.coomeva.com.co\/copa-america\/mis-puntos\/#breadcrumb\"},\"inLanguage\":\"es\",\"potentialAction\":[{\"@type\":\"ReadAction\",\"target\":[\"https:\/\/recreacionyturismo.coomeva.com.co\/copa-america\/mis-puntos\/\"]}]},{\"@type\":\"ImageObject\",\"inLanguage\":\"es\",\"@id\":\"https:\/\/recreacionyturismo.coomeva.com.co\/copa-america\/mis-puntos\/#primaryimage\",\"url\":\"https:\/\/recreacionyturismo.coomeva.com.co\/copa-america\/wp-content\/uploads\/2020\/11\/logoCoomeva-200x100xc.png\",\"contentUrl\":\"https:\/\/recreacionyturismo.coomeva.com.co\/copa-america\/wp-content\/uploads\/2020\/11\/logoCoomeva-200x100xc.png\"},{\"@type\":\"BreadcrumbList\",\"@id\":\"https:\/\/recreacionyturismo.coomeva.com.co\/copa-america\/mis-puntos\/#breadcrumb\",\"itemListElement\":[{\"@type\":\"ListItem\",\"position\":1,\"name\":\"Portada\",\"item\":\"https:\/\/recreacionyturismo.coomeva.com.co\/copa-america\/\"},{\"@type\":\"ListItem\",\"position\":2,\"name\":\"Mis puntos\"}]},{\"@type\":\"WebSite\",\"@id\":\"https:\/\/recreacionyturismo.coomeva.com.co\/copa-america\/#website\",\"url\":\"https:\/\/recreacionyturismo.coomeva.com.co\/copa-america\/\",\"name\":\"Copa Am\u00e9rica 2024\",\"description\":\"Coomeva Recreaci\u00f3n y Turismo\",\"publisher\":{\"@id\":\"https:\/\/recreacionyturismo.coomeva.com.co\/copa-america\/#organization\"},\"potentialAction\":[{\"@type\":\"SearchAction\",\"target\":{\"@type\":\"EntryPoint\",\"urlTemplate\":\"https:\/\/recreacionyturismo.coomeva.com.co\/copa-america\/?s={search_term_string}\"},\"query-input\":\"required name=search_term_string\"}],\"inLanguage\":\"es\"},{\"@type\":\"Organization\",\"@id\":\"https:\/\/recreacionyturismo.coomeva.com.co\/copa-america\/#organization\",\"name\":\"Copa Am\u00e9rica 2024\",\"url\":\"https:\/\/recreacionyturismo.coomeva.com.co\/copa-america\/\",\"logo\":{\"@type\":\"ImageObject\",\"inLanguage\":\"es\",\"@id\":\"https:\/\/recreacionyturismo.coomeva.com.co\/copa-america\/#\/schema\/logo\/image\/\",\"url\":\"https:\/\/recreacionyturismo.coomeva.com.co\/copa-america\/wp-content\/uploads\/2024\/06\/favicon-128.png\",\"contentUrl\":\"https:\/\/recreacionyturismo.coomeva.com.co\/copa-america\/wp-content\/uploads\/2024\/06\/favicon-128.png\",\"width\":128,\"height\":128,\"caption\":\"Copa Am\u00e9rica 2024\"},\"image\":{\"@id\":\"https:\/\/recreacionyturismo.coomeva.com.co\/copa-america\/#\/schema\/logo\/image\/\"}}]}<\/script>\n<!-- \/ Yoast SEO plugin. -->","yoast_head_json":{"title":"Mis puntos - Copa Am\u00e9rica 2024","robots":{"index":"index","follow":"follow","max-snippet":"max-snippet:-1","max-image-preview":"max-image-preview:large","max-video-preview":"max-video-preview:-1"},"canonical":"https:\/\/recreacionyturismo.coomeva.com.co\/copa-america\/mis-puntos\/","og_locale":"es_ES","og_type":"article","og_title":"Mis puntos - Copa Am\u00e9rica 2024","og_description":"Inicio Mis puntos Tabla de posiciones Partidos Primera jornada Argentina vs Canad\u00e1 Per\u00fa vs Chile Ecuador vs Venezuela M\u00e9xico vs Jamaica Estados Uni","og_url":"https:\/\/recreacionyturismo.coomeva.com.co\/copa-america\/mis-puntos\/","og_site_name":"Copa Am\u00e9rica 2024","article_modified_time":"2024-06-25T20:09:12+00:00","og_image":[{"url":"https:\/\/recreacionyturismo.coomeva.com.co\/copa-america\/wp-content\/uploads\/2020\/11\/logoCoomeva-200x100xc.png"}],"twitter_card":"summary_large_image","twitter_misc":{"Tiempo de lectura":"1 minuto"},"schema":{"@context":"https:\/\/schema.org","@graph":[{"@type":"WebPage","@id":"https:\/\/recreacionyturismo.coomeva.com.co\/copa-america\/mis-puntos\/","url":"https:\/\/recreacionyturismo.coomeva.com.co\/copa-america\/mis-puntos\/","name":"Mis puntos - Copa Am\u00e9rica 2024","isPartOf":{"@id":"https:\/\/recreacionyturismo.coomeva.com.co\/copa-america\/#website"},"primaryImageOfPage":{"@id":"https:\/\/recreacionyturismo.coomeva.com.co\/copa-america\/mis-puntos\/#primaryimage"},"image":{"@id":"https:\/\/recreacionyturismo.coomeva.com.co\/copa-america\/mis-puntos\/#primaryimage"},"thumbnailUrl":"https:\/\/recreacionyturismo.coomeva.com.co\/copa-america\/wp-content\/uploads\/2020\/11\/logoCoomeva-200x100xc.png","datePublished":"2020-11-08T23:44:02+00:00","dateModified":"2024-06-25T20:09:12+00:00","breadcrumb":{"@id":"https:\/\/recreacionyturismo.coomeva.com.co\/copa-america\/mis-puntos\/#breadcrumb"},"inLanguage":"es","potentialAction":[{"@type":"ReadAction","target":["https:\/\/recreacionyturismo.coomeva.com.co\/copa-america\/mis-puntos\/"]}]},{"@type":"ImageObject","inLanguage":"es","@id":"https:\/\/recreacionyturismo.coomeva.com.co\/copa-america\/mis-puntos\/#primaryimage","url":"https:\/\/recreacionyturismo.coomeva.com.co\/copa-america\/wp-content\/uploads\/2020\/11\/logoCoomeva-200x100xc.png","contentUrl":"https:\/\/recreacionyturismo.coomeva.com.co\/copa-america\/wp-content\/uploads\/2020\/11\/logoCoomeva-200x100xc.png"},{"@type":"BreadcrumbList","@id":"https:\/\/recreacionyturismo.coomeva.com.co\/copa-america\/mis-puntos\/#breadcrumb","itemListElement":[{"@type":"ListItem","position":1,"name":"Portada","item":"https:\/\/recreacionyturismo.coomeva.com.co\/copa-america\/"},{"@type":"ListItem","position":2,"name":"Mis puntos"}]},{"@type":"WebSite","@id":"https:\/\/recreacionyturismo.coomeva.com.co\/copa-america\/#website","url":"https:\/\/recreacionyturismo.coomeva.com.co\/copa-america\/","name":"Copa Am\u00e9rica 2024","description":"Coomeva Recreaci\u00f3n y Turismo","publisher":{"@id":"https:\/\/recreacionyturismo.coomeva.com.co\/copa-america\/#organization"},"potentialAction":[{"@type":"SearchAction","target":{"@type":"EntryPoint","urlTemplate":"https:\/\/recreacionyturismo.coomeva.com.co\/copa-america\/?s={search_term_string}"},"query-input":"required name=search_term_string"}],"inLanguage":"es"},{"@type":"Organization","@id":"https:\/\/recreacionyturismo.coomeva.com.co\/copa-america\/#organization","name":"Copa Am\u00e9rica 2024","url":"https:\/\/recreacionyturismo.coomeva.com.co\/copa-america\/","logo":{"@type":"ImageObject","inLanguage":"es","@id":"https:\/\/recreacionyturismo.coomeva.com.co\/copa-america\/#\/schema\/logo\/image\/","url":"https:\/\/recreacionyturismo.coomeva.com.co\/copa-america\/wp-content\/uploads\/2024\/06\/favicon-128.png","contentUrl":"https:\/\/recreacionyturismo.coomeva.com.co\/copa-america\/wp-content\/uploads\/2024\/06\/favicon-128.png","width":128,"height":128,"caption":"Copa Am\u00e9rica 2024"},"image":{"@id":"https:\/\/recreacionyturismo.coomeva.com.co\/copa-america\/#\/schema\/logo\/image\/"}}]}},"_links":{"self":[{"href":"https:\/\/recreacionyturismo.coomeva.com.co\/copa-america\/wp-json\/wp\/v2\/pages\/1451"}],"collection":[{"href":"https:\/\/recreacionyturismo.coomeva.com.co\/copa-america\/wp-json\/wp\/v2\/pages"}],"about":[{"href":"https:\/\/recreacionyturismo.coomeva.com.co\/copa-america\/wp-json\/wp\/v2\/types\/page"}],"author":[{"embeddable":true,"href":"https:\/\/recreacionyturismo.coomeva.com.co\/copa-america\/wp-json\/wp\/v2\/users\/1"}],"replies":[{"embeddable":true,"href":"https:\/\/recreacionyturismo.coomeva.com.co\/copa-america\/wp-json\/wp\/v2\/comments?post=1451"}],"version-history":[{"count":71,"href":"https:\/\/recreacionyturismo.coomeva.com.co\/copa-america\/wp-json\/wp\/v2\/pages\/1451\/revisions"}],"predecessor-version":[{"id":3707,"href":"https:\/\/recreacionyturismo.coomeva.com.co\/copa-america\/wp-json\/wp\/v2\/pages\/1451\/revisions\/3707"}],"wp:attachment":[{"href":"https:\/\/recreacionyturismo.coomeva.com.co\/copa-america\/wp-json\/wp\/v2\/media?parent=1451"}],"curies":[{"name":"wp","href":"https:\/\/api.w.org\/{rel}","templated":true}]}}